{"id":3604,"date":"2025-07-29T10:06:56","date_gmt":"2025-07-29T10:06:56","guid":{"rendered":"https:\/\/innokids.eu\/?page_id=3604"},"modified":"2025-07-29T16:06:16","modified_gmt":"2025-07-29T16:06:16","slug":"workshops-events","status":"publish","type":"page","link":"https:\/\/innokids.eu\/sk\/workshops-events\/","title":{"rendered":"Workshopy Udalosti"},"content":{"rendered":"<div data-elementor-type=\"wp-page\" data-elementor-id=\"3604\" class=\"elementor elementor-3604\">\n\t\t\t\t<div class=\"has_eae_slider elementor-element elementor-element-73e262d e-flex e-con-boxed e-con e-parent\" data-eae-slider=\"37869\" data-id=\"73e262d\" data-element_type=\"container\" data-e-type=\"container\" data-settings=\"{&quot;background_background&quot;:&quot;classic&quot;}\">\n\t\t\t\t\t<div class=\"e-con-inner\">\n\t\t\t\t<div class=\"elementor-element elementor-element-8981c55 elementor-widget elementor-widget-heading\" data-id=\"8981c55\" data-element_type=\"widget\" data-e-type=\"widget\" data-widget_type=\"heading.default\">\n\t\t\t\t<div class=\"elementor-widget-container\">\n\t\t\t\t\t<h2 class=\"elementor-heading-title elementor-size-default\">Workshopy Udalosti<\/h2>\t\t\t\t<\/div>\n\t\t\t\t<\/div>\n\t\t\t\t\t<\/div>\n\t\t\t\t<\/div>\n\t\t<div class=\"has_eae_slider elementor-element elementor-element-24aa3ca e-flex e-con-boxed e-con e-parent\" data-eae-slider=\"39552\" data-id=\"24aa3ca\" data-element_type=\"container\" data-e-type=\"container\" data-settings=\"{&quot;background_background&quot;:&quot;classic&quot;}\">\n\t\t\t\t\t<div class=\"e-con-inner\">\n\t\t<div class=\"has_eae_slider elementor-element elementor-element-c7be7ee e-con-full e-flex e-con e-child\" data-eae-slider=\"67791\" data-id=\"c7be7ee\" data-element_type=\"container\" data-e-type=\"container\">\n\t\t<div class=\"has_eae_slider elementor-element elementor-element-bc09d18 e-con-full e-flex e-con e-child\" data-eae-slider=\"45374\" data-id=\"bc09d18\" data-element_type=\"container\" data-e-type=\"container\">\n\t\t\t\t<div class=\"elementor-element elementor-element-6361bd9 elementor-widget elementor-widget-heading\" data-id=\"6361bd9\" data-element_type=\"widget\" data-e-type=\"widget\" data-widget_type=\"heading.default\">\n\t\t\t\t<div class=\"elementor-widget-container\">\n\t\t\t\t\t<h2 class=\"elementor-heading-title elementor-size-default\">STROM \u017dIVOTA<\/h2>\t\t\t\t<\/div>\n\t\t\t\t<\/div>\n\t\t\t\t<div class=\"elementor-element elementor-element-5ec4ede elementor-widget elementor-widget-text-editor\" data-id=\"5ec4ede\" data-element_type=\"widget\" data-e-type=\"widget\" data-widget_type=\"text-editor.default\">\n\t\t\t\t<div class=\"elementor-widget-container\">\n\t\t\t\t\t\t\t\t\t<p>\u010coskoro bude aktualizovan\u00fd!<\/p>\t\t\t\t\t\t\t\t<\/div>\n\t\t\t\t<\/div>\n\t\t\t\t<\/div>\n\t\t<div class=\"has_eae_slider elementor-element elementor-element-76d41bb e-con-full e-flex e-con e-child\" data-eae-slider=\"29025\" data-id=\"76d41bb\" data-element_type=\"container\" data-e-type=\"container\">\n\t\t\t\t<\/div>\n\t\t\t\t<\/div>\n\t\t\t\t\t<\/div>\n\t\t\t\t<\/div>\n\t\t<div class=\"has_eae_slider elementor-element elementor-element-8639a73 e-flex e-con-boxed e-con e-parent\" data-eae-slider=\"89391\" data-id=\"8639a73\" data-element_type=\"container\" data-e-type=\"container\" data-settings=\"{&quot;background_background&quot;:&quot;classic&quot;}\">\n\t\t\t\t\t<div class=\"e-con-inner\">\n\t\t<div class=\"has_eae_slider elementor-element elementor-element-fc3c0b9 e-con-full e-flex e-con e-child\" data-eae-slider=\"11162\" data-id=\"fc3c0b9\" data-element_type=\"container\" data-e-type=\"container\">\n\t\t<div class=\"has_eae_slider elementor-element elementor-element-b60eff9 e-con-full e-flex e-con e-child\" data-eae-slider=\"29175\" data-id=\"b60eff9\" data-element_type=\"container\" data-e-type=\"container\">\n\t\t\t\t<div class=\"elementor-element elementor-element-908983b elementor-widget elementor-widget-heading\" data-id=\"908983b\" data-element_type=\"widget\" data-e-type=\"widget\" data-widget_type=\"heading.default\">\n\t\t\t\t<div class=\"elementor-widget-container\">\n\t\t\t\t\t<h2 class=\"elementor-heading-title elementor-size-default\">CASPAE<\/h2>\t\t\t\t<\/div>\n\t\t\t\t<\/div>\n\t\t\t\t<div class=\"elementor-element elementor-element-f4cf618 elementor-widget elementor-widget-text-editor\" data-id=\"f4cf618\" data-element_type=\"widget\" data-e-type=\"widget\" data-widget_type=\"text-editor.default\">\n\t\t\t\t<div class=\"elementor-widget-container\">\n\t\t\t\t\t\t\t\t\t<p class=\"translation-block\">Workshopy boli ve\u013emi \u00faspe\u0161n\u00e9 a zapojili deti do interakt\u00edvnych a vzdel\u00e1vac\u00edch aktiv\u00edt zameran\u00fdch na udr\u017eate\u013enos\u0165 miest. \u00da\u010dastn\u00edci mali mo\u017enos\u0165 vytvori\u0165 r\u00f4zne n\u00e1padit\u00e9 prostredia s pou\u017eit\u00edm recyklovan\u00fdch a ekologick\u00fdch materi\u00e1lov, \u010d\u00edm spojili kreativitu s u\u010den\u00edm. Tieto praktick\u00e9 stretnutia nielen podnietili ich z\u00e1ujem o environment\u00e1lne probl\u00e9my, ale polo\u017eili aj z\u00e1klady pre myslenie zalo\u017een\u00e9 na STEM pri rie\u0161en\u00ed re\u00e1lnych v\u00fdziev, ako je zmena kl\u00edmy. Deti preuk\u00e1zali rast\u00facu zvedavos\u0165 a pochopenie udr\u017eate\u013en\u00e9ho pl\u00e1novania miest, \u010do e\u0161te viac posilnila z\u00e1bavn\u00e1 atmosf\u00e9ra workshopov zameran\u00e1 na spolupr\u00e1cu.<\/p>\t\t\t\t\t\t\t\t<\/div>\n\t\t\t\t<\/div>\n\t\t\t\t<\/div>\n\t\t<div class=\"has_eae_slider elementor-element elementor-element-0b9008b e-con-full e-flex e-con e-child\" data-eae-slider=\"18188\" data-id=\"0b9008b\" data-element_type=\"container\" data-e-type=\"container\">\n\t\t\t\t<div class=\"elementor-element elementor-element-cdb0c86 elementor-arrows-position-inside elementor-pagination-position-outside elementor-widget elementor-widget-image-carousel\" data-id=\"cdb0c86\" data-element_type=\"widget\" data-e-type=\"widget\" data-settings=\"{&quot;slides_to_show&quot;:&quot;1&quot;,&quot;navigation&quot;:&quot;both&quot;,&quot;autoplay&quot;:&quot;yes&quot;,&quot;autoplay_speed&quot;:5000,&quot;infinite&quot;:&quot;yes&quot;,&quot;effect&quot;:&quot;slide&quot;,&quot;speed&quot;:500}\" data-widget_type=\"image-carousel.default\">\n\t\t\t\t<div class=\"elementor-widget-container\">\n\t\t\t\t\t\t\t<div class=\"elementor-image-carousel-wrapper swiper\" role=\"region\" aria-roledescription=\"carousel\" aria-label=\"Koloto\u010d obr\u00e1zkov\" dir=\"ltr\">\n\t\t\t<div class=\"elementor-image-carousel swiper-wrapper swiper-image-stretch\" aria-live=\"off\">\n\t\t\t\t\t\t\t\t<div class=\"swiper-slide\" role=\"group\" aria-roledescription=\"slide\" aria-label=\"1 de 1\" data-no-translation-aria-label=\"\"><a data-elementor-open-lightbox=\"yes\" data-elementor-lightbox-slideshow=\"cdb0c86\" data-e-action-hash=\"#elementor-action%3Aaction%3Dlightbox%26settings%3DeyJpZCI6MzYzMCwidXJsIjoiaHR0cHM6XC9cL2lubm9raWRzLmV1XC93cC1jb250ZW50XC91cGxvYWRzXC8yMDI1XC8wN1wvY2Fwc2UtcmV0aXJlbWVudC1ob21lMy0xLmpwZyIsInNsaWRlc2hvdyI6ImNkYjBjODYifQ%3D%3D\" href=\"https:\/\/innokids.eu\/wp-content\/uploads\/2025\/07\/capse-retirement-home3-1.jpg\"><figure class=\"swiper-slide-inner\"><img decoding=\"async\" class=\"swiper-slide-image\" src=\"https:\/\/innokids.eu\/wp-content\/uploads\/2025\/07\/capse-retirement-home3-1-1024x768.jpg\" alt=\"capse-retirement-home3\" \/><\/figure><\/a><\/div>\t\t\t<\/div>\n\t\t\t\t\t<\/div>\n\t\t\t\t\t\t<\/div>\n\t\t\t\t<\/div>\n\t\t\t\t<\/div>\n\t\t\t\t<\/div>\n\t\t\t\t\t<\/div>\n\t\t\t\t<\/div>\n\t\t<div class=\"has_eae_slider elementor-element elementor-element-5ab9458 e-flex e-con-boxed e-con e-parent\" data-eae-slider=\"80408\" data-id=\"5ab9458\" data-element_type=\"container\" data-e-type=\"container\" data-settings=\"{&quot;background_background&quot;:&quot;classic&quot;}\">\n\t\t\t\t\t<div class=\"e-con-inner\">\n\t\t<div class=\"has_eae_slider elementor-element elementor-element-3aebcd7 e-con-full e-flex e-con e-child\" data-eae-slider=\"97730\" data-id=\"3aebcd7\" data-element_type=\"container\" data-e-type=\"container\">\n\t\t<div class=\"has_eae_slider elementor-element elementor-element-78841c3 e-con-full e-flex e-con e-child\" data-eae-slider=\"96705\" data-id=\"78841c3\" data-element_type=\"container\" data-e-type=\"container\">\n\t\t\t\t<div class=\"elementor-element elementor-element-85f4718 elementor-widget elementor-widget-heading\" data-id=\"85f4718\" data-element_type=\"widget\" data-e-type=\"widget\" data-widget_type=\"heading.default\">\n\t\t\t\t<div class=\"elementor-widget-container\">\n\t\t\t\t\t<h2 class=\"elementor-heading-title elementor-size-default\">MVNGO<\/h2>\t\t\t\t<\/div>\n\t\t\t\t<\/div>\n\t\t\t\t<div class=\"elementor-element elementor-element-9df8f62 elementor-widget elementor-widget-text-editor\" data-id=\"9df8f62\" data-element_type=\"widget\" data-e-type=\"widget\" data-widget_type=\"text-editor.default\">\n\t\t\t\t<div class=\"elementor-widget-container\">\n\t\t\t\t\t\t\t\t\t<p>\u010coskoro bude aktualizovan\u00fd!<\/p>\t\t\t\t\t\t\t\t<\/div>\n\t\t\t\t<\/div>\n\t\t\t\t<\/div>\n\t\t<div class=\"has_eae_slider elementor-element elementor-element-23684f6 e-con-full e-flex e-con e-child\" data-eae-slider=\"34013\" data-id=\"23684f6\" data-element_type=\"container\" data-e-type=\"container\">\n\t\t\t\t<\/div>\n\t\t\t\t<\/div>\n\t\t\t\t\t<\/div>\n\t\t\t\t<\/div>\n\t\t<div class=\"has_eae_slider elementor-element elementor-element-b861c85 e-flex e-con-boxed e-con e-parent\" data-eae-slider=\"78983\" data-id=\"b861c85\" data-element_type=\"container\" data-e-type=\"container\" data-settings=\"{&quot;background_background&quot;:&quot;classic&quot;}\">\n\t\t\t\t\t<div class=\"e-con-inner\">\n\t\t<div class=\"has_eae_slider elementor-element elementor-element-6200001 e-con-full e-flex e-con e-child\" data-eae-slider=\"29677\" data-id=\"6200001\" data-element_type=\"container\" data-e-type=\"container\">\n\t\t<div class=\"has_eae_slider elementor-element elementor-element-e955446 e-con-full e-flex e-con e-child\" data-eae-slider=\"46818\" data-id=\"e955446\" data-element_type=\"container\" data-e-type=\"container\">\n\t\t\t\t<div class=\"elementor-element elementor-element-5b507fa elementor-widget elementor-widget-heading\" data-id=\"5b507fa\" data-element_type=\"widget\" data-e-type=\"widget\" data-widget_type=\"heading.default\">\n\t\t\t\t<div class=\"elementor-widget-container\">\n\t\t\t\t\t<h2 class=\"elementor-heading-title elementor-size-default\">ECO-LOGIC<\/h2>\t\t\t\t<\/div>\n\t\t\t\t<\/div>\n\t\t\t\t<div class=\"elementor-element elementor-element-90d1fe1 elementor-widget elementor-widget-text-editor\" data-id=\"90d1fe1\" data-element_type=\"widget\" data-e-type=\"widget\" data-widget_type=\"text-editor.default\">\n\t\t\t\t<div class=\"elementor-widget-container\">\n\t\t\t\t\t\t\t\t\t<p><span class=\"TextRun SCXW101158494 BCX0\" lang=\"EN-US\" xml:lang=\"EN-US\" data-contrast=\"auto\"><span class=\"NormalTextRun SCXW101158494 BCX0\"> \u0160tudenti sa obozn\u00e1mili so z\u00e1kladn\u00fdmi princ\u00edpmi udr\u017eate\u013en\u00e9ho rozvoja a sk\u00famali, ako sa tieto my\u0161lienky prel\u00ednaj\u00fa s r\u00f4znymi prvkami \u017eivota komunity. \u0160tudenti sa u\u010dili uplat\u0148ova\u0165 udr\u017eate\u013enos\u0165 r\u00f4znorod\u00fdmi a kreat\u00edvnymi sp\u00f4sobmi, \u010di u\u017e navrhovali kvetinov\u00e9 z\u00e1hony, v\u010delie z\u00e1hrady, futbalov\u00e9 ihrisk\u00e1 alebo pretvorili miestne po\u0161ty. Projekty kl\u00e1dli d\u00f4raz na t\u00edmov\u00fa pr\u00e1cu, rie\u0161enie probl\u00e9mov a inov\u00e1cie, \u010do \u0161tudentom umo\u017enilo koncipova\u0165 a kon\u0161truova\u0165 ekologicky uvedomel\u00e9 modely. Prostredn\u00edctvom tohto procesu si hlb\u0161ie v\u00e1\u017eili starostlivos\u0165 o \u017eivotn\u00e9 prostredie a z\u00edskali praktick\u00e9 poznatky o tom, ako m\u00f4\u017ee premyslen\u00e9 pl\u00e1novanie a navrhovanie prispie\u0165 k zdrav\u0161\u00edm a odolnej\u0161\u00edm komunit\u00e1m.<\/span><\/span><span class=\"EOP SCXW101158494 BCX0\" data-ccp-props=\"{&quot;134233117&quot;:false,&quot;134233118&quot;:false,&quot;335551550&quot;:1,&quot;335551620&quot;:1,&quot;335559738&quot;:240,&quot;335559739&quot;:240}\">\u00a0<\/span><\/p>\t\t\t\t\t\t\t\t<\/div>\n\t\t\t\t<\/div>\n\t\t\t\t<\/div>\n\t\t<div class=\"has_eae_slider elementor-element elementor-element-da6fa91 e-con-full e-flex e-con e-child\" data-eae-slider=\"18175\" data-id=\"da6fa91\" data-element_type=\"container\" data-e-type=\"container\">\n\t\t\t\t<div class=\"elementor-element elementor-element-25536ed elementor-arrows-position-inside elementor-pagination-position-outside elementor-widget elementor-widget-image-carousel\" data-id=\"25536ed\" data-element_type=\"widget\" data-e-type=\"widget\" data-settings=\"{&quot;slides_to_show&quot;:&quot;1&quot;,&quot;navigation&quot;:&quot;both&quot;,&quot;autoplay&quot;:&quot;yes&quot;,&quot;autoplay_speed&quot;:5000,&quot;infinite&quot;:&quot;yes&quot;,&quot;effect&quot;:&quot;slide&quot;,&quot;speed&quot;:500}\" data-widget_type=\"image-carousel.default\">\n\t\t\t\t<div class=\"elementor-widget-container\">\n\t\t\t\t\t\t\t<div class=\"elementor-image-carousel-wrapper swiper\" role=\"region\" aria-roledescription=\"carousel\" aria-label=\"Koloto\u010d obr\u00e1zkov\" dir=\"ltr\">\n\t\t\t<div class=\"elementor-image-carousel swiper-wrapper swiper-image-stretch\" aria-live=\"off\">\n\t\t\t\t\t\t\t\t<div class=\"swiper-slide\" role=\"group\" aria-roledescription=\"slide\" aria-label=\"1 de 1\" data-no-translation-aria-label=\"\"><a data-elementor-open-lightbox=\"yes\" data-elementor-lightbox-slideshow=\"25536ed\" data-e-action-hash=\"#elementor-action%3Aaction%3Dlightbox%26settings%3DeyJpZCI6MzYyOCwidXJsIjoiaHR0cHM6XC9cL2lubm9raWRzLmV1XC93cC1jb250ZW50XC91cGxvYWRzXC8yMDI1XC8wN1wvaW5ubzIuanBnIiwic2xpZGVzaG93IjoiMjU1MzZlZCJ9\" href=\"https:\/\/innokids.eu\/wp-content\/uploads\/2025\/07\/inno2.jpg\"><figure class=\"swiper-slide-inner\"><img decoding=\"async\" class=\"swiper-slide-image\" src=\"https:\/\/innokids.eu\/wp-content\/uploads\/2025\/07\/inno2-1024x768.jpg\" alt=\"inno2\" \/><\/figure><\/a><\/div>\t\t\t<\/div>\n\t\t\t\t\t<\/div>\n\t\t\t\t\t\t<\/div>\n\t\t\t\t<\/div>\n\t\t\t\t<\/div>\n\t\t\t\t<\/div>\n\t\t\t\t\t<\/div>\n\t\t\t\t<\/div>\n\t\t<div class=\"has_eae_slider elementor-element elementor-element-9cb472a e-flex e-con-boxed e-con e-parent\" data-eae-slider=\"3393\" data-id=\"9cb472a\" data-element_type=\"container\" data-e-type=\"container\" data-settings=\"{&quot;background_background&quot;:&quot;classic&quot;}\">\n\t\t\t\t\t<div class=\"e-con-inner\">\n\t\t<div class=\"has_eae_slider elementor-element elementor-element-c8df5e9 e-con-full e-flex e-con e-child\" data-eae-slider=\"68270\" data-id=\"c8df5e9\" data-element_type=\"container\" data-e-type=\"container\">\n\t\t<div class=\"has_eae_slider elementor-element elementor-element-feb1bf5 e-con-full e-flex e-con e-child\" data-eae-slider=\"55807\" data-id=\"feb1bf5\" data-element_type=\"container\" data-e-type=\"container\">\n\t\t\t\t<div class=\"elementor-element elementor-element-19f0945 elementor-widget elementor-widget-heading\" data-id=\"19f0945\" data-element_type=\"widget\" data-e-type=\"widget\" data-widget_type=\"heading.default\">\n\t\t\t\t<div class=\"elementor-widget-container\">\n\t\t\t\t\t<h2 class=\"elementor-heading-title elementor-size-default\">CFPC<\/h2>\t\t\t\t<\/div>\n\t\t\t\t<\/div>\n\t\t\t\t<div class=\"elementor-element elementor-element-9a59020 elementor-widget elementor-widget-text-editor\" data-id=\"9a59020\" data-element_type=\"widget\" data-e-type=\"widget\" data-widget_type=\"text-editor.default\">\n\t\t\t\t<div class=\"elementor-widget-container\">\n\t\t\t\t\t\t\t\t\t<p><span class=\"TextRun SCXW2600702 BCX0\" lang=\"EN-US\" xml:lang=\"EN-US\" data-contrast=\"auto\"><span class=\"NormalTextRun SCXW2600702 BCX0\"> Deti absolvovali s\u00e9riu dynamick\u00fdch aktiv\u00edt, ktor\u00e9 sa to\u010dili okolo be\u017en\u00fdch prostred\u00ed v komunite, ako s\u00fa akv\u00e1ri\u00e1, policajn\u00e9 stanice, banky, morsk\u00e9 steny, parky a \u010fal\u0161ie. Ka\u017ed\u00e1 aktivita bola navrhnut\u00e1 s cie\u013eom predstavi\u0165 koncepty udr\u017eate\u013en\u00e9ho mestsk\u00e9ho dizajnu sp\u00f4sobom, s ktor\u00fdm by sa deti pred\u0161kolsk\u00e9ho veku mohli \u013eahko stoto\u017eni\u0165. Zapojen\u00edm sa do zn\u00e1mych priestorov si \u017eiaci mohli spoji\u0165 udr\u017eate\u013enos\u0165 so svoj\u00edm ka\u017edodenn\u00fdm okol\u00edm. Tieto cvi\u010denia \u00fa\u010dinne zvy\u0161ovali povedomie o ekologickej infra\u0161trukt\u00fare a podporovali skor\u00e9 prem\u00fd\u0161\u013eanie o tom, ako m\u00f4\u017eu by\u0165 mest\u00e1 funk\u010dn\u00e9 a z\u00e1rove\u0148 ekologick\u00e9. Z\u00e1kladn\u00e9 my\u0161lienky, ako s\u00fa zelen\u00e9 plochy, obnovite\u013en\u00e9 materi\u00e1ly a energetick\u00e1 \u00fa\u010dinnos\u0165, boli bez probl\u00e9mov za\u010dlenen\u00e9 do u\u010denia.<\/span><\/span><\/p>\t\t\t\t\t\t\t\t<\/div>\n\t\t\t\t<\/div>\n\t\t\t\t<\/div>\n\t\t<div class=\"has_eae_slider elementor-element elementor-element-b69b935 e-con-full e-flex e-con e-child\" data-eae-slider=\"84187\" data-id=\"b69b935\" data-element_type=\"container\" data-e-type=\"container\">\n\t\t\t\t<div class=\"elementor-element elementor-element-bd9d372 elementor-arrows-position-inside elementor-pagination-position-outside elementor-widget elementor-widget-image-carousel\" data-id=\"bd9d372\" data-element_type=\"widget\" data-e-type=\"widget\" data-settings=\"{&quot;slides_to_show&quot;:&quot;1&quot;,&quot;navigation&quot;:&quot;both&quot;,&quot;autoplay&quot;:&quot;yes&quot;,&quot;autoplay_speed&quot;:5000,&quot;infinite&quot;:&quot;yes&quot;,&quot;effect&quot;:&quot;slide&quot;,&quot;speed&quot;:500}\" data-widget_type=\"image-carousel.default\">\n\t\t\t\t<div class=\"elementor-widget-container\">\n\t\t\t\t\t\t\t<div class=\"elementor-image-carousel-wrapper swiper\" role=\"region\" aria-roledescription=\"carousel\" aria-label=\"Koloto\u010d obr\u00e1zkov\" dir=\"ltr\">\n\t\t\t<div class=\"elementor-image-carousel swiper-wrapper swiper-image-stretch\" aria-live=\"off\">\n\t\t\t\t\t\t\t\t<div class=\"swiper-slide\" role=\"group\" aria-roledescription=\"slide\" aria-label=\"1 de 1\" data-no-translation-aria-label=\"\"><a data-elementor-open-lightbox=\"yes\" data-elementor-lightbox-slideshow=\"bd9d372\" data-e-action-hash=\"#elementor-action%3Aaction%3Dlightbox%26settings%3DeyJpZCI6MzYzMSwidXJsIjoiaHR0cHM6XC9cL2lubm9raWRzLmV1XC93cC1jb250ZW50XC91cGxvYWRzXC8yMDI1XC8wN1wvV2hhdHNBcHAtSW1hZ2UtMjAyNS0wMi0wNy1hdC0xMS4zMi4wMC0xLmpwZWciLCJzbGlkZXNob3ciOiJiZDlkMzcyIn0%3D\" href=\"https:\/\/innokids.eu\/wp-content\/uploads\/2025\/07\/WhatsApp-Image-2025-02-07-at-11.32.00-1.jpeg\"><figure class=\"swiper-slide-inner\"><img decoding=\"async\" class=\"swiper-slide-image\" src=\"https:\/\/innokids.eu\/wp-content\/uploads\/2025\/07\/WhatsApp-Image-2025-02-07-at-11.32.00-1-1024x768.jpeg\" alt=\"WhatsApp Image 2025-02-07 at 11.32.00 (1)\" \/><\/figure><\/a><\/div>\t\t\t<\/div>\n\t\t\t\t\t<\/div>\n\t\t\t\t\t\t<\/div>\n\t\t\t\t<\/div>\n\t\t\t\t<\/div>\n\t\t\t\t<\/div>\n\t\t\t\t\t<\/div>\n\t\t\t\t<\/div>\n\t\t\t\t<\/div>","protected":false},"excerpt":{"rendered":"<p>Workshopy Podujatia STROM ZIVOTA \u010coskoro bude aktualizovan\u00fd! CASPAE Workshopy boli ve\u013emi \u00faspe\u0161n\u00e9, zapojili deti do interakt\u00edvnych a vzdel\u00e1vac\u00edch...<\/p>","protected":false},"author":5,"featured_media":0,"parent":0,"menu_order":0,"comment_status":"closed","ping_status":"closed","template":"","meta":{"iawp_total_views":62,"footnotes":""},"class_list":["post-3604","page","type-page","status-publish","hentry"],"_links":{"self":[{"href":"https:\/\/innokids.eu\/sk\/wp-json\/wp\/v2\/pages\/3604","targetHints":{"allow":["GET"]}}],"collection":[{"href":"https:\/\/innokids.eu\/sk\/wp-json\/wp\/v2\/pages"}],"about":[{"href":"https:\/\/innokids.eu\/sk\/wp-json\/wp\/v2\/types\/page"}],"author":[{"embeddable":true,"href":"https:\/\/innokids.eu\/sk\/wp-json\/wp\/v2\/users\/5"}],"replies":[{"embeddable":true,"href":"https:\/\/innokids.eu\/sk\/wp-json\/wp\/v2\/comments?post=3604"}],"version-history":[{"count":16,"href":"https:\/\/innokids.eu\/sk\/wp-json\/wp\/v2\/pages\/3604\/revisions"}],"predecessor-version":[{"id":3634,"href":"https:\/\/innokids.eu\/sk\/wp-json\/wp\/v2\/pages\/3604\/revisions\/3634"}],"wp:attachment":[{"href":"https:\/\/innokids.eu\/sk\/wp-json\/wp\/v2\/media?parent=3604"}],"curies":[{"name":"wp","href":"https:\/\/api.w.org\/{rel}","templated":true}]}}