{"id":2826,"date":"2024-10-28T09:23:39","date_gmt":"2024-10-28T09:23:39","guid":{"rendered":"https:\/\/innokids.eu\/?page_id=2826"},"modified":"2025-07-29T10:07:49","modified_gmt":"2025-07-29T10:07:49","slug":"teachers-training-events","status":"publish","type":"page","link":"https:\/\/innokids.eu\/sk\/teachers-training-events\/","title":{"rendered":"Podujatia odbornej pr\u00edpravy u\u010dite\u013eov"},"content":{"rendered":"<div data-elementor-type=\"wp-page\" data-elementor-id=\"2826\" class=\"elementor elementor-2826\">\n\t\t\t\t<div class=\"has_eae_slider elementor-element elementor-element-73e262d e-flex e-con-boxed e-con e-parent\" data-eae-slider=\"95368\" data-id=\"73e262d\" data-element_type=\"container\" data-e-type=\"container\" data-settings=\"{&quot;background_background&quot;:&quot;classic&quot;}\">\n\t\t\t\t\t<div class=\"e-con-inner\">\n\t\t\t\t<div class=\"elementor-element elementor-element-8981c55 elementor-widget elementor-widget-heading\" data-id=\"8981c55\" data-element_type=\"widget\" data-e-type=\"widget\" data-widget_type=\"heading.default\">\n\t\t\t\t<div class=\"elementor-widget-container\">\n\t\t\t\t\t<h2 class=\"elementor-heading-title elementor-size-default\">Podujatie pre u\u010dite\u013eov<\/h2>\t\t\t\t<\/div>\n\t\t\t\t<\/div>\n\t\t\t\t\t<\/div>\n\t\t\t\t<\/div>\n\t\t<div class=\"has_eae_slider elementor-element elementor-element-24aa3ca e-flex e-con-boxed e-con e-parent\" data-eae-slider=\"12197\" data-id=\"24aa3ca\" data-element_type=\"container\" data-e-type=\"container\" data-settings=\"{&quot;background_background&quot;:&quot;classic&quot;}\">\n\t\t\t\t\t<div class=\"e-con-inner\">\n\t\t<div class=\"has_eae_slider elementor-element elementor-element-c7be7ee e-con-full e-flex e-con e-child\" data-eae-slider=\"75572\" data-id=\"c7be7ee\" data-element_type=\"container\" data-e-type=\"container\">\n\t\t<div class=\"has_eae_slider elementor-element elementor-element-bc09d18 e-con-full e-flex e-con e-child\" data-eae-slider=\"63288\" data-id=\"bc09d18\" data-element_type=\"container\" data-e-type=\"container\">\n\t\t\t\t<div class=\"elementor-element elementor-element-6361bd9 elementor-widget elementor-widget-heading\" data-id=\"6361bd9\" data-element_type=\"widget\" data-e-type=\"widget\" data-widget_type=\"heading.default\">\n\t\t\t\t<div class=\"elementor-widget-container\">\n\t\t\t\t\t<h2 class=\"elementor-heading-title elementor-size-default\">\u0160kolenie u\u010dite\u013eov<\/h2>\t\t\t\t<\/div>\n\t\t\t\t<\/div>\n\t\t\t\t<div class=\"elementor-element elementor-element-fac559c elementor-widget elementor-widget-heading\" data-id=\"fac559c\" data-element_type=\"widget\" data-e-type=\"widget\" data-widget_type=\"heading.default\">\n\t\t\t\t<div class=\"elementor-widget-container\">\n\t\t\t\t\t<h2 class=\"elementor-heading-title elementor-size-default\">30. Okt\u00f3ber - 01. november, Skopje<\/h2>\t\t\t\t<\/div>\n\t\t\t\t<\/div>\n\t\t\t\t<div class=\"elementor-element elementor-element-5ec4ede elementor-widget elementor-widget-text-editor\" data-id=\"5ec4ede\" data-element_type=\"widget\" data-e-type=\"widget\" data-widget_type=\"text-editor.default\">\n\t\t\t\t<div class=\"elementor-widget-container\">\n\t\t\t\t\t\t\t\t\t<p>Trojd\u0148ov\u00e9 \u0161kolenie u\u010dite\u013eov v Skopje obozn\u00e1milo \u00fa\u010dastn\u00edkov so z\u00e1sadami ekologick\u00e9ho dizajnu, mestsk\u00e9ho pl\u00e1novania a udr\u017eate\u013en\u00e9ho rozvoja komunity s d\u00f4razom na tvoriv\u00e9 a praktick\u00e9 pr\u00edstupy k environment\u00e1lnej v\u00fdchove. Program zah\u0155\u0148al interakt\u00edvne stretnutia s modelmi LEGO\u00a9 a \u010fal\u0161\u00edmi n\u00e1strojmi, ktor\u00fdch cie\u013eom bolo vybavi\u0165 u\u010dite\u013eov z piatich kraj\u00edn vedomos\u0165ami a zru\u010dnos\u0165ami, aby mohli in\u0161pirova\u0165 \u0161tudentov a podporova\u0165 ciele udr\u017eate\u013en\u00e9ho rozvoja.<\/p>\t\t\t\t\t\t\t\t<\/div>\n\t\t\t\t<\/div>\n\t\t\t\t<\/div>\n\t\t<div class=\"has_eae_slider elementor-element elementor-element-76d41bb e-con-full e-flex e-con e-child\" data-eae-slider=\"96376\" data-id=\"76d41bb\" data-element_type=\"container\" data-e-type=\"container\">\n\t\t\t\t<div class=\"elementor-element elementor-element-2f1020c elementor-arrows-position-inside elementor-pagination-position-outside elementor-widget elementor-widget-image-carousel\" data-id=\"2f1020c\" data-element_type=\"widget\" data-e-type=\"widget\" data-settings=\"{&quot;slides_to_show&quot;:&quot;1&quot;,&quot;navigation&quot;:&quot;both&quot;,&quot;autoplay&quot;:&quot;yes&quot;,&quot;autoplay_speed&quot;:5000,&quot;infinite&quot;:&quot;yes&quot;,&quot;effect&quot;:&quot;slide&quot;,&quot;speed&quot;:500}\" data-widget_type=\"image-carousel.default\">\n\t\t\t\t<div class=\"elementor-widget-container\">\n\t\t\t\t\t\t\t<div class=\"elementor-image-carousel-wrapper swiper\" role=\"region\" aria-roledescription=\"carousel\" aria-label=\"Koloto\u010d obr\u00e1zkov\" dir=\"ltr\">\n\t\t\t<div class=\"elementor-image-carousel swiper-wrapper swiper-image-stretch\" aria-live=\"off\">\n\t\t\t\t\t\t\t\t<div class=\"swiper-slide\" role=\"group\" aria-roledescription=\"slide\" aria-label=\"1 z 1\"><a data-elementor-open-lightbox=\"yes\" data-elementor-lightbox-slideshow=\"2f1020c\" data-e-action-hash=\"#elementor-action%3Aaction%3Dlightbox%26settings%3DeyJpZCI6MzE5NiwidXJsIjoiaHR0cHM6XC9cL2lubm9raWRzLmV1XC93cC1jb250ZW50XC91cGxvYWRzXC8yMDI0XC8xMlwvMjAyNDExMDFfMTE1OTE5LTEtc2NhbGVkLmpwZyIsInNsaWRlc2hvdyI6IjJmMTAyMGMifQ%3D%3D\" href=\"https:\/\/innokids.eu\/wp-content\/uploads\/2024\/12\/20241101_115919-1-scaled.jpg\"><figure class=\"swiper-slide-inner\"><img decoding=\"async\" class=\"swiper-slide-image\" src=\"https:\/\/innokids.eu\/wp-content\/uploads\/2024\/12\/20241101_115919-1-1024x768.jpg\" alt=\"20241101_115919-1\" \/><\/figure><\/a><\/div>\t\t\t<\/div>\n\t\t\t\t\t<\/div>\n\t\t\t\t\t\t<\/div>\n\t\t\t\t<\/div>\n\t\t\t\t<\/div>\n\t\t\t\t<\/div>\n\t\t\t\t\t<\/div>\n\t\t\t\t<\/div>\n\t\t<div class=\"has_eae_slider elementor-element elementor-element-1187951 e-flex e-con-boxed e-con e-parent\" data-eae-slider=\"63284\" data-id=\"1187951\" data-element_type=\"container\" data-e-type=\"container\" data-settings=\"{&quot;background_background&quot;:&quot;classic&quot;}\">\n\t\t\t\t\t<div class=\"e-con-inner\">\n\t\t<div class=\"has_eae_slider elementor-element elementor-element-c7a06e1 e-con-full e-flex e-con e-child\" data-eae-slider=\"90269\" data-id=\"c7a06e1\" data-element_type=\"container\" data-e-type=\"container\">\n\t\t<div class=\"has_eae_slider elementor-element elementor-element-594da91 e-con-full e-flex e-con e-child\" data-eae-slider=\"54298\" data-id=\"594da91\" data-element_type=\"container\" data-e-type=\"container\">\n\t\t\t\t<div class=\"elementor-element elementor-element-30f84c8 elementor-widget elementor-widget-video\" data-id=\"30f84c8\" data-element_type=\"widget\" data-e-type=\"widget\" data-settings=\"{&quot;youtube_url&quot;:&quot;https:\\\/\\\/youtu.be\\\/8ae8dnt3Ons&quot;,&quot;video_type&quot;:&quot;youtube&quot;,&quot;controls&quot;:&quot;yes&quot;}\" data-widget_type=\"video.default\">\n\t\t\t\t<div class=\"elementor-widget-container\">\n\t\t\t\t\t\t\t<div class=\"elementor-wrapper elementor-open-inline\">\n\t\t\t<div class=\"elementor-video\"><\/div>\t\t<\/div>\n\t\t\t\t\t\t<\/div>\n\t\t\t\t<\/div>\n\t\t\t\t<\/div>\n\t\t\t\t<\/div>\n\t\t\t\t\t<\/div>\n\t\t\t\t<\/div>\n\t\t<div class=\"has_eae_slider elementor-element elementor-element-78c417c e-flex e-con-boxed e-con e-parent\" data-eae-slider=\"19069\" data-id=\"78c417c\" data-element_type=\"container\" data-e-type=\"container\" data-settings=\"{&quot;background_background&quot;:&quot;classic&quot;}\">\n\t\t\t\t\t<div class=\"e-con-inner\">\n\t\t<div class=\"has_eae_slider elementor-element elementor-element-db03d95 e-con-full e-flex e-con e-child\" data-eae-slider=\"61435\" data-id=\"db03d95\" data-element_type=\"container\" data-e-type=\"container\">\n\t\t<div class=\"has_eae_slider elementor-element elementor-element-c68c52c e-con-full e-flex e-con e-child\" data-eae-slider=\"41002\" data-id=\"c68c52c\" data-element_type=\"container\" data-e-type=\"container\">\n\t\t\t\t<\/div>\n\t\t<div class=\"has_eae_slider elementor-element elementor-element-e60117a e-con-full e-flex e-con e-child\" data-eae-slider=\"60220\" data-id=\"e60117a\" data-element_type=\"container\" data-e-type=\"container\">\n\t\t\t\t<\/div>\n\t\t\t\t<\/div>\n\t\t\t\t\t<\/div>\n\t\t\t\t<\/div>\n\t\t\t\t<\/div>","protected":false},"excerpt":{"rendered":"<p>\u0160kolenie u\u010dite\u013eov Podujatie \u0160kolenie u\u010dite\u013eov 30. Okt\u00f3ber - 01. November, Skopje Trojd\u0148ov\u00e9 \u0161kolenie pre u\u010dite\u013eov v Skopje predstavilo \u00fa\u010dastn\u00edkom...<\/p>","protected":false},"author":1,"featured_media":0,"parent":0,"menu_order":0,"comment_status":"closed","ping_status":"closed","template":"","meta":{"iawp_total_views":75,"footnotes":""},"class_list":["post-2826","page","type-page","status-publish","hentry"],"_links":{"self":[{"href":"https:\/\/innokids.eu\/sk\/wp-json\/wp\/v2\/pages\/2826","targetHints":{"allow":["GET"]}}],"collection":[{"href":"https:\/\/innokids.eu\/sk\/wp-json\/wp\/v2\/pages"}],"about":[{"href":"https:\/\/innokids.eu\/sk\/wp-json\/wp\/v2\/types\/page"}],"author":[{"embeddable":true,"href":"https:\/\/innokids.eu\/sk\/wp-json\/wp\/v2\/users\/1"}],"replies":[{"embeddable":true,"href":"https:\/\/innokids.eu\/sk\/wp-json\/wp\/v2\/comments?post=2826"}],"version-history":[{"count":26,"href":"https:\/\/innokids.eu\/sk\/wp-json\/wp\/v2\/pages\/2826\/revisions"}],"predecessor-version":[{"id":3607,"href":"https:\/\/innokids.eu\/sk\/wp-json\/wp\/v2\/pages\/2826\/revisions\/3607"}],"wp:attachment":[{"href":"https:\/\/innokids.eu\/sk\/wp-json\/wp\/v2\/media?parent=2826"}],"curies":[{"name":"wp","href":"https:\/\/api.w.org\/{rel}","templated":true}]}}