{"id":2812,"date":"2024-10-28T09:14:24","date_gmt":"2024-10-28T09:14:24","guid":{"rendered":"https:\/\/innokids.eu\/?page_id=2812"},"modified":"2024-12-05T09:30:57","modified_gmt":"2024-12-05T09:30:57","slug":"transnational-project-meetings","status":"publish","type":"page","link":"https:\/\/innokids.eu\/sk\/transnational-project-meetings\/","title":{"rendered":"Nadn\u00e1rodn\u00e9 projektov\u00e9 stretnutia"},"content":{"rendered":"<div data-elementor-type=\"wp-page\" data-elementor-id=\"2812\" class=\"elementor elementor-2812\">\n\t\t\t\t<div class=\"has_eae_slider elementor-element elementor-element-73e262d e-flex e-con-boxed e-con e-parent\" data-eae-slider=\"4512\" data-id=\"73e262d\" data-element_type=\"container\" data-e-type=\"container\" data-settings=\"{&quot;background_background&quot;:&quot;classic&quot;}\">\n\t\t\t\t\t<div class=\"e-con-inner\">\n\t\t\t\t<div class=\"elementor-element elementor-element-8981c55 elementor-widget elementor-widget-heading\" data-id=\"8981c55\" data-element_type=\"widget\" data-e-type=\"widget\" data-widget_type=\"heading.default\">\n\t\t\t\t<div class=\"elementor-widget-container\">\n\t\t\t\t\t<h2 class=\"elementor-heading-title elementor-size-default\">Nadn\u00e1rodn\u00e9 projektov\u00e9 stretnutia<\/h2>\t\t\t\t<\/div>\n\t\t\t\t<\/div>\n\t\t\t\t\t<\/div>\n\t\t\t\t<\/div>\n\t\t<div class=\"has_eae_slider elementor-element elementor-element-24aa3ca e-flex e-con-boxed e-con e-parent\" data-eae-slider=\"26259\" data-id=\"24aa3ca\" data-element_type=\"container\" data-e-type=\"container\" data-settings=\"{&quot;background_background&quot;:&quot;classic&quot;}\">\n\t\t\t\t\t<div class=\"e-con-inner\">\n\t\t<div class=\"has_eae_slider elementor-element elementor-element-c7be7ee e-con-full e-flex e-con e-child\" data-eae-slider=\"86836\" data-id=\"c7be7ee\" data-element_type=\"container\" data-e-type=\"container\">\n\t\t<div class=\"has_eae_slider elementor-element elementor-element-bc09d18 e-con-full e-flex e-con e-child\" data-eae-slider=\"71842\" data-id=\"bc09d18\" data-element_type=\"container\" data-e-type=\"container\">\n\t\t\t\t<div class=\"elementor-element elementor-element-6361bd9 elementor-widget elementor-widget-heading\" data-id=\"6361bd9\" data-element_type=\"widget\" data-e-type=\"widget\" data-widget_type=\"heading.default\">\n\t\t\t\t<div class=\"elementor-widget-container\">\n\t\t\t\t\t<h2 class=\"elementor-heading-title elementor-size-default\">\u00davodn\u00e9 stretnutie<\/h2>\t\t\t\t<\/div>\n\t\t\t\t<\/div>\n\t\t\t\t<div class=\"elementor-element elementor-element-fac559c elementor-widget elementor-widget-heading\" data-id=\"fac559c\" data-element_type=\"widget\" data-e-type=\"widget\" data-widget_type=\"heading.default\">\n\t\t\t\t<div class=\"elementor-widget-container\">\n\t\t\t\t\t<h2 class=\"elementor-heading-title elementor-size-default\">30. November - 01. december 2023, Bratislava<\/h2>\t\t\t\t<\/div>\n\t\t\t\t<\/div>\n\t\t\t\t<div class=\"elementor-element elementor-element-5ec4ede elementor-widget elementor-widget-text-editor\" data-id=\"5ec4ede\" data-element_type=\"widget\" data-e-type=\"widget\" data-widget_type=\"text-editor.default\">\n\t\t\t\t<div class=\"elementor-widget-container\">\n\t\t\t\t\t\t\t\t\t<p>Projekt INNOKIDS sa za\u010dal p\u00fatav\u00fdm a spolo\u010dn\u00fdm stretnut\u00edm, ktor\u00e9 spojilo v\u0161etk\u00fdch partnerov a pripravilo p\u00f4du pre \u00fa\u010dinn\u00fa cestu. Presk\u00famali sme na\u0161e spolo\u010dn\u00e9 ciele, prediskutovali usmernenia pre \u00faspe\u0161n\u00fa spolupr\u00e1cu a navrhli interakt\u00edvne n\u00e1stroje na zapojenie u\u010dite\u013eov. Stretnutie sa skon\u010dilo in\u0161pirat\u00edvnou n\u00e1v\u0161tevou mestskej radnice a zd\u00f4raznilo \u00falohu verejn\u00fdch priestorov pri zvy\u0161ovan\u00ed pohody komunity - \u010do je vzru\u0161uj\u00faci prv\u00fd krok k formovaniu udr\u017eate\u013en\u00fdch vzdel\u00e1vac\u00edch sk\u00fasenost\u00ed pre mlad\u00e9 mysle.<\/p>\t\t\t\t\t\t\t\t<\/div>\n\t\t\t\t<\/div>\n\t\t\t\t<\/div>\n\t\t<div class=\"has_eae_slider elementor-element elementor-element-76d41bb e-con-full e-flex e-con e-child\" data-eae-slider=\"4106\" data-id=\"76d41bb\" data-element_type=\"container\" data-e-type=\"container\">\n\t\t\t\t<div class=\"elementor-element elementor-element-2f1020c elementor-arrows-position-inside elementor-pagination-position-outside elementor-widget elementor-widget-image-carousel\" data-id=\"2f1020c\" data-element_type=\"widget\" data-e-type=\"widget\" data-settings=\"{&quot;slides_to_show&quot;:&quot;1&quot;,&quot;navigation&quot;:&quot;both&quot;,&quot;autoplay&quot;:&quot;yes&quot;,&quot;autoplay_speed&quot;:5000,&quot;infinite&quot;:&quot;yes&quot;,&quot;effect&quot;:&quot;slide&quot;,&quot;speed&quot;:500}\" data-widget_type=\"image-carousel.default\">\n\t\t\t\t<div class=\"elementor-widget-container\">\n\t\t\t\t\t\t\t<div class=\"elementor-image-carousel-wrapper swiper\" role=\"region\" aria-roledescription=\"carousel\" aria-label=\"Obr\u00e1zkov\u00fd kot\u00fa\u010d\" dir=\"ltr\">\n\t\t\t<div class=\"elementor-image-carousel swiper-wrapper swiper-image-stretch\" aria-live=\"off\">\n\t\t\t\t\t\t\t\t<div class=\"swiper-slide\" role=\"group\" aria-roledescription=\"slide\" aria-label=\"1 z 1\"><a data-elementor-open-lightbox=\"yes\" data-elementor-lightbox-slideshow=\"2f1020c\" data-e-action-hash=\"#elementor-action%3Aaction%3Dlightbox%26settings%3DeyJpZCI6Mjg0OSwidXJsIjoiaHR0cHM6XC9cL2lubm9raWRzLmV1XC93cC1jb250ZW50XC91cGxvYWRzXC8yMDI0XC8xMFwvNDYyNTM0NDAzXzE0NzEyNDMwNjAyMjY4OTJfNTU5ODU0Njg2NDI1MDgyOTk3MV9uLmpwZyIsInNsaWRlc2hvdyI6IjJmMTAyMGMifQ%3D%3D\" href=\"https:\/\/innokids.eu\/wp-content\/uploads\/2024\/10\/462534403_1471243060226892_5598546864250829971_n.jpg\"><figure class=\"swiper-slide-inner\"><img decoding=\"async\" class=\"swiper-slide-image\" src=\"https:\/\/innokids.eu\/wp-content\/uploads\/2024\/10\/462534403_1471243060226892_5598546864250829971_n.jpg\" alt=\"462534403_1471243060226892_5598546864250829971_n\" \/><\/figure><\/a><\/div>\t\t\t<\/div>\n\t\t\t\t\t<\/div>\n\t\t\t\t\t\t<\/div>\n\t\t\t\t<\/div>\n\t\t\t\t<\/div>\n\t\t\t\t<\/div>\n\t\t\t\t\t<\/div>\n\t\t\t\t<\/div>\n\t\t<div class=\"has_eae_slider elementor-element elementor-element-1187951 e-flex e-con-boxed e-con e-parent\" data-eae-slider=\"80270\" data-id=\"1187951\" data-element_type=\"container\" data-e-type=\"container\" data-settings=\"{&quot;background_background&quot;:&quot;classic&quot;}\">\n\t\t\t\t\t<div class=\"e-con-inner\">\n\t\t<div class=\"has_eae_slider elementor-element elementor-element-c7a06e1 e-con-full e-flex e-con e-child\" data-eae-slider=\"75341\" data-id=\"c7a06e1\" data-element_type=\"container\" data-e-type=\"container\">\n\t\t<div class=\"has_eae_slider elementor-element elementor-element-13a2ab8 e-con-full e-flex e-con e-child\" data-eae-slider=\"81427\" data-id=\"13a2ab8\" data-element_type=\"container\" data-e-type=\"container\">\n\t\t\t\t<div class=\"elementor-element elementor-element-06fa4da elementor-widget elementor-widget-heading\" data-id=\"06fa4da\" data-element_type=\"widget\" data-e-type=\"widget\" data-widget_type=\"heading.default\">\n\t\t\t\t<div class=\"elementor-widget-container\">\n\t\t\t\t\t<h2 class=\"elementor-heading-title elementor-size-default\">T\u00edmov\u00e9 projektov\u00e9 stretnutie  2<\/h2>\t\t\t\t<\/div>\n\t\t\t\t<\/div>\n\t\t\t\t<div class=\"elementor-element elementor-element-23f75c6 elementor-widget elementor-widget-heading\" data-id=\"23f75c6\" data-element_type=\"widget\" data-e-type=\"widget\" data-widget_type=\"heading.default\">\n\t\t\t\t<div class=\"elementor-widget-container\">\n\t\t\t\t\t<h2 class=\"elementor-heading-title elementor-size-default\">05. - 06. J\u00fan 2024, Coimbra<\/h2>\t\t\t\t<\/div>\n\t\t\t\t<\/div>\n\t\t\t\t<div class=\"elementor-element elementor-element-f6d1aba elementor-widget elementor-widget-text-editor\" data-id=\"f6d1aba\" data-element_type=\"widget\" data-e-type=\"widget\" data-widget_type=\"text-editor.default\">\n\t\t\t\t<div class=\"elementor-widget-container\">\n\t\t\t\t\t\t\t\t\t<p>V Portugalsku t\u00edm TPM2 \u00faspe\u0161ne spojil partnerov, aby definovali \u0161trukt\u00faru, obsah a funkcie webovej platformy INNOKIDS, \u010d\u00edm vytvorili pevn\u00fd z\u00e1klad pre p\u00fatav\u00fd a u\u017e\u00edvate\u013esky pr\u00edvetiv\u00fd zdroj. T\u00edm tie\u017e dokon\u010dil model odbornej pr\u00edpravy u\u010dite\u013eov a na\u010drtol jasn\u00fd pl\u00e1n pre efekt\u00edvne poskytovanie odbornej pr\u00edpravy pedag\u00f3gov. Toto stretnutie znamenalo k\u013e\u00fa\u010dov\u00fd krok k dosiahnutiu na\u0161ich spolo\u010dn\u00fdch cie\u013eov v oblasti udr\u017eate\u013en\u00e9ho vzdel\u00e1vania.<\/p>\t\t\t\t\t\t\t\t<\/div>\n\t\t\t\t<\/div>\n\t\t\t\t<\/div>\n\t\t<div class=\"has_eae_slider elementor-element elementor-element-594da91 e-con-full e-flex e-con e-child\" data-eae-slider=\"16806\" data-id=\"594da91\" data-element_type=\"container\" data-e-type=\"container\">\n\t\t\t\t<div class=\"elementor-element elementor-element-2196e51 elementor-arrows-position-inside elementor-pagination-position-outside elementor-widget elementor-widget-image-carousel\" data-id=\"2196e51\" data-element_type=\"widget\" data-e-type=\"widget\" data-settings=\"{&quot;slides_to_show&quot;:&quot;1&quot;,&quot;navigation&quot;:&quot;both&quot;,&quot;autoplay&quot;:&quot;yes&quot;,&quot;autoplay_speed&quot;:5000,&quot;infinite&quot;:&quot;yes&quot;,&quot;effect&quot;:&quot;slide&quot;,&quot;speed&quot;:500}\" data-widget_type=\"image-carousel.default\">\n\t\t\t\t<div class=\"elementor-widget-container\">\n\t\t\t\t\t\t\t<div class=\"elementor-image-carousel-wrapper swiper\" role=\"region\" aria-roledescription=\"carousel\" aria-label=\"Obr\u00e1zkov\u00fd kot\u00fa\u010d\" dir=\"ltr\">\n\t\t\t<div class=\"elementor-image-carousel swiper-wrapper swiper-image-stretch\" aria-live=\"off\">\n\t\t\t\t\t\t\t\t<div class=\"swiper-slide\" role=\"group\" aria-roledescription=\"slide\" aria-label=\"1 zo 4\"><a data-elementor-open-lightbox=\"yes\" data-elementor-lightbox-slideshow=\"2196e51\" data-e-action-hash=\"#elementor-action%3Aaction%3Dlightbox%26settings%3DeyJpZCI6MjcyOSwidXJsIjoiaHR0cHM6XC9cL2lubm9raWRzLmV1XC93cC1jb250ZW50XC91cGxvYWRzXC8yMDI0XC8xMFwvSU1HXzY4NzYtc2NhbGVkLmpwZyIsInNsaWRlc2hvdyI6IjIxOTZlNTEifQ%3D%3D\" href=\"https:\/\/innokids.eu\/wp-content\/uploads\/2024\/10\/IMG_6876-scaled.jpg\"><figure class=\"swiper-slide-inner\"><img decoding=\"async\" class=\"swiper-slide-image\" src=\"https:\/\/innokids.eu\/wp-content\/uploads\/2024\/10\/IMG_6876-1024x683.jpg\" alt=\"IMG_6876\" \/><\/figure><\/a><\/div><div class=\"swiper-slide\" role=\"group\" aria-roledescription=\"slide\" aria-label=\"2 zo 4\"><a data-elementor-open-lightbox=\"yes\" data-elementor-lightbox-slideshow=\"2196e51\" data-e-action-hash=\"#elementor-action%3Aaction%3Dlightbox%26settings%3DeyJpZCI6MjczMCwidXJsIjoiaHR0cHM6XC9cL2lubm9raWRzLmV1XC93cC1jb250ZW50XC91cGxvYWRzXC8yMDI0XC8xMFwvSU1HXzY5MDAtc2NhbGVkLmpwZyIsInNsaWRlc2hvdyI6IjIxOTZlNTEifQ%3D%3D\" href=\"https:\/\/innokids.eu\/wp-content\/uploads\/2024\/10\/IMG_6900-scaled.jpg\"><figure class=\"swiper-slide-inner\"><img decoding=\"async\" class=\"swiper-slide-image\" src=\"https:\/\/innokids.eu\/wp-content\/uploads\/2024\/10\/IMG_6900-1024x683.jpg\" alt=\"IMG_6900\" \/><\/figure><\/a><\/div><div class=\"swiper-slide\" role=\"group\" aria-roledescription=\"slide\" aria-label=\"3 zo 4\"><a data-elementor-open-lightbox=\"yes\" data-elementor-lightbox-slideshow=\"2196e51\" data-e-action-hash=\"#elementor-action%3Aaction%3Dlightbox%26settings%3DeyJpZCI6MjczMSwidXJsIjoiaHR0cHM6XC9cL2lubm9raWRzLmV1XC93cC1jb250ZW50XC91cGxvYWRzXC8yMDI0XC8xMFwvSU1HXzcwMTgtc2NhbGVkLmpwZyIsInNsaWRlc2hvdyI6IjIxOTZlNTEifQ%3D%3D\" href=\"https:\/\/innokids.eu\/wp-content\/uploads\/2024\/10\/IMG_7018-scaled.jpg\"><figure class=\"swiper-slide-inner\"><img decoding=\"async\" class=\"swiper-slide-image\" src=\"https:\/\/innokids.eu\/wp-content\/uploads\/2024\/10\/IMG_7018-1024x683.jpg\" alt=\"IMG_7018\" \/><\/figure><\/a><\/div><div class=\"swiper-slide\" role=\"group\" aria-roledescription=\"slide\" aria-label=\"4 zo 4\"><a data-elementor-open-lightbox=\"yes\" data-elementor-lightbox-slideshow=\"2196e51\" data-e-action-hash=\"#elementor-action%3Aaction%3Dlightbox%26settings%3DeyJpZCI6MjczMiwidXJsIjoiaHR0cHM6XC9cL2lubm9raWRzLmV1XC93cC1jb250ZW50XC91cGxvYWRzXC8yMDI0XC8xMFwvSU1HXzcwMjYtc2NhbGVkLmpwZyIsInNsaWRlc2hvdyI6IjIxOTZlNTEifQ%3D%3D\" href=\"https:\/\/innokids.eu\/wp-content\/uploads\/2024\/10\/IMG_7026-scaled.jpg\"><figure class=\"swiper-slide-inner\"><img decoding=\"async\" class=\"swiper-slide-image\" src=\"https:\/\/innokids.eu\/wp-content\/uploads\/2024\/10\/IMG_7026-1024x683.jpg\" alt=\"IMG_7026\" \/><\/figure><\/a><\/div>\t\t\t<\/div>\n\t\t\t\t\t\t\t\t\t\t\t\t<div class=\"elementor-swiper-button elementor-swiper-button-prev\" role=\"button\" tabindex=\"0\">\n\t\t\t\t\t\t<i aria-hidden=\"true\" class=\"eicon-chevron-left\"><\/i>\t\t\t\t\t<\/div>\n\t\t\t\t\t<div class=\"elementor-swiper-button elementor-swiper-button-next\" role=\"button\" tabindex=\"0\">\n\t\t\t\t\t\t<i aria-hidden=\"true\" class=\"eicon-chevron-right\"><\/i>\t\t\t\t\t<\/div>\n\t\t\t\t\n\t\t\t\t\t\t\t\t\t<div class=\"swiper-pagination\"><\/div>\n\t\t\t\t\t\t\t\t\t<\/div>\n\t\t\t\t\t\t<\/div>\n\t\t\t\t<\/div>\n\t\t\t\t<\/div>\n\t\t\t\t<\/div>\n\t\t\t\t\t<\/div>\n\t\t\t\t<\/div>\n\t\t<div class=\"has_eae_slider elementor-element elementor-element-78c417c e-flex e-con-boxed e-con e-parent\" data-eae-slider=\"60154\" data-id=\"78c417c\" data-element_type=\"container\" data-e-type=\"container\" data-settings=\"{&quot;background_background&quot;:&quot;classic&quot;}\">\n\t\t\t\t\t<div class=\"e-con-inner\">\n\t\t<div class=\"has_eae_slider elementor-element elementor-element-db03d95 e-con-full e-flex e-con e-child\" data-eae-slider=\"38736\" data-id=\"db03d95\" data-element_type=\"container\" data-e-type=\"container\">\n\t\t<div class=\"has_eae_slider elementor-element elementor-element-c68c52c e-con-full e-flex e-con e-child\" data-eae-slider=\"41287\" data-id=\"c68c52c\" data-element_type=\"container\" data-e-type=\"container\">\n\t\t\t\t<div class=\"elementor-element elementor-element-093fa42 elementor-widget elementor-widget-heading\" data-id=\"093fa42\" data-element_type=\"widget\" data-e-type=\"widget\" data-widget_type=\"heading.default\">\n\t\t\t\t<div class=\"elementor-widget-container\">\n\t\t\t\t\t<h2 class=\"elementor-heading-title elementor-size-default\">T\u00edmov\u00e9 projektov\u00e9 stretnutie 3<\/h2>\t\t\t\t<\/div>\n\t\t\t\t<\/div>\n\t\t\t\t<div class=\"elementor-element elementor-element-7c8fc76 elementor-widget elementor-widget-heading\" data-id=\"7c8fc76\" data-element_type=\"widget\" data-e-type=\"widget\" data-widget_type=\"heading.default\">\n\t\t\t\t<div class=\"elementor-widget-container\">\n\t\t\t\t\t<h2 class=\"elementor-heading-title elementor-size-default\">28. - 29. okt\u00f3ber 2024, Severn\u00e9 Maced\u00f3nsko<\/h2>\t\t\t\t<\/div>\n\t\t\t\t<\/div>\n\t\t\t\t<div class=\"elementor-element elementor-element-4a0eb47 elementor-widget elementor-widget-text-editor\" data-id=\"4a0eb47\" data-element_type=\"widget\" data-e-type=\"widget\" data-widget_type=\"text-editor.default\">\n\t\t\t\t<div class=\"elementor-widget-container\">\n\t\t\t\t\t\t\t\t\t<p>Tretie nadn\u00e1rodn\u00e9 projektov\u00e9 stretnutie INNOKIDS, ktor\u00e9 sa konalo 28.-29. 2024 v Skopje, sa zameralo na presk\u00famanie realiz\u00e1cie odbornej pr\u00edpravy u\u010dite\u013eov, hodnotenie v\u00fdstupov projektu a pokrok vo v\u00fdvoji webovej platformy a strat\u00e9gi\u00ed \u0161\u00edrenia inform\u00e1ci\u00ed. Partneri tie\u017e napl\u00e1novali bud\u00face podujatia vr\u00e1tane ekove\u013etrhov a z\u00e1vere\u010dnej online konferencie, \u010d\u00edm sa zabezpe\u010dil pokrok v dosahovan\u00ed cie\u013eov projektu a vplyv vzdel\u00e1vania v oblasti udr\u017eate\u013enosti.<\/p>\t\t\t\t\t\t\t\t<\/div>\n\t\t\t\t<\/div>\n\t\t\t\t<\/div>\n\t\t<div class=\"has_eae_slider elementor-element elementor-element-e60117a e-con-full e-flex e-con e-child\" data-eae-slider=\"23253\" data-id=\"e60117a\" data-element_type=\"container\" data-e-type=\"container\">\n\t\t\t\t<div class=\"elementor-element elementor-element-28423d0 elementor-arrows-position-inside elementor-pagination-position-outside elementor-widget elementor-widget-image-carousel\" data-id=\"28423d0\" data-element_type=\"widget\" data-e-type=\"widget\" data-settings=\"{&quot;slides_to_show&quot;:&quot;1&quot;,&quot;navigation&quot;:&quot;both&quot;,&quot;autoplay&quot;:&quot;yes&quot;,&quot;autoplay_speed&quot;:5000,&quot;infinite&quot;:&quot;yes&quot;,&quot;effect&quot;:&quot;slide&quot;,&quot;speed&quot;:500}\" data-widget_type=\"image-carousel.default\">\n\t\t\t\t<div class=\"elementor-widget-container\">\n\t\t\t\t\t\t\t<div class=\"elementor-image-carousel-wrapper swiper\" role=\"region\" aria-roledescription=\"carousel\" aria-label=\"Obr\u00e1zkov\u00fd kot\u00fa\u010d\" dir=\"ltr\">\n\t\t\t<div class=\"elementor-image-carousel swiper-wrapper swiper-image-stretch\" aria-live=\"off\">\n\t\t\t\t\t\t\t\t<div class=\"swiper-slide\" role=\"group\" aria-roledescription=\"slide\" aria-label=\"1 z 2\"><a data-elementor-open-lightbox=\"yes\" data-elementor-lightbox-slideshow=\"28423d0\" data-e-action-hash=\"#elementor-action%3Aaction%3Dlightbox%26settings%3DeyJpZCI6MzIxMiwidXJsIjoiaHR0cHM6XC9cL2lubm9raWRzLmV1XC93cC1jb250ZW50XC91cGxvYWRzXC8yMDI0XC8xMlwvSU1HXzM1Nzktc2NhbGVkLmpwZyIsInNsaWRlc2hvdyI6IjI4NDIzZDAifQ%3D%3D\" href=\"https:\/\/innokids.eu\/wp-content\/uploads\/2024\/12\/IMG_3579-scaled.jpg\"><figure class=\"swiper-slide-inner\"><img decoding=\"async\" class=\"swiper-slide-image\" src=\"https:\/\/innokids.eu\/wp-content\/uploads\/2024\/12\/IMG_3579-1024x683.jpg\" alt=\"IMG_3579\" \/><\/figure><\/a><\/div><div class=\"swiper-slide\" role=\"group\" aria-roledescription=\"slide\" aria-label=\"2 z 2\"><a data-elementor-open-lightbox=\"yes\" data-elementor-lightbox-slideshow=\"28423d0\" data-e-action-hash=\"#elementor-action%3Aaction%3Dlightbox%26settings%3DeyJpZCI6MzIxMywidXJsIjoiaHR0cHM6XC9cL2lubm9raWRzLmV1XC93cC1jb250ZW50XC91cGxvYWRzXC8yMDI0XC8xMlwvSU1HXzM1Nzctc2NhbGVkLmpwZyIsInNsaWRlc2hvdyI6IjI4NDIzZDAifQ%3D%3D\" href=\"https:\/\/innokids.eu\/wp-content\/uploads\/2024\/12\/IMG_3577-scaled.jpg\"><figure class=\"swiper-slide-inner\"><img decoding=\"async\" class=\"swiper-slide-image\" src=\"https:\/\/innokids.eu\/wp-content\/uploads\/2024\/12\/IMG_3577-1024x683.jpg\" alt=\"IMG_3577\" \/><\/figure><\/a><\/div>\t\t\t<\/div>\n\t\t\t\t\t\t\t\t\t\t\t\t<div class=\"elementor-swiper-button elementor-swiper-button-prev\" role=\"button\" tabindex=\"0\">\n\t\t\t\t\t\t<i aria-hidden=\"true\" class=\"eicon-chevron-left\"><\/i>\t\t\t\t\t<\/div>\n\t\t\t\t\t<div class=\"elementor-swiper-button elementor-swiper-button-next\" role=\"button\" tabindex=\"0\">\n\t\t\t\t\t\t<i aria-hidden=\"true\" class=\"eicon-chevron-right\"><\/i>\t\t\t\t\t<\/div>\n\t\t\t\t\n\t\t\t\t\t\t\t\t\t<div class=\"swiper-pagination\"><\/div>\n\t\t\t\t\t\t\t\t\t<\/div>\n\t\t\t\t\t\t<\/div>\n\t\t\t\t<\/div>\n\t\t\t\t<\/div>\n\t\t\t\t<\/div>\n\t\t\t\t\t<\/div>\n\t\t\t\t<\/div>\n\t\t\t\t<\/div>","protected":false},"excerpt":{"rendered":"<p>Nadn\u00e1rodn\u00e9 projektov\u00e9 stretnutia \u00davodn\u00e9 stretnutie 30. November - 01. December 2023, Bratislava Projekt INNOKIDS od\u0161tartoval p\u00fatav\u00fdm stretnut\u00edm, na ktorom...<\/p>","protected":false},"author":1,"featured_media":0,"parent":0,"menu_order":0,"comment_status":"closed","ping_status":"closed","template":"","meta":{"iawp_total_views":39,"footnotes":""},"class_list":["post-2812","page","type-page","status-publish","hentry"],"_links":{"self":[{"href":"https:\/\/innokids.eu\/sk\/wp-json\/wp\/v2\/pages\/2812","targetHints":{"allow":["GET"]}}],"collection":[{"href":"https:\/\/innokids.eu\/sk\/wp-json\/wp\/v2\/pages"}],"about":[{"href":"https:\/\/innokids.eu\/sk\/wp-json\/wp\/v2\/types\/page"}],"author":[{"embeddable":true,"href":"https:\/\/innokids.eu\/sk\/wp-json\/wp\/v2\/users\/1"}],"replies":[{"embeddable":true,"href":"https:\/\/innokids.eu\/sk\/wp-json\/wp\/v2\/comments?post=2812"}],"version-history":[{"count":25,"href":"https:\/\/innokids.eu\/sk\/wp-json\/wp\/v2\/pages\/2812\/revisions"}],"predecessor-version":[{"id":3217,"href":"https:\/\/innokids.eu\/sk\/wp-json\/wp\/v2\/pages\/2812\/revisions\/3217"}],"wp:attachment":[{"href":"https:\/\/innokids.eu\/sk\/wp-json\/wp\/v2\/media?parent=2812"}],"curies":[{"name":"wp","href":"https:\/\/api.w.org\/{rel}","templated":true}]}}