{"id":1576,"date":"2023-01-25T12:59:14","date_gmt":"2023-01-25T12:59:14","guid":{"rendered":"https:\/\/29e4aaa2-b025-48da-b57e-79ef59e549ee.eu02.conves.io\/?page_id=1576"},"modified":"2026-01-29T17:43:55","modified_gmt":"2026-01-29T17:43:55","slug":"home","status":"publish","type":"page","link":"https:\/\/innokids.eu\/sk\/","title":{"rendered":"Domov"},"content":{"rendered":"<div data-elementor-type=\"wp-page\" data-elementor-id=\"1576\" class=\"elementor elementor-1576\">\n\t\t\t\t<div class=\"has_eae_slider elementor-element elementor-element-7e77af2 e-flex e-con-boxed e-con e-parent\" data-eae-slider=\"31706\" data-id=\"7e77af2\" data-element_type=\"container\" data-e-type=\"container\">\n\t\t\t\t\t<div class=\"e-con-inner\">\n\t\t\t\t<div class=\"elementor-element elementor-element-76b4831 elementor-widget elementor-widget-image\" data-id=\"76b4831\" data-element_type=\"widget\" data-e-type=\"widget\" data-widget_type=\"image.default\">\n\t\t\t\t<div class=\"elementor-widget-container\">\n\t\t\t\t\t\t\t\t\t\t\t\t\t\t\t<img fetchpriority=\"high\" decoding=\"async\" width=\"843\" height=\"657\" src=\"https:\/\/innokids.eu\/wp-content\/uploads\/2024\/01\/cropped-inno_kids_logo-1024x798.png\" class=\"attachment-large size-large wp-image-2245\" alt=\"\" srcset=\"https:\/\/innokids.eu\/wp-content\/uploads\/2024\/01\/cropped-inno_kids_logo-1024x798.png 1024w, https:\/\/innokids.eu\/wp-content\/uploads\/2024\/01\/cropped-inno_kids_logo-300x234.png 300w, https:\/\/innokids.eu\/wp-content\/uploads\/2024\/01\/cropped-inno_kids_logo-768x598.png 768w, https:\/\/innokids.eu\/wp-content\/uploads\/2024\/01\/cropped-inno_kids_logo-15x12.png 15w, https:\/\/innokids.eu\/wp-content\/uploads\/2024\/01\/cropped-inno_kids_logo.png 1399w\" sizes=\"(max-width: 843px) 100vw, 843px\" \/>\t\t\t\t\t\t\t\t\t\t\t\t\t\t\t<\/div>\n\t\t\t\t<\/div>\n\t\t\t\t\t<\/div>\n\t\t\t\t<\/div>\n\t\t<div class=\"has_eae_slider elementor-element elementor-element-5bb9b37 e-con-full e-flex e-con e-parent\" data-eae-slider=\"95123\" data-id=\"5bb9b37\" data-element_type=\"container\" data-e-type=\"container\">\n\t\t<div class=\"has_eae_slider elementor-element elementor-element-91c7255 e-con-full e-flex e-con e-child\" data-eae-slider=\"46770\" data-id=\"91c7255\" data-element_type=\"container\" data-e-type=\"container\">\n\t\t\t\t<div class=\"elementor-element elementor-element-e2202ee elementor-widget elementor-widget-image\" data-id=\"e2202ee\" data-element_type=\"widget\" data-e-type=\"widget\" data-widget_type=\"image.default\">\n\t\t\t\t<div class=\"elementor-widget-container\">\n\t\t\t\t\t\t\t\t\t\t\t\t\t\t\t<img decoding=\"async\" width=\"300\" height=\"275\" src=\"https:\/\/innokids.eu\/wp-content\/uploads\/2024\/11\/06-ABOUT-Vyrez-z-lega-drobeny-1-300x275.png\" class=\"attachment-medium size-medium wp-image-3108\" alt=\"\" srcset=\"https:\/\/innokids.eu\/wp-content\/uploads\/2024\/11\/06-ABOUT-Vyrez-z-lega-drobeny-1-300x275.png 300w, https:\/\/innokids.eu\/wp-content\/uploads\/2024\/11\/06-ABOUT-Vyrez-z-lega-drobeny-1-768x704.png 768w, https:\/\/innokids.eu\/wp-content\/uploads\/2024\/11\/06-ABOUT-Vyrez-z-lega-drobeny-1-13x12.png 13w, https:\/\/innokids.eu\/wp-content\/uploads\/2024\/11\/06-ABOUT-Vyrez-z-lega-drobeny-1.png 1008w\" sizes=\"(max-width: 300px) 100vw, 300px\" \/>\t\t\t\t\t\t\t\t\t\t\t\t\t\t\t<\/div>\n\t\t\t\t<\/div>\n\t\t\t\t<\/div>\n\t\t<div class=\"has_eae_slider elementor-element elementor-element-1397672 e-con-full e-flex e-con e-child\" data-eae-slider=\"88637\" data-id=\"1397672\" data-element_type=\"container\" data-e-type=\"container\">\n\t\t\t\t<\/div>\n\t\t\t\t<\/div>\n\t\t\t\t<section class=\"has_eae_slider elementor-section elementor-top-section elementor-element elementor-element-8854421 elementor-section-boxed elementor-section-height-default elementor-section-height-default\" data-eae-slider=\"70113\" data-id=\"8854421\" data-element_type=\"section\" data-e-type=\"section\" data-settings=\"{&quot;background_background&quot;:&quot;classic&quot;}\">\n\t\t\t\t\t\t<div class=\"elementor-container elementor-column-gap-no\">\n\t\t\t\t\t<div class=\"has_eae_slider elementor-column elementor-col-100 elementor-top-column elementor-element elementor-element-6794809\" data-eae-slider=\"95228\" data-id=\"6794809\" data-element_type=\"column\" data-e-type=\"column\">\n\t\t\t<div class=\"elementor-widget-wrap elementor-element-populated\">\n\t\t\t\t\t\t<div class=\"elementor-element elementor-element-eb69ea0 elementor-widget elementor-widget-heading\" data-id=\"eb69ea0\" data-element_type=\"widget\" data-e-type=\"widget\" data-widget_type=\"heading.default\">\n\t\t\t\t<div class=\"elementor-widget-container\">\n\t\t\t\t\t<h2 class=\"elementor-heading-title elementor-size-default\">Vitajte v na\u0161om projekte Erasmus+ KA2 o vzdel\u00e1van\u00ed v oblasti udr\u017eate\u013en\u00e9ho mestsk\u00e9ho dizajnu<\/h2>\t\t\t\t<\/div>\n\t\t\t\t<\/div>\n\t\t\t\t<div class=\"elementor-element elementor-element-aab8f84 elementor-widget elementor-widget-heading\" data-id=\"aab8f84\" data-element_type=\"widget\" data-e-type=\"widget\" data-widget_type=\"heading.default\">\n\t\t\t\t<div class=\"elementor-widget-container\">\n\t\t\t\t\t<h2 class=\"elementor-heading-title elementor-size-default\">Vydajte sa na cestu inov\u00e1ci\u00ed a spolupr\u00e1ce, preto\u017ee sa sna\u017e\u00edme o revol\u00faciu vo vzdel\u00e1van\u00ed v oblasti udr\u017eate\u013en\u00e9ho mestsk\u00e9ho dizajnu. Projekt InnoKids, financovan\u00fd z programu Erasmus+, sp\u00e1ja konzorcium eur\u00f3pskych organiz\u00e1ci\u00ed, ktor\u00e9 sa usiluj\u00fa o podporu environment\u00e1lneho povedomia a udr\u017eate\u013en\u00fdch postupov vo vzdel\u00e1van\u00ed. Zistite, ako formujeme bud\u00facnos\u0165 vzdel\u00e1vania pomocou na\u0161ich jedine\u010dn\u00fdch vzdel\u00e1vac\u00edch modulov, interakt\u00edvnej webovej platformy a p\u00fatav\u00fdch komunitn\u00fdch iniciat\u00edv. Pridajte sa k na\u0161ej misii posilni\u0165 postavenie pedag\u00f3gov a \u0161tudentov a presk\u00famajte, ako sa m\u00f4\u017eete sta\u0165 s\u00fa\u010das\u0165ou tejto transforma\u010dnej cesty!<\/h2>\t\t\t\t<\/div>\n\t\t\t\t<\/div>\n\t\t\t\t<div class=\"elementor-element elementor-element-b6938a7 elementor-align-center elementor-widget elementor-widget-button\" data-id=\"b6938a7\" data-element_type=\"widget\" data-e-type=\"widget\" data-widget_type=\"button.default\">\n\t\t\t\t<div class=\"elementor-widget-container\">\n\t\t\t\t\t\t\t\t\t<div class=\"elementor-button-wrapper\">\n\t\t\t\t\t<a class=\"elementor-button elementor-button-link elementor-size-md elementor-animation-float\" href=\"https:\/\/innokids.eu\/sk\/home-2\/\">\n\t\t\t\t\t\t<span class=\"elementor-button-content-wrapper\">\n\t\t\t\t\t\t\t\t\t<span class=\"elementor-button-text\">Zistite viac!<\/span>\n\t\t\t\t\t<\/span>\n\t\t\t\t\t<\/a>\n\t\t\t\t<\/div>\n\t\t\t\t\t\t\t\t<\/div>\n\t\t\t\t<\/div>\n\t\t\t\t\t<\/div>\n\t\t<\/div>\n\t\t\t\t\t<\/div>\n\t\t<\/section>\n\t\t<div class=\"has_eae_slider elementor-element elementor-element-d3ef2cd e-con-full e-flex e-con e-parent\" data-eae-slider=\"7138\" data-id=\"d3ef2cd\" data-element_type=\"container\" data-e-type=\"container\">\n\t\t<div class=\"has_eae_slider elementor-element elementor-element-c050a8d e-con-full e-flex e-con e-child\" data-eae-slider=\"99678\" data-id=\"c050a8d\" data-element_type=\"container\" data-e-type=\"container\">\n\t\t\t\t<\/div>\n\t\t<div class=\"has_eae_slider elementor-element elementor-element-5bf5f3e e-con-full e-flex e-con e-child\" data-eae-slider=\"80321\" data-id=\"5bf5f3e\" data-element_type=\"container\" data-e-type=\"container\">\n\t\t\t\t<div class=\"elementor-element elementor-element-498b18f elementor-widget elementor-widget-image\" data-id=\"498b18f\" data-element_type=\"widget\" data-e-type=\"widget\" data-widget_type=\"image.default\">\n\t\t\t\t<div class=\"elementor-widget-container\">\n\t\t\t\t\t\t\t\t\t\t\t\t\t\t\t<img decoding=\"async\" width=\"300\" height=\"275\" src=\"https:\/\/innokids.eu\/wp-content\/uploads\/2024\/11\/06-ABOUT-Vyrez-z-lega-drobeny-1-300x275.png\" class=\"attachment-medium size-medium wp-image-3108\" alt=\"\" srcset=\"https:\/\/innokids.eu\/wp-content\/uploads\/2024\/11\/06-ABOUT-Vyrez-z-lega-drobeny-1-300x275.png 300w, https:\/\/innokids.eu\/wp-content\/uploads\/2024\/11\/06-ABOUT-Vyrez-z-lega-drobeny-1-768x704.png 768w, https:\/\/innokids.eu\/wp-content\/uploads\/2024\/11\/06-ABOUT-Vyrez-z-lega-drobeny-1-13x12.png 13w, https:\/\/innokids.eu\/wp-content\/uploads\/2024\/11\/06-ABOUT-Vyrez-z-lega-drobeny-1.png 1008w\" sizes=\"(max-width: 300px) 100vw, 300px\" \/>\t\t\t\t\t\t\t\t\t\t\t\t\t\t\t<\/div>\n\t\t\t\t<\/div>\n\t\t\t\t<\/div>\n\t\t\t\t<\/div>\n\t\t\t\t<section class=\"has_eae_slider elementor-section elementor-top-section elementor-element elementor-element-d3ea863 elementor-section-boxed elementor-section-height-default elementor-section-height-default\" data-eae-slider=\"68406\" data-id=\"d3ea863\" data-element_type=\"section\" data-e-type=\"section\">\n\t\t\t\t\t\t<div class=\"elementor-container elementor-column-gap-default\">\n\t\t\t\t\t<div class=\"has_eae_slider elementor-column elementor-col-100 elementor-top-column elementor-element elementor-element-ecbc3bb\" data-eae-slider=\"20240\" data-id=\"ecbc3bb\" data-element_type=\"column\" data-e-type=\"column\">\n\t\t\t<div class=\"elementor-widget-wrap\">\n\t\t\t\t\t\t\t<\/div>\n\t\t<\/div>\n\t\t\t\t\t<\/div>\n\t\t<\/section>\n\t\t\t\t<section class=\"has_eae_slider elementor-section elementor-top-section elementor-element elementor-element-c49113f elementor-section-boxed elementor-section-height-default elementor-section-height-default\" data-eae-slider=\"61961\" data-id=\"c49113f\" data-element_type=\"section\" data-e-type=\"section\" data-settings=\"{&quot;background_background&quot;:&quot;classic&quot;}\">\n\t\t\t\t\t\t<div class=\"elementor-container elementor-column-gap-no\">\n\t\t\t\t\t<div class=\"has_eae_slider elementor-column elementor-col-100 elementor-top-column elementor-element elementor-element-6e8df1e\" data-eae-slider=\"86315\" data-id=\"6e8df1e\" data-element_type=\"column\" data-e-type=\"column\">\n\t\t\t<div class=\"elementor-widget-wrap elementor-element-populated\">\n\t\t\t\t<div class=\"has_eae_slider elementor-element elementor-element-8e11efe e-flex e-con-boxed e-con e-parent\" data-eae-slider=\"2210\" data-id=\"8e11efe\" data-element_type=\"container\" data-e-type=\"container\">\n\t\t\t\t\t<div class=\"e-con-inner\">\n\t\t<div class=\"has_eae_slider elementor-element elementor-element-fb35ffd e-con-full e-flex e-con e-child\" data-eae-slider=\"74253\" data-id=\"fb35ffd\" data-element_type=\"container\" data-e-type=\"container\">\n\t\t\t\t<div class=\"elementor-element elementor-element-3dca607 elementor-widget elementor-widget-image\" data-id=\"3dca607\" data-element_type=\"widget\" data-e-type=\"widget\" data-widget_type=\"image.default\">\n\t\t\t\t<div class=\"elementor-widget-container\">\n\t\t\t\t\t\t\t\t\t\t\t\t\t\t\t\t<a href=\"https:\/\/innokids.eu\/sk\/partners\/\">\n\t\t\t\t\t\t\t<img decoding=\"async\" width=\"843\" height=\"286\" src=\"https:\/\/innokids.eu\/wp-content\/uploads\/2024\/06\/strom-zivota-logo-zelene-1024x347.png\" class=\"attachment-large size-large wp-image-2420\" alt=\"\" srcset=\"https:\/\/innokids.eu\/wp-content\/uploads\/2024\/06\/strom-zivota-logo-zelene-1024x347.png 1024w, https:\/\/innokids.eu\/wp-content\/uploads\/2024\/06\/strom-zivota-logo-zelene-300x102.png 300w, https:\/\/innokids.eu\/wp-content\/uploads\/2024\/06\/strom-zivota-logo-zelene-768x260.png 768w, https:\/\/innokids.eu\/wp-content\/uploads\/2024\/06\/strom-zivota-logo-zelene-1536x520.png 1536w, https:\/\/innokids.eu\/wp-content\/uploads\/2024\/06\/strom-zivota-logo-zelene-2048x693.png 2048w, https:\/\/innokids.eu\/wp-content\/uploads\/2024\/06\/strom-zivota-logo-zelene-18x6.png 18w\" sizes=\"(max-width: 843px) 100vw, 843px\" \/>\t\t\t\t\t\t\t\t<\/a>\n\t\t\t\t\t\t\t\t\t\t\t\t\t\t\t<\/div>\n\t\t\t\t<\/div>\n\t\t\t\t<\/div>\n\t\t<div class=\"has_eae_slider elementor-element elementor-element-517cc32 e-con-full e-flex e-con e-child\" data-eae-slider=\"12209\" data-id=\"517cc32\" data-element_type=\"container\" data-e-type=\"container\">\n\t\t\t\t<div class=\"elementor-element elementor-element-606eef6 elementor-widget elementor-widget-image\" data-id=\"606eef6\" data-element_type=\"widget\" data-e-type=\"widget\" data-widget_type=\"image.default\">\n\t\t\t\t<div class=\"elementor-widget-container\">\n\t\t\t\t\t\t\t\t\t\t\t\t\t\t\t\t<a href=\"https:\/\/innokids.eu\/sk\/partners\/\">\n\t\t\t\t\t\t\t<img loading=\"lazy\" decoding=\"async\" width=\"801\" height=\"600\" src=\"https:\/\/innokids.eu\/wp-content\/uploads\/2024\/06\/azul_V1.png\" class=\"attachment-large size-large wp-image-2417\" alt=\"\" srcset=\"https:\/\/innokids.eu\/wp-content\/uploads\/2024\/06\/azul_V1.png 801w, https:\/\/innokids.eu\/wp-content\/uploads\/2024\/06\/azul_V1-300x225.png 300w, https:\/\/innokids.eu\/wp-content\/uploads\/2024\/06\/azul_V1-768x575.png 768w, https:\/\/innokids.eu\/wp-content\/uploads\/2024\/06\/azul_V1-16x12.png 16w\" sizes=\"(max-width: 801px) 100vw, 801px\" \/>\t\t\t\t\t\t\t\t<\/a>\n\t\t\t\t\t\t\t\t\t\t\t\t\t\t\t<\/div>\n\t\t\t\t<\/div>\n\t\t\t\t<\/div>\n\t\t<div class=\"has_eae_slider elementor-element elementor-element-571c683 e-con-full e-flex e-con e-child\" data-eae-slider=\"86807\" data-id=\"571c683\" data-element_type=\"container\" data-e-type=\"container\">\n\t\t\t\t<div class=\"elementor-element elementor-element-b623e9f elementor-widget elementor-widget-image\" data-id=\"b623e9f\" data-element_type=\"widget\" data-e-type=\"widget\" data-widget_type=\"image.default\">\n\t\t\t\t<div class=\"elementor-widget-container\">\n\t\t\t\t\t\t\t\t\t\t\t\t\t\t\t\t<a href=\"https:\/\/innokids.eu\/sk\/partners\/\">\n\t\t\t\t\t\t\t<img loading=\"lazy\" decoding=\"async\" width=\"843\" height=\"566\" src=\"https:\/\/innokids.eu\/wp-content\/uploads\/2023\/07\/MVNGO-Logo-1024x688.png\" class=\"attachment-large size-large wp-image-1987\" alt=\"\" srcset=\"https:\/\/innokids.eu\/wp-content\/uploads\/2023\/07\/MVNGO-Logo-1024x688.png 1024w, https:\/\/innokids.eu\/wp-content\/uploads\/2023\/07\/MVNGO-Logo-300x202.png 300w, https:\/\/innokids.eu\/wp-content\/uploads\/2023\/07\/MVNGO-Logo-768x516.png 768w, https:\/\/innokids.eu\/wp-content\/uploads\/2023\/07\/MVNGO-Logo-18x12.png 18w\" sizes=\"(max-width: 843px) 100vw, 843px\" \/>\t\t\t\t\t\t\t\t<\/a>\n\t\t\t\t\t\t\t\t\t\t\t\t\t\t\t<\/div>\n\t\t\t\t<\/div>\n\t\t\t\t<\/div>\n\t\t<div class=\"has_eae_slider elementor-element elementor-element-93221c0 e-con-full e-flex e-con e-child\" data-eae-slider=\"2126\" data-id=\"93221c0\" data-element_type=\"container\" data-e-type=\"container\">\n\t\t\t\t<div class=\"elementor-element elementor-element-33c4f8a elementor-widget elementor-widget-image\" data-id=\"33c4f8a\" data-element_type=\"widget\" data-e-type=\"widget\" data-widget_type=\"image.default\">\n\t\t\t\t<div class=\"elementor-widget-container\">\n\t\t\t\t\t\t\t\t\t\t\t\t\t\t\t\t<a href=\"https:\/\/innokids.eu\/sk\/partners\/\">\n\t\t\t\t\t\t\t<img loading=\"lazy\" decoding=\"async\" width=\"843\" height=\"726\" src=\"https:\/\/innokids.eu\/wp-content\/uploads\/2024\/06\/ECO-LOGIC-LOGO-1024x882.png\" class=\"attachment-large size-large wp-image-2418\" alt=\"\" srcset=\"https:\/\/innokids.eu\/wp-content\/uploads\/2024\/06\/ECO-LOGIC-LOGO-1024x882.png 1024w, https:\/\/innokids.eu\/wp-content\/uploads\/2024\/06\/ECO-LOGIC-LOGO-300x259.png 300w, https:\/\/innokids.eu\/wp-content\/uploads\/2024\/06\/ECO-LOGIC-LOGO-768x662.png 768w, https:\/\/innokids.eu\/wp-content\/uploads\/2024\/06\/ECO-LOGIC-LOGO-1536x1324.png 1536w, https:\/\/innokids.eu\/wp-content\/uploads\/2024\/06\/ECO-LOGIC-LOGO-2048x1765.png 2048w, https:\/\/innokids.eu\/wp-content\/uploads\/2024\/06\/ECO-LOGIC-LOGO-14x12.png 14w\" sizes=\"(max-width: 843px) 100vw, 843px\" \/>\t\t\t\t\t\t\t\t<\/a>\n\t\t\t\t\t\t\t\t\t\t\t\t\t\t\t<\/div>\n\t\t\t\t<\/div>\n\t\t\t\t<\/div>\n\t\t<div class=\"has_eae_slider elementor-element elementor-element-f5ae663 e-con-full e-flex e-con e-child\" data-eae-slider=\"45260\" data-id=\"f5ae663\" data-element_type=\"container\" data-e-type=\"container\">\n\t\t\t\t<div class=\"elementor-element elementor-element-9ce8c4f elementor-widget elementor-widget-image\" data-id=\"9ce8c4f\" data-element_type=\"widget\" data-e-type=\"widget\" data-widget_type=\"image.default\">\n\t\t\t\t<div class=\"elementor-widget-container\">\n\t\t\t\t\t\t\t\t\t\t\t\t\t\t\t\t<a href=\"https:\/\/innokids.eu\/sk\/partners\/\">\n\t\t\t\t\t\t\t<img loading=\"lazy\" decoding=\"async\" width=\"843\" height=\"636\" src=\"https:\/\/innokids.eu\/wp-content\/uploads\/2024\/06\/Logo_Pink-1024x772.png\" class=\"attachment-large size-large wp-image-2419\" alt=\"\" srcset=\"https:\/\/innokids.eu\/wp-content\/uploads\/2024\/06\/Logo_Pink-1024x772.png 1024w, https:\/\/innokids.eu\/wp-content\/uploads\/2024\/06\/Logo_Pink-300x226.png 300w, https:\/\/innokids.eu\/wp-content\/uploads\/2024\/06\/Logo_Pink-768x579.png 768w, https:\/\/innokids.eu\/wp-content\/uploads\/2024\/06\/Logo_Pink-16x12.png 16w, https:\/\/innokids.eu\/wp-content\/uploads\/2024\/06\/Logo_Pink.png 1304w\" sizes=\"(max-width: 843px) 100vw, 843px\" \/>\t\t\t\t\t\t\t\t<\/a>\n\t\t\t\t\t\t\t\t\t\t\t\t\t\t\t<\/div>\n\t\t\t\t<\/div>\n\t\t\t\t<\/div>\n\t\t\t\t\t<\/div>\n\t\t\t\t<\/div>\n\t\t\t\t\t<\/div>\n\t\t<\/div>\n\t\t\t\t\t<\/div>\n\t\t<\/section>\n\t\t\t\t<\/div>","protected":false},"excerpt":{"rendered":"<p>Vitajte v na\u0161om projekte Erasmus+ KA2 o vzdel\u00e1van\u00ed v oblasti udr\u017eate\u013en\u00e9ho mestsk\u00e9ho dizajnu Vydajte sa na cestu inov\u00e1ci\u00ed a spolupr\u00e1ce ako...<\/p>","protected":false},"author":1,"featured_media":0,"parent":0,"menu_order":0,"comment_status":"closed","ping_status":"closed","template":"","meta":{"iawp_total_views":2183,"footnotes":""},"class_list":["post-1576","page","type-page","status-publish","hentry"],"_links":{"self":[{"href":"https:\/\/innokids.eu\/sk\/wp-json\/wp\/v2\/pages\/1576","targetHints":{"allow":["GET"]}}],"collection":[{"href":"https:\/\/innokids.eu\/sk\/wp-json\/wp\/v2\/pages"}],"about":[{"href":"https:\/\/innokids.eu\/sk\/wp-json\/wp\/v2\/types\/page"}],"author":[{"embeddable":true,"href":"https:\/\/innokids.eu\/sk\/wp-json\/wp\/v2\/users\/1"}],"replies":[{"embeddable":true,"href":"https:\/\/innokids.eu\/sk\/wp-json\/wp\/v2\/comments?post=1576"}],"version-history":[{"count":203,"href":"https:\/\/innokids.eu\/sk\/wp-json\/wp\/v2\/pages\/1576\/revisions"}],"predecessor-version":[{"id":4367,"href":"https:\/\/innokids.eu\/sk\/wp-json\/wp\/v2\/pages\/1576\/revisions\/4367"}],"wp:attachment":[{"href":"https:\/\/innokids.eu\/sk\/wp-json\/wp\/v2\/media?parent=1576"}],"curies":[{"name":"wp","href":"https:\/\/api.w.org\/{rel}","templated":true}]}}