{"id":3604,"date":"2025-07-29T10:06:56","date_gmt":"2025-07-29T10:06:56","guid":{"rendered":"https:\/\/innokids.eu\/?page_id=3604"},"modified":"2025-07-29T16:06:16","modified_gmt":"2025-07-29T16:06:16","slug":"workshops-events","status":"publish","type":"page","link":"https:\/\/innokids.eu\/ro\/workshops-events\/","title":{"rendered":"Ateliere de lucru Evenimente"},"content":{"rendered":"<div data-elementor-type=\"wp-page\" data-elementor-id=\"3604\" class=\"elementor elementor-3604\">\n\t\t\t\t<div class=\"has_eae_slider elementor-element elementor-element-73e262d e-flex e-con-boxed e-con e-parent\" data-eae-slider=\"536\" data-id=\"73e262d\" data-element_type=\"container\" data-e-type=\"container\" data-settings=\"{&quot;background_background&quot;:&quot;classic&quot;}\">\n\t\t\t\t\t<div class=\"e-con-inner\">\n\t\t\t\t<div class=\"elementor-element elementor-element-8981c55 elementor-widget elementor-widget-heading\" data-id=\"8981c55\" data-element_type=\"widget\" data-e-type=\"widget\" data-widget_type=\"heading.default\">\n\t\t\t\t<div class=\"elementor-widget-container\">\n\t\t\t\t\t<h2 class=\"elementor-heading-title elementor-size-default\">Ateliere de lucru Evenimente<\/h2>\t\t\t\t<\/div>\n\t\t\t\t<\/div>\n\t\t\t\t\t<\/div>\n\t\t\t\t<\/div>\n\t\t<div class=\"has_eae_slider elementor-element elementor-element-24aa3ca e-flex e-con-boxed e-con e-parent\" data-eae-slider=\"33465\" data-id=\"24aa3ca\" data-element_type=\"container\" data-e-type=\"container\" data-settings=\"{&quot;background_background&quot;:&quot;classic&quot;}\">\n\t\t\t\t\t<div class=\"e-con-inner\">\n\t\t<div class=\"has_eae_slider elementor-element elementor-element-c7be7ee e-con-full e-flex e-con e-child\" data-eae-slider=\"60648\" data-id=\"c7be7ee\" data-element_type=\"container\" data-e-type=\"container\">\n\t\t<div class=\"has_eae_slider elementor-element elementor-element-bc09d18 e-con-full e-flex e-con e-child\" data-eae-slider=\"67273\" data-id=\"bc09d18\" data-element_type=\"container\" data-e-type=\"container\">\n\t\t\t\t<div class=\"elementor-element elementor-element-6361bd9 elementor-widget elementor-widget-heading\" data-id=\"6361bd9\" data-element_type=\"widget\" data-e-type=\"widget\" data-widget_type=\"heading.default\">\n\t\t\t\t<div class=\"elementor-widget-container\">\n\t\t\t\t\t<h2 class=\"elementor-heading-title elementor-size-default\">STROM ZIVOTA<\/h2>\t\t\t\t<\/div>\n\t\t\t\t<\/div>\n\t\t\t\t<div class=\"elementor-element elementor-element-5ec4ede elementor-widget elementor-widget-text-editor\" data-id=\"5ec4ede\" data-element_type=\"widget\" data-e-type=\"widget\" data-widget_type=\"text-editor.default\">\n\t\t\t\t<div class=\"elementor-widget-container\">\n\t\t\t\t\t\t\t\t\t<p>\u00cen cur\u00e2nd va fi actualizat!<\/p>\t\t\t\t\t\t\t\t<\/div>\n\t\t\t\t<\/div>\n\t\t\t\t<\/div>\n\t\t<div class=\"has_eae_slider elementor-element elementor-element-76d41bb e-con-full e-flex e-con e-child\" data-eae-slider=\"29915\" data-id=\"76d41bb\" data-element_type=\"container\" data-e-type=\"container\">\n\t\t\t\t<\/div>\n\t\t\t\t<\/div>\n\t\t\t\t\t<\/div>\n\t\t\t\t<\/div>\n\t\t<div class=\"has_eae_slider elementor-element elementor-element-8639a73 e-flex e-con-boxed e-con e-parent\" data-eae-slider=\"18452\" data-id=\"8639a73\" data-element_type=\"container\" data-e-type=\"container\" data-settings=\"{&quot;background_background&quot;:&quot;classic&quot;}\">\n\t\t\t\t\t<div class=\"e-con-inner\">\n\t\t<div class=\"has_eae_slider elementor-element elementor-element-fc3c0b9 e-con-full e-flex e-con e-child\" data-eae-slider=\"39224\" data-id=\"fc3c0b9\" data-element_type=\"container\" data-e-type=\"container\">\n\t\t<div class=\"has_eae_slider elementor-element elementor-element-b60eff9 e-con-full e-flex e-con e-child\" data-eae-slider=\"26050\" data-id=\"b60eff9\" data-element_type=\"container\" data-e-type=\"container\">\n\t\t\t\t<div class=\"elementor-element elementor-element-908983b elementor-widget elementor-widget-heading\" data-id=\"908983b\" data-element_type=\"widget\" data-e-type=\"widget\" data-widget_type=\"heading.default\">\n\t\t\t\t<div class=\"elementor-widget-container\">\n\t\t\t\t\t<h2 class=\"elementor-heading-title elementor-size-default\">CASPAE<\/h2>\t\t\t\t<\/div>\n\t\t\t\t<\/div>\n\t\t\t\t<div class=\"elementor-element elementor-element-f4cf618 elementor-widget elementor-widget-text-editor\" data-id=\"f4cf618\" data-element_type=\"widget\" data-e-type=\"widget\" data-widget_type=\"text-editor.default\">\n\t\t\t\t<div class=\"elementor-widget-container\">\n\t\t\t\t\t\t\t\t\t<p class=\"translation-block\"><span class=\"NormalTextRun SCXW236502639 BCX0\"> Atelierele au avut <\/span><span class=\"NormalTextRun SCXW236502639 BCX0\">un mare succes<\/span><span class=\"NormalTextRun SCXW236502639 BCX0\">, implic\u00e2nd copiii \u00een activit\u0103\u021bi interactive \u0219i educative axate pe durabilitatea urban\u0103. Participan\u021bii au avut ocazia s\u0103 construiasc\u0103 diverse medii imaginative folosind materiale reciclate \u0219i ecologice, \u00eembin\u00e2nd creativitatea cu \u00eenv\u0103\u021barea. Aceste sesiuni practice nu numai c\u0103 le-au st\u00e2rnit interesul pentru problemele de mediu, dar au \u0219i pus bazele unei g\u00e2ndiri bazate pe STEM \u00een abordarea provoc\u0103rilor din lumea real\u0103, cum ar fi schimb\u0103rile climatice. Copiii <\/span><span class=\"NormalTextRun SCXW236502639 BCX0\">au demonstrat<\/span><span class=\"NormalTextRun SCXW236502639 BCX0\"> o curiozitate \u0219i o \u00een\u021belegere \u00een cre\u0219tere a planific\u0103rii durabile a ora\u0219elor, consolidat\u0103 \u0219i mai mult de atmosfera distractiv\u0103 \u0219i colaborativ\u0103 a atelierelor.<\/span><\/p>\t\t\t\t\t\t\t\t<\/div>\n\t\t\t\t<\/div>\n\t\t\t\t<\/div>\n\t\t<div class=\"has_eae_slider elementor-element elementor-element-0b9008b e-con-full e-flex e-con e-child\" data-eae-slider=\"50720\" data-id=\"0b9008b\" data-element_type=\"container\" data-e-type=\"container\">\n\t\t\t\t<div class=\"elementor-element elementor-element-cdb0c86 elementor-arrows-position-inside elementor-pagination-position-outside elementor-widget elementor-widget-image-carousel\" data-id=\"cdb0c86\" data-element_type=\"widget\" data-e-type=\"widget\" data-settings=\"{&quot;slides_to_show&quot;:&quot;1&quot;,&quot;navigation&quot;:&quot;both&quot;,&quot;autoplay&quot;:&quot;yes&quot;,&quot;autoplay_speed&quot;:5000,&quot;infinite&quot;:&quot;yes&quot;,&quot;effect&quot;:&quot;slide&quot;,&quot;speed&quot;:500}\" data-widget_type=\"image-carousel.default\">\n\t\t\t\t<div class=\"elementor-widget-container\">\n\t\t\t\t\t\t\t<div class=\"elementor-image-carousel-wrapper swiper\" role=\"region\" aria-roledescription=\"carousel\" aria-label=\"Carusel de imagini\" dir=\"ltr\">\n\t\t\t<div class=\"elementor-image-carousel swiper-wrapper swiper-image-stretch\" aria-live=\"off\">\n\t\t\t\t\t\t\t\t<div class=\"swiper-slide\" role=\"group\" aria-roledescription=\"slide\" aria-label=\"1 din 1\"><a data-elementor-open-lightbox=\"yes\" data-elementor-lightbox-slideshow=\"cdb0c86\" data-e-action-hash=\"#elementor-action%3Aaction%3Dlightbox%26settings%3DeyJpZCI6MzYzMCwidXJsIjoiaHR0cHM6XC9cL2lubm9raWRzLmV1XC93cC1jb250ZW50XC91cGxvYWRzXC8yMDI1XC8wN1wvY2Fwc2UtcmV0aXJlbWVudC1ob21lMy0xLmpwZyIsInNsaWRlc2hvdyI6ImNkYjBjODYifQ%3D%3D\" href=\"https:\/\/innokids.eu\/wp-content\/uploads\/2025\/07\/capse-retirement-home3-1.jpg\"><figure class=\"swiper-slide-inner\"><img decoding=\"async\" class=\"swiper-slide-image\" src=\"https:\/\/innokids.eu\/wp-content\/uploads\/2025\/07\/capse-retirement-home3-1-1024x768.jpg\" alt=\"capse-retirement-home3\" \/><\/figure><\/a><\/div>\t\t\t<\/div>\n\t\t\t\t\t<\/div>\n\t\t\t\t\t\t<\/div>\n\t\t\t\t<\/div>\n\t\t\t\t<\/div>\n\t\t\t\t<\/div>\n\t\t\t\t\t<\/div>\n\t\t\t\t<\/div>\n\t\t<div class=\"has_eae_slider elementor-element elementor-element-5ab9458 e-flex e-con-boxed e-con e-parent\" data-eae-slider=\"57477\" data-id=\"5ab9458\" data-element_type=\"container\" data-e-type=\"container\" data-settings=\"{&quot;background_background&quot;:&quot;classic&quot;}\">\n\t\t\t\t\t<div class=\"e-con-inner\">\n\t\t<div class=\"has_eae_slider elementor-element elementor-element-3aebcd7 e-con-full e-flex e-con e-child\" data-eae-slider=\"49544\" data-id=\"3aebcd7\" data-element_type=\"container\" data-e-type=\"container\">\n\t\t<div class=\"has_eae_slider elementor-element elementor-element-78841c3 e-con-full e-flex e-con e-child\" data-eae-slider=\"68318\" data-id=\"78841c3\" data-element_type=\"container\" data-e-type=\"container\">\n\t\t\t\t<div class=\"elementor-element elementor-element-85f4718 elementor-widget elementor-widget-heading\" data-id=\"85f4718\" data-element_type=\"widget\" data-e-type=\"widget\" data-widget_type=\"heading.default\">\n\t\t\t\t<div class=\"elementor-widget-container\">\n\t\t\t\t\t<h2 class=\"elementor-heading-title elementor-size-default\">MVNGO<\/h2>\t\t\t\t<\/div>\n\t\t\t\t<\/div>\n\t\t\t\t<div class=\"elementor-element elementor-element-9df8f62 elementor-widget elementor-widget-text-editor\" data-id=\"9df8f62\" data-element_type=\"widget\" data-e-type=\"widget\" data-widget_type=\"text-editor.default\">\n\t\t\t\t<div class=\"elementor-widget-container\">\n\t\t\t\t\t\t\t\t\t<p>\u00cen cur\u00e2nd va fi actualizat!<\/p>\t\t\t\t\t\t\t\t<\/div>\n\t\t\t\t<\/div>\n\t\t\t\t<\/div>\n\t\t<div class=\"has_eae_slider elementor-element elementor-element-23684f6 e-con-full e-flex e-con e-child\" data-eae-slider=\"18773\" data-id=\"23684f6\" data-element_type=\"container\" data-e-type=\"container\">\n\t\t\t\t<\/div>\n\t\t\t\t<\/div>\n\t\t\t\t\t<\/div>\n\t\t\t\t<\/div>\n\t\t<div class=\"has_eae_slider elementor-element elementor-element-b861c85 e-flex e-con-boxed e-con e-parent\" data-eae-slider=\"6571\" data-id=\"b861c85\" data-element_type=\"container\" data-e-type=\"container\" data-settings=\"{&quot;background_background&quot;:&quot;classic&quot;}\">\n\t\t\t\t\t<div class=\"e-con-inner\">\n\t\t<div class=\"has_eae_slider elementor-element elementor-element-6200001 e-con-full e-flex e-con e-child\" data-eae-slider=\"56740\" data-id=\"6200001\" data-element_type=\"container\" data-e-type=\"container\">\n\t\t<div class=\"has_eae_slider elementor-element elementor-element-e955446 e-con-full e-flex e-con e-child\" data-eae-slider=\"27302\" data-id=\"e955446\" data-element_type=\"container\" data-e-type=\"container\">\n\t\t\t\t<div class=\"elementor-element elementor-element-5b507fa elementor-widget elementor-widget-heading\" data-id=\"5b507fa\" data-element_type=\"widget\" data-e-type=\"widget\" data-widget_type=\"heading.default\">\n\t\t\t\t<div class=\"elementor-widget-container\">\n\t\t\t\t\t<h2 class=\"elementor-heading-title elementor-size-default\">ECO-LOGIC<\/h2>\t\t\t\t<\/div>\n\t\t\t\t<\/div>\n\t\t\t\t<div class=\"elementor-element elementor-element-90d1fe1 elementor-widget elementor-widget-text-editor\" data-id=\"90d1fe1\" data-element_type=\"widget\" data-e-type=\"widget\" data-widget_type=\"text-editor.default\">\n\t\t\t\t<div class=\"elementor-widget-container\">\n\t\t\t\t\t\t\t\t\t<p><span class=\"TextRun SCXW101158494 BCX0\" lang=\"EN-US\" xml:lang=\"EN-US\" data-contrast=\"auto\"><span class=\"NormalTextRun SCXW101158494 BCX0\"> Elevii au fost familiariza\u021bi cu principiile fundamentale ale dezvolt\u0103rii durabile \u0219i au explorat modul \u00een care aceste idei se intersecteaz\u0103 cu diferite elemente ale vie\u021bii comunitare. Fie c\u0103 au proiectat straturi de flori, gr\u0103dini pentru albine, terenuri de fotbal sau au reimaginat oficiile po\u0219tale locale, elevii au \u00eenv\u0103\u021bat s\u0103 aplice durabilitatea \u00een moduri diverse \u0219i creative. Proiectele au pus accentul pe munca \u00een echip\u0103, rezolvarea problemelor \u0219i inovare, permi\u021b\u00e2nd elevilor s\u0103 conceptualizeze \u0219i s\u0103 construiasc\u0103 modele eco-con\u0219tiente. Prin acest proces, ei au dezvoltat o apreciere mai profund\u0103 pentru gestionarea mediului \u0219i au dob\u00e2ndit cuno\u0219tin\u021be practice despre modul \u00een care planificarea \u0219i proiectarea atent\u0103 pot contribui la crearea unor comunit\u0103\u021bi mai s\u0103n\u0103toase \u0219i mai reziliente.<\/span><\/span><span class=\"EOP SCXW101158494 BCX0\" data-ccp-props=\"{&quot;134233117&quot;:false,&quot;134233118&quot;:false,&quot;335551550&quot;:1,&quot;335551620&quot;:1,&quot;335559738&quot;:240,&quot;335559739&quot;:240}\">\u00a0<\/span><\/p>\t\t\t\t\t\t\t\t<\/div>\n\t\t\t\t<\/div>\n\t\t\t\t<\/div>\n\t\t<div class=\"has_eae_slider elementor-element elementor-element-da6fa91 e-con-full e-flex e-con e-child\" data-eae-slider=\"87724\" data-id=\"da6fa91\" data-element_type=\"container\" data-e-type=\"container\">\n\t\t\t\t<div class=\"elementor-element elementor-element-25536ed elementor-arrows-position-inside elementor-pagination-position-outside elementor-widget elementor-widget-image-carousel\" data-id=\"25536ed\" data-element_type=\"widget\" data-e-type=\"widget\" data-settings=\"{&quot;slides_to_show&quot;:&quot;1&quot;,&quot;navigation&quot;:&quot;both&quot;,&quot;autoplay&quot;:&quot;yes&quot;,&quot;autoplay_speed&quot;:5000,&quot;infinite&quot;:&quot;yes&quot;,&quot;effect&quot;:&quot;slide&quot;,&quot;speed&quot;:500}\" data-widget_type=\"image-carousel.default\">\n\t\t\t\t<div class=\"elementor-widget-container\">\n\t\t\t\t\t\t\t<div class=\"elementor-image-carousel-wrapper swiper\" role=\"region\" aria-roledescription=\"carousel\" aria-label=\"Carusel de imagini\" dir=\"ltr\">\n\t\t\t<div class=\"elementor-image-carousel swiper-wrapper swiper-image-stretch\" aria-live=\"off\">\n\t\t\t\t\t\t\t\t<div class=\"swiper-slide\" role=\"group\" aria-roledescription=\"slide\" aria-label=\"1 din 1\"><a data-elementor-open-lightbox=\"yes\" data-elementor-lightbox-slideshow=\"25536ed\" data-e-action-hash=\"#elementor-action%3Aaction%3Dlightbox%26settings%3DeyJpZCI6MzYyOCwidXJsIjoiaHR0cHM6XC9cL2lubm9raWRzLmV1XC93cC1jb250ZW50XC91cGxvYWRzXC8yMDI1XC8wN1wvaW5ubzIuanBnIiwic2xpZGVzaG93IjoiMjU1MzZlZCJ9\" href=\"https:\/\/innokids.eu\/wp-content\/uploads\/2025\/07\/inno2.jpg\"><figure class=\"swiper-slide-inner\"><img decoding=\"async\" class=\"swiper-slide-image\" src=\"https:\/\/innokids.eu\/wp-content\/uploads\/2025\/07\/inno2-1024x768.jpg\" alt=\"inno2\" \/><\/figure><\/a><\/div>\t\t\t<\/div>\n\t\t\t\t\t<\/div>\n\t\t\t\t\t\t<\/div>\n\t\t\t\t<\/div>\n\t\t\t\t<\/div>\n\t\t\t\t<\/div>\n\t\t\t\t\t<\/div>\n\t\t\t\t<\/div>\n\t\t<div class=\"has_eae_slider elementor-element elementor-element-9cb472a e-flex e-con-boxed e-con e-parent\" data-eae-slider=\"66555\" data-id=\"9cb472a\" data-element_type=\"container\" data-e-type=\"container\" data-settings=\"{&quot;background_background&quot;:&quot;classic&quot;}\">\n\t\t\t\t\t<div class=\"e-con-inner\">\n\t\t<div class=\"has_eae_slider elementor-element elementor-element-c8df5e9 e-con-full e-flex e-con e-child\" data-eae-slider=\"59324\" data-id=\"c8df5e9\" data-element_type=\"container\" data-e-type=\"container\">\n\t\t<div class=\"has_eae_slider elementor-element elementor-element-feb1bf5 e-con-full e-flex e-con e-child\" data-eae-slider=\"94575\" data-id=\"feb1bf5\" data-element_type=\"container\" data-e-type=\"container\">\n\t\t\t\t<div class=\"elementor-element elementor-element-19f0945 elementor-widget elementor-widget-heading\" data-id=\"19f0945\" data-element_type=\"widget\" data-e-type=\"widget\" data-widget_type=\"heading.default\">\n\t\t\t\t<div class=\"elementor-widget-container\">\n\t\t\t\t\t<h2 class=\"elementor-heading-title elementor-size-default\">CFPC<\/h2>\t\t\t\t<\/div>\n\t\t\t\t<\/div>\n\t\t\t\t<div class=\"elementor-element elementor-element-9a59020 elementor-widget elementor-widget-text-editor\" data-id=\"9a59020\" data-element_type=\"widget\" data-e-type=\"widget\" data-widget_type=\"text-editor.default\">\n\t\t\t\t<div class=\"elementor-widget-container\">\n\t\t\t\t\t\t\t\t\t<p><span class=\"TextRun SCXW2600702 BCX0\" lang=\"EN-US\" xml:lang=\"EN-US\" data-contrast=\"auto\"><span class=\"NormalTextRun SCXW2600702 BCX0\"> Copiii au fost ghida\u021bi printr-o serie de activit\u0103\u021bi dinamice care se \u00eenv\u00e2rteau \u00een jurul unor medii comunitare comune, cum ar fi acvarii, sec\u021bii de poli\u021bie, b\u0103nci, diguri, parcuri \u0219i multe altele. Fiecare activitate a fost conceput\u0103 cu scopul de a introduce concepte de proiectare urban\u0103 durabil\u0103 \u00eentr-un mod la care pre\u0219colarii se pot raporta cu u\u0219urin\u021b\u0103. Prin implicarea \u00een spa\u021bii familiare, elevii au putut s\u0103 fac\u0103 leg\u0103tura \u00eentre durabilitate \u0219i mediul lor cotidian. Aceste exerci\u021bii au crescut \u00een mod eficient gradul de con\u0219tientizare cu privire la infrastructura ecologic\u0103 \u0219i au \u00eencurajat g\u00e2ndirea timpurie cu privire la modul \u00een care ora\u0219ele pot fi at\u00e2t func\u021bionale, c\u00e2t \u0219i ecologice. Idei fundamentale precum spa\u021biile verzi, materialele regenerabile \u0219i eficien\u021ba energetic\u0103 au fost integrate perfect \u00een experien\u021ba de \u00eenv\u0103\u021bare.<\/span><\/span><\/p>\t\t\t\t\t\t\t\t<\/div>\n\t\t\t\t<\/div>\n\t\t\t\t<\/div>\n\t\t<div class=\"has_eae_slider elementor-element elementor-element-b69b935 e-con-full e-flex e-con e-child\" data-eae-slider=\"89878\" data-id=\"b69b935\" data-element_type=\"container\" data-e-type=\"container\">\n\t\t\t\t<div class=\"elementor-element elementor-element-bd9d372 elementor-arrows-position-inside elementor-pagination-position-outside elementor-widget elementor-widget-image-carousel\" data-id=\"bd9d372\" data-element_type=\"widget\" data-e-type=\"widget\" data-settings=\"{&quot;slides_to_show&quot;:&quot;1&quot;,&quot;navigation&quot;:&quot;both&quot;,&quot;autoplay&quot;:&quot;yes&quot;,&quot;autoplay_speed&quot;:5000,&quot;infinite&quot;:&quot;yes&quot;,&quot;effect&quot;:&quot;slide&quot;,&quot;speed&quot;:500}\" data-widget_type=\"image-carousel.default\">\n\t\t\t\t<div class=\"elementor-widget-container\">\n\t\t\t\t\t\t\t<div class=\"elementor-image-carousel-wrapper swiper\" role=\"region\" aria-roledescription=\"carousel\" aria-label=\"Carusel de imagini\" dir=\"ltr\">\n\t\t\t<div class=\"elementor-image-carousel swiper-wrapper swiper-image-stretch\" aria-live=\"off\">\n\t\t\t\t\t\t\t\t<div class=\"swiper-slide\" role=\"group\" aria-roledescription=\"slide\" aria-label=\"1 din 1\"><a data-elementor-open-lightbox=\"yes\" data-elementor-lightbox-slideshow=\"bd9d372\" data-e-action-hash=\"#elementor-action%3Aaction%3Dlightbox%26settings%3DeyJpZCI6MzYzMSwidXJsIjoiaHR0cHM6XC9cL2lubm9raWRzLmV1XC93cC1jb250ZW50XC91cGxvYWRzXC8yMDI1XC8wN1wvV2hhdHNBcHAtSW1hZ2UtMjAyNS0wMi0wNy1hdC0xMS4zMi4wMC0xLmpwZWciLCJzbGlkZXNob3ciOiJiZDlkMzcyIn0%3D\" href=\"https:\/\/innokids.eu\/wp-content\/uploads\/2025\/07\/WhatsApp-Image-2025-02-07-at-11.32.00-1.jpeg\"><figure class=\"swiper-slide-inner\"><img decoding=\"async\" class=\"swiper-slide-image\" src=\"https:\/\/innokids.eu\/wp-content\/uploads\/2025\/07\/WhatsApp-Image-2025-02-07-at-11.32.00-1-1024x768.jpeg\" alt=\"WhatsApp Image 2025-02-07 at 11.32.00 (1)\" \/><\/figure><\/a><\/div>\t\t\t<\/div>\n\t\t\t\t\t<\/div>\n\t\t\t\t\t\t<\/div>\n\t\t\t\t<\/div>\n\t\t\t\t<\/div>\n\t\t\t\t<\/div>\n\t\t\t\t\t<\/div>\n\t\t\t\t<\/div>\n\t\t\t\t<\/div>","protected":false},"excerpt":{"rendered":"<p>Ateliere Evenimente STROM ZIVOTA \u00cen cur\u00e2nd va fi actualizat! CASPAE Atelierele au avut mare succes, antren\u00e2nd copiii \u00een activit\u0103\u021bi interactive \u0219i educative...<\/p>","protected":false},"author":5,"featured_media":0,"parent":0,"menu_order":0,"comment_status":"closed","ping_status":"closed","template":"","meta":{"iawp_total_views":62,"footnotes":""},"class_list":["post-3604","page","type-page","status-publish","hentry"],"_links":{"self":[{"href":"https:\/\/innokids.eu\/ro\/wp-json\/wp\/v2\/pages\/3604","targetHints":{"allow":["GET"]}}],"collection":[{"href":"https:\/\/innokids.eu\/ro\/wp-json\/wp\/v2\/pages"}],"about":[{"href":"https:\/\/innokids.eu\/ro\/wp-json\/wp\/v2\/types\/page"}],"author":[{"embeddable":true,"href":"https:\/\/innokids.eu\/ro\/wp-json\/wp\/v2\/users\/5"}],"replies":[{"embeddable":true,"href":"https:\/\/innokids.eu\/ro\/wp-json\/wp\/v2\/comments?post=3604"}],"version-history":[{"count":16,"href":"https:\/\/innokids.eu\/ro\/wp-json\/wp\/v2\/pages\/3604\/revisions"}],"predecessor-version":[{"id":3634,"href":"https:\/\/innokids.eu\/ro\/wp-json\/wp\/v2\/pages\/3604\/revisions\/3634"}],"wp:attachment":[{"href":"https:\/\/innokids.eu\/ro\/wp-json\/wp\/v2\/media?parent=3604"}],"curies":[{"name":"wp","href":"https:\/\/api.w.org\/{rel}","templated":true}]}}