{"id":1536,"date":"2023-01-25T11:59:44","date_gmt":"2023-01-25T11:59:44","guid":{"rendered":"https:\/\/29e4aaa2-b025-48da-b57e-79ef59e549ee.eu02.conves.io\/?page_id=1536"},"modified":"2024-11-20T09:07:47","modified_gmt":"2024-11-20T09:07:47","slug":"partners","status":"publish","type":"page","link":"https:\/\/innokids.eu\/ro\/partners\/","title":{"rendered":"Parteneri"},"content":{"rendered":"<div data-elementor-type=\"wp-page\" data-elementor-id=\"1536\" class=\"elementor elementor-1536\">\n\t\t\t\t<div class=\"has_eae_slider elementor-element elementor-element-3b034fa e-con-full e-flex e-con e-parent\" data-eae-slider=\"11119\" data-id=\"3b034fa\" data-element_type=\"container\" data-e-type=\"container\">\n\t\t<div class=\"has_eae_slider elementor-element elementor-element-3102213 e-con-full e-flex e-con e-child\" data-eae-slider=\"95336\" data-id=\"3102213\" data-element_type=\"container\" data-e-type=\"container\">\n\t\t\t\t<div class=\"elementor-element elementor-element-b5d67b7 elementor-widget elementor-widget-image\" data-id=\"b5d67b7\" data-element_type=\"widget\" data-e-type=\"widget\" data-widget_type=\"image.default\">\n\t\t\t\t<div class=\"elementor-widget-container\">\n\t\t\t\t\t\t\t\t\t\t\t\t\t\t\t<img fetchpriority=\"high\" decoding=\"async\" width=\"300\" height=\"217\" src=\"https:\/\/innokids.eu\/wp-content\/uploads\/2024\/11\/extra_rubikova_kocka-300x217.png\" class=\"attachment-medium size-medium wp-image-3085\" alt=\"\" srcset=\"https:\/\/innokids.eu\/wp-content\/uploads\/2024\/11\/extra_rubikova_kocka-300x217.png 300w, https:\/\/innokids.eu\/wp-content\/uploads\/2024\/11\/extra_rubikova_kocka-18x12.png 18w, https:\/\/innokids.eu\/wp-content\/uploads\/2024\/11\/extra_rubikova_kocka.png 533w\" sizes=\"(max-width: 300px) 100vw, 300px\" \/>\t\t\t\t\t\t\t\t\t\t\t\t\t\t\t<\/div>\n\t\t\t\t<\/div>\n\t\t\t\t<\/div>\n\t\t<div class=\"has_eae_slider elementor-element elementor-element-263b934 e-con-full e-flex e-con e-child\" data-eae-slider=\"99162\" data-id=\"263b934\" data-element_type=\"container\" data-e-type=\"container\">\n\t\t\t\t<\/div>\n\t\t\t\t<\/div>\n\t\t<div class=\"has_eae_slider elementor-element elementor-element-ee5efcd e-flex e-con-boxed e-con e-parent\" data-eae-slider=\"33741\" data-id=\"ee5efcd\" data-element_type=\"container\" data-e-type=\"container\" data-settings=\"{&quot;background_background&quot;:&quot;classic&quot;}\">\n\t\t\t\t\t<div class=\"e-con-inner\">\n\t\t\t\t<div class=\"elementor-element elementor-element-c3029b4 elementor-widget elementor-widget-heading\" data-id=\"c3029b4\" data-element_type=\"widget\" data-e-type=\"widget\" data-widget_type=\"heading.default\">\n\t\t\t\t<div class=\"elementor-widget-container\">\n\t\t\t\t\t<h2 class=\"elementor-heading-title elementor-size-default\">Parteneri<\/h2>\t\t\t\t<\/div>\n\t\t\t\t<\/div>\n\t\t\t\t\t<\/div>\n\t\t\t\t<\/div>\n\t\t\t\t<section class=\"has_eae_slider elementor-section elementor-top-section elementor-element elementor-element-c1d5ead elementor-section-full_width elementor-section-height-default elementor-section-height-default\" data-eae-slider=\"92049\" data-id=\"c1d5ead\" data-element_type=\"section\" data-e-type=\"section\" data-settings=\"{&quot;background_background&quot;:&quot;classic&quot;}\">\n\t\t\t\t\t\t<div class=\"elementor-container elementor-column-gap-default\">\n\t\t\t\t\t<div class=\"has_eae_slider elementor-column elementor-col-33 elementor-top-column elementor-element elementor-element-7ec46dd\" data-eae-slider=\"53492\" data-id=\"7ec46dd\" data-element_type=\"column\" data-e-type=\"column\" data-settings=\"{&quot;background_background&quot;:&quot;classic&quot;}\">\n\t\t\t<div class=\"elementor-widget-wrap elementor-element-populated\">\n\t\t\t\t\t\t<div class=\"elementor-element elementor-element-d6463c2 elementor-widget elementor-widget-image\" data-id=\"d6463c2\" data-element_type=\"widget\" data-e-type=\"widget\" data-widget_type=\"image.default\">\n\t\t\t\t<div class=\"elementor-widget-container\">\n\t\t\t\t\t\t\t\t\t\t\t\t\t\t\t\t<a href=\"https:\/\/stromzivota.sk\/\" target=\"_blank\" rel=\"noopener\">\n\t\t\t\t\t\t\t<img decoding=\"async\" width=\"843\" height=\"286\" src=\"https:\/\/innokids.eu\/wp-content\/uploads\/2024\/06\/strom-zivota-logo-zelene-1024x347.png\" class=\"elementor-animation-grow attachment-large size-large wp-image-2420\" alt=\"\" srcset=\"https:\/\/innokids.eu\/wp-content\/uploads\/2024\/06\/strom-zivota-logo-zelene-1024x347.png 1024w, https:\/\/innokids.eu\/wp-content\/uploads\/2024\/06\/strom-zivota-logo-zelene-300x102.png 300w, https:\/\/innokids.eu\/wp-content\/uploads\/2024\/06\/strom-zivota-logo-zelene-768x260.png 768w, https:\/\/innokids.eu\/wp-content\/uploads\/2024\/06\/strom-zivota-logo-zelene-1536x520.png 1536w, https:\/\/innokids.eu\/wp-content\/uploads\/2024\/06\/strom-zivota-logo-zelene-2048x693.png 2048w, https:\/\/innokids.eu\/wp-content\/uploads\/2024\/06\/strom-zivota-logo-zelene-18x6.png 18w\" sizes=\"(max-width: 843px) 100vw, 843px\" \/>\t\t\t\t\t\t\t\t<\/a>\n\t\t\t\t\t\t\t\t\t\t\t\t\t\t\t<\/div>\n\t\t\t\t<\/div>\n\t\t\t\t<div class=\"elementor-element elementor-element-bb38d4f elementor-widget elementor-widget-text-editor\" data-id=\"bb38d4f\" data-element_type=\"widget\" data-e-type=\"widget\" data-widget_type=\"text-editor.default\">\n\t\t\t\t<div class=\"elementor-widget-container\">\n\t\t\t\t\t\t\t\t\t<p><span style=\"font-weight: 400;\">Strom \u017eivota este o organiza\u021bie non-profit, \u00eenregistrat\u0103 ca organiza\u021bie civic\u0103 \u0219i are o experien\u021b\u0103 de peste 40 de ani \u00een Slovacia. Strom \u017eivota organizeaz\u0103 programe pe tot parcursul anului pentru gr\u0103dini\u021be \u0219i \u0219coli primare, axate pe educa\u021bia ecologic\u0103, educa\u021bia \u00een aer liber \u0219i \u00eenv\u0103\u021barea bazat\u0103 pe investiga\u021bie \u00een \u00eentreaga Slovacia. Activit\u0103\u021bile oferite de organiza\u021bii trezesc dorin\u021ba copiilor de a \u00eenv\u0103\u021ba, de a se schimba \u0219i de a ac\u021biona \u00een favoarea protej\u0103rii \u0219i \u00eembun\u0103t\u0103\u021birii vie\u021bii pe P\u0103m\u00e2nt prin educa\u021bia sa experien\u021bial\u0103 despre natur\u0103, mediu \u0219i calitatea vie\u021bii. \u00cen acela\u0219i timp, aceast\u0103 organiza\u021bie \u00eencearc\u0103 s\u0103 evolueze inteligen\u021ba emo\u021bional\u0103 a copiilor, s\u0103 le influen\u021beze sistemul de valori \u0219i s\u0103 le consolideze responsabilitatea personal\u0103 fa\u021b\u0103 de ei \u00een\u0219i\u0219i, fa\u021b\u0103 de ceilal\u021bi \u0219i fa\u021b\u0103 de lume.\u00a0<\/span><\/p><p><span style=\"font-weight: 400;\">Strom \u017eivota acord\u0103 aten\u021bie unor subiecte precum dezvoltarea personal\u0103 a copiilor \u0219i a tinerilor, \u00een special prin dezvoltarea creativit\u0103\u021bii, a abilit\u0103\u021bilor de comunicare \u0219i de prezentare, a talentului, a competen\u021belor de lectur\u0103, a abilit\u0103\u021bilor de utilizare competent\u0103 a mass-media \u0219i a g\u00e2ndirii critice. De asemenea, organiza\u021bia sprijin\u0103 activit\u0103\u021bile artistice ale tinerilor, activit\u0103\u021bile care sprijin\u0103 un stil de via\u021b\u0103 s\u0103n\u0103tos \u0219i activit\u0103\u021bile care dezvolt\u0103 abilit\u0103\u021bi inovatoare \u0219i tehnice esen\u021biale pentru via\u021ba lor viitoare.\u00a0<\/span><\/p><p><span style=\"font-weight: 400;\">Organiza\u021bia pune un accent deosebit pe interactivitate (lucru \u00een echip\u0103, cet\u0103\u021benie activ\u0103), experien\u021b\u0103 personal\u0103 (\u00eenv\u0103\u021bare bazat\u0103 pe investiga\u021bie \u0219i voluntariat), petrecerea timpului \u00een natur\u0103 (educa\u021bie \u00een aer liber).\u00a0<\/span><\/p>\t\t\t\t\t\t\t\t<\/div>\n\t\t\t\t<\/div>\n\t\t\t\t\t<\/div>\n\t\t<\/div>\n\t\t\t\t<div class=\"has_eae_slider elementor-column elementor-col-33 elementor-top-column elementor-element elementor-element-1da5cbf\" data-eae-slider=\"63650\" data-id=\"1da5cbf\" data-element_type=\"column\" data-e-type=\"column\">\n\t\t\t<div class=\"elementor-widget-wrap\">\n\t\t\t\t\t\t\t<\/div>\n\t\t<\/div>\n\t\t\t\t<div class=\"has_eae_slider elementor-column elementor-col-33 elementor-top-column elementor-element elementor-element-63e2c51\" data-eae-slider=\"33206\" data-id=\"63e2c51\" data-element_type=\"column\" data-e-type=\"column\" data-settings=\"{&quot;background_background&quot;:&quot;classic&quot;}\">\n\t\t\t<div class=\"elementor-widget-wrap elementor-element-populated\">\n\t\t\t\t\t\t<div class=\"elementor-element elementor-element-88b1632 elementor-widget elementor-widget-image\" data-id=\"88b1632\" data-element_type=\"widget\" data-e-type=\"widget\" data-widget_type=\"image.default\">\n\t\t\t\t<div class=\"elementor-widget-container\">\n\t\t\t\t\t\t\t\t\t\t\t\t\t\t\t\t<a href=\"https:\/\/caspae.pt\/PT\/\" target=\"_blank\" rel=\"noopener\">\n\t\t\t\t\t\t\t<img decoding=\"async\" width=\"801\" height=\"600\" src=\"https:\/\/innokids.eu\/wp-content\/uploads\/2024\/06\/azul_V1.png\" class=\"elementor-animation-grow attachment-large size-large wp-image-2417\" alt=\"\" srcset=\"https:\/\/innokids.eu\/wp-content\/uploads\/2024\/06\/azul_V1.png 801w, https:\/\/innokids.eu\/wp-content\/uploads\/2024\/06\/azul_V1-300x225.png 300w, https:\/\/innokids.eu\/wp-content\/uploads\/2024\/06\/azul_V1-768x575.png 768w, https:\/\/innokids.eu\/wp-content\/uploads\/2024\/06\/azul_V1-16x12.png 16w\" sizes=\"(max-width: 801px) 100vw, 801px\" \/>\t\t\t\t\t\t\t\t<\/a>\n\t\t\t\t\t\t\t\t\t\t\t\t\t\t\t<\/div>\n\t\t\t\t<\/div>\n\t\t\t\t<div class=\"elementor-element elementor-element-81b6aad elementor-widget elementor-widget-text-editor\" data-id=\"81b6aad\" data-element_type=\"widget\" data-e-type=\"widget\" data-widget_type=\"text-editor.default\">\n\t\t\t\t<div class=\"elementor-widget-container\">\n\t\t\t\t\t\t\t\t\t<p class=\"translation-block\"><span style=\"font-weight: 400\">C Centro de Apoio Social de Pais e Amigos da Escola n\u00ba10 - CASPAE 10 este o Organiza\u021bie Privat\u0103 de Solidaritate Social\u0103 (IPSS), \u00een Coimbra (Portugalia).<\/span><span style=\"font-weight: 400\"><br><\/span><span style=\"font-weight: 400\">CASPAE are misiunea de a promova r\u0103spunsuri de asisten\u021b\u0103 social\u0103 care ajut\u0103 indivizii s\u0103 se valorizeze pe ei \u00een\u0219i\u0219i \u0219i bun\u0103starea lor \u0219i faciliteaz\u0103 incluziunea lor \u00een societate.  Prin urmare, urm\u0103rim valorile solidarit\u0103\u021bii, angajamentului, responsabilit\u0103\u021bii, cooper\u0103rii \u0219i dezvolt\u0103rii.<\/span><span style=\"font-weight: 400\"><br><\/span><span style=\"font-weight: 400\">CASPAE a fost fondat \u00een anul 2000 de c\u0103tre un grup de p\u0103rin\u021bi, pentru a r\u0103spunde nevoii de a avea un loc \u00een interiorul \u0219colii nr. 10 unde copiii s\u0103 poat\u0103 sta \u0219i s\u0103 fie \u00eengriji\u021bi \u00eenainte \u0219i dup\u0103 orele de \u0219coal\u0103 \u0219i \u00een timpul vacan\u021belor - un Centru de Activit\u0103\u021bi de \u00cengrijire a Copiilor. De-a lungul anilor, alte \u0219coli au cerut CASPAE s\u0103 ofere acest serviciu, iar ast\u0103zi oferim aceste servicii educa\u021bionale non-formale \u00een 11 \u0219coli primare din Coimbra.<\/span><span style=\"font-weight: 400\"><br><\/span><span style=\"font-weight: 400\">CASPAE a crescut \u0219i \u0219i-a l\u0103rgit aria de interven\u021bie \u0219i ast\u0103zi suntem responsabili de furnizarea altor servicii sociale \u0219i educa\u021bionale, cum ar fi mesele \u0219colare (8 \u0219coli), activit\u0103\u021bi de \u00eembog\u0103\u021bire a curriculumului (17 \u0219coli, 2 500 de elevi), Academia de sport (250 de copii) \u0219i tabere de vacan\u021b\u0103. De asemenea, furniz\u0103m servicii de asisten\u021b\u0103 social\u0103 pentru persoanele v\u00e2rstnice, \u0219i anume servicii de asisten\u021b\u0103 la domiciliu. \u00cen plus, dezvolt\u0103m \u0219i promov\u0103m proiecte educa\u021bionale \u0219i de interven\u021bie social\u0103 (10 \u00een ultimii 3 ani, cu o finan\u021bare de peste 1 milion de euro).<\/span><\/p><p><span style=\"font-weight: 400;\">Avem o echip\u0103 multidisciplinar\u0103 format\u0103 din peste o sut\u0103 de persoane: profesori, psihologi, asisten\u021bi sociali, educatori, \u00eengrijitori, \u0219oferi califica\u021bi, printre al\u021bii.<\/span><\/p>\t\t\t\t\t\t\t\t<\/div>\n\t\t\t\t<\/div>\n\t\t\t\t\t<\/div>\n\t\t<\/div>\n\t\t\t\t\t<\/div>\n\t\t<\/section>\n\t\t\t\t<section class=\"has_eae_slider elementor-section elementor-top-section elementor-element elementor-element-9f13755 elementor-section-full_width elementor-section-height-default elementor-section-height-default\" data-eae-slider=\"89776\" data-id=\"9f13755\" data-element_type=\"section\" data-e-type=\"section\" data-settings=\"{&quot;background_background&quot;:&quot;classic&quot;}\">\n\t\t\t\t\t\t<div class=\"elementor-container elementor-column-gap-default\">\n\t\t\t\t\t<div class=\"has_eae_slider elementor-column elementor-col-33 elementor-top-column elementor-element elementor-element-ec8db36\" data-eae-slider=\"67878\" data-id=\"ec8db36\" data-element_type=\"column\" data-e-type=\"column\" data-settings=\"{&quot;background_background&quot;:&quot;classic&quot;}\">\n\t\t\t<div class=\"elementor-widget-wrap elementor-element-populated\">\n\t\t\t\t\t\t<div class=\"elementor-element elementor-element-46c54c6 elementor-widget elementor-widget-image\" data-id=\"46c54c6\" data-element_type=\"widget\" data-e-type=\"widget\" data-widget_type=\"image.default\">\n\t\t\t\t<div class=\"elementor-widget-container\">\n\t\t\t\t\t\t\t\t\t\t\t\t\t\t\t\t<a href=\"https:\/\/minevaganti.org\/en\/\" target=\"_blank\" rel=\"noopener\">\n\t\t\t\t\t\t\t<img loading=\"lazy\" decoding=\"async\" width=\"843\" height=\"566\" src=\"https:\/\/innokids.eu\/wp-content\/uploads\/2023\/07\/MVNGO-Logo-1024x688.png\" class=\"elementor-animation-grow attachment-large size-large wp-image-1987\" alt=\"\" srcset=\"https:\/\/innokids.eu\/wp-content\/uploads\/2023\/07\/MVNGO-Logo-1024x688.png 1024w, https:\/\/innokids.eu\/wp-content\/uploads\/2023\/07\/MVNGO-Logo-300x202.png 300w, https:\/\/innokids.eu\/wp-content\/uploads\/2023\/07\/MVNGO-Logo-768x516.png 768w, https:\/\/innokids.eu\/wp-content\/uploads\/2023\/07\/MVNGO-Logo-18x12.png 18w\" sizes=\"(max-width: 843px) 100vw, 843px\" \/>\t\t\t\t\t\t\t\t<\/a>\n\t\t\t\t\t\t\t\t\t\t\t\t\t\t\t<\/div>\n\t\t\t\t<\/div>\n\t\t\t\t<div class=\"elementor-element elementor-element-56a93bf elementor-widget elementor-widget-text-editor\" data-id=\"56a93bf\" data-element_type=\"widget\" data-e-type=\"widget\" data-widget_type=\"text-editor.default\">\n\t\t\t\t<div class=\"elementor-widget-container\">\n\t\t\t\t\t\t\t\t\t<p>Mine Vaganti ONG este o organiza\u021bie non-profit \u00eenfiin\u021bat\u0103 \u00een Sardinia \u00een 2009, ale c\u0103rei servicii cuprind educa\u021bie \u0219i formare, conceperea \u0219i dezvoltarea de proiecte, cercetare tematic\u0103, mobilitate interna\u021bional\u0103 \u0219i consultan\u021b\u0103 - \u00een sectoarele tineretului, adul\u021bilor, educa\u021biei \u0219i sportului. MVNGO are 3 birouri \u00een Sassari, Olbia \u0219i Tempio Pausania, cu impact \u00een nordul Sardiniei \u0219i care se extinde, prin sucursalele sale opera\u021bionale, \u00een multe alte regiuni din Italia, din Europa \u0219i din afara ei.<\/p><p>Membrii MVNGO activeaz\u0103 \u00een echipe dedicate pentru a crea, dezvolta \u0219i implementa proiecte interna\u021bionale de cercetare, inovare sau schimb de bune practici, uneori prin intermediul unor seminarii \u0219i\/sau cursuri de formare. \u00cen cadrul echipelor de lucru MVNGO, formatorii\/facilitatorii (acredita\u021bi Salto) se bucur\u0103 de o experien\u021b\u0103 vast\u0103 \u0219i sunt dispu\u0219i s\u0103 se implice \u00een implementarea proiectelor propuse. Organiza\u021bia cuprinde 10 angaja\u021bi cu norm\u0103 \u00eentreag\u0103, 15 colaboratori angaja\u021bi temporar \u00een cadrul diferitelor programe de mobilitate \u0219i un grup de 70 de persoane externe contractate anual \u0219i\/sau pe baz\u0103 de proiect.<\/p>\t\t\t\t\t\t\t\t<\/div>\n\t\t\t\t<\/div>\n\t\t\t\t\t<\/div>\n\t\t<\/div>\n\t\t\t\t<div class=\"has_eae_slider elementor-column elementor-col-33 elementor-top-column elementor-element elementor-element-5d38569\" data-eae-slider=\"35445\" data-id=\"5d38569\" data-element_type=\"column\" data-e-type=\"column\">\n\t\t\t<div class=\"elementor-widget-wrap\">\n\t\t\t\t\t\t\t<\/div>\n\t\t<\/div>\n\t\t\t\t<div class=\"has_eae_slider elementor-column elementor-col-33 elementor-top-column elementor-element elementor-element-dd2db5a\" data-eae-slider=\"8600\" data-id=\"dd2db5a\" data-element_type=\"column\" data-e-type=\"column\" data-settings=\"{&quot;background_background&quot;:&quot;classic&quot;}\">\n\t\t\t<div class=\"elementor-widget-wrap elementor-element-populated\">\n\t\t\t\t\t\t<div class=\"elementor-element elementor-element-0b57231 elementor-widget elementor-widget-image\" data-id=\"0b57231\" data-element_type=\"widget\" data-e-type=\"widget\" data-widget_type=\"image.default\">\n\t\t\t\t<div class=\"elementor-widget-container\">\n\t\t\t\t\t\t\t\t\t\t\t\t\t\t\t\t<a href=\"https:\/\/ecologic.mk\/\" target=\"_blank\" rel=\"noopener\">\n\t\t\t\t\t\t\t<img loading=\"lazy\" decoding=\"async\" width=\"843\" height=\"726\" src=\"https:\/\/innokids.eu\/wp-content\/uploads\/2024\/06\/ECO-LOGIC-LOGO-1024x882.png\" class=\"elementor-animation-grow attachment-large size-large wp-image-2418\" alt=\"\" srcset=\"https:\/\/innokids.eu\/wp-content\/uploads\/2024\/06\/ECO-LOGIC-LOGO-1024x882.png 1024w, https:\/\/innokids.eu\/wp-content\/uploads\/2024\/06\/ECO-LOGIC-LOGO-300x259.png 300w, https:\/\/innokids.eu\/wp-content\/uploads\/2024\/06\/ECO-LOGIC-LOGO-768x662.png 768w, https:\/\/innokids.eu\/wp-content\/uploads\/2024\/06\/ECO-LOGIC-LOGO-1536x1324.png 1536w, https:\/\/innokids.eu\/wp-content\/uploads\/2024\/06\/ECO-LOGIC-LOGO-2048x1765.png 2048w, https:\/\/innokids.eu\/wp-content\/uploads\/2024\/06\/ECO-LOGIC-LOGO-14x12.png 14w\" sizes=\"(max-width: 843px) 100vw, 843px\" \/>\t\t\t\t\t\t\t\t<\/a>\n\t\t\t\t\t\t\t\t\t\t\t\t\t\t\t<\/div>\n\t\t\t\t<\/div>\n\t\t\t\t<div class=\"elementor-element elementor-element-295c25f elementor-widget elementor-widget-text-editor\" data-id=\"295c25f\" data-element_type=\"widget\" data-e-type=\"widget\" data-widget_type=\"text-editor.default\">\n\t\t\t\t<div class=\"elementor-widget-container\">\n\t\t\t\t\t\t\t\t\t<p><span style=\"font-weight: 400;\">ECO-LOGIC este o organiza\u021bie non-profit dedicat\u0103 protec\u021biei \u0219i conserv\u0103rii mediului \u00eenconjur\u0103tor, promov\u0103rii practicilor ecologice moderne, precum \u0219i monitoriz\u0103rii \u0219i promov\u0103rii principiului dezvolt\u0103rii durabile, cu accent pe mediile de \u00eenv\u0103\u021b\u0103m\u00e2nt primar (formal \u0219i non-formal), gr\u0103dini\u021be, \u0219coli primare \u0219i secundare, precum \u0219i universit\u0103\u021bi.<\/span><\/p><p><span style=\"font-weight: 400;\">Organiza\u021bia noastr\u0103 \u00eencurajeaz\u0103 \u0219i sprijin\u0103 schimb\u0103rile pozitive \u00een mediul \u00eenconjur\u0103tor sub urm\u0103toarele forme:<\/span><\/p><ul><li style=\"font-weight: 400;\" aria-level=\"1\"><span style=\"font-weight: 400;\">Promovarea ecologiei ca \u0219tiin\u021b\u0103,\u00a0<\/span><\/li><li style=\"font-weight: 400;\" aria-level=\"1\"><span style=\"font-weight: 400;\">Protec\u021bia \u0219i conservarea naturii \u0219i a mediului,\u00a0<\/span><\/li><li style=\"font-weight: 400;\" aria-level=\"1\"><span style=\"font-weight: 400;\">Crearea de noi locuri de munc\u0103 \"verzi\" bazate pe conceptul de dezvoltare durabil\u0103.<\/span><\/li><li style=\"font-weight: 400;\" aria-level=\"1\"><span style=\"font-weight: 400;\">Organizarea de ODD, sustenabilitate, consiliere \u00een domeniul sustenabilit\u0103\u021bii, dezvoltare durabil\u0103 \u00een antreprenoriatul social, tabere educa\u021bionale ODD pentru tineri \u0219i activit\u0103\u021bi de proiect at\u00e2t pentru personalul liceului, c\u00e2t \u0219i pentru elevi).<\/span><\/li><li style=\"font-weight: 400;\" aria-level=\"1\"><span style=\"font-weight: 400;\">Dezvoltarea \u0219i introducerea de jocuri de mas\u0103 educa\u021bionale,<\/span><\/li><li style=\"font-weight: 400;\" aria-level=\"1\"><span style=\"font-weight: 400;\">Dezvoltarea \u0219i testarea instrumentelor de ini\u021biere a discu\u021biilor \u00eentre tineri \u0219i adul\u021bi\u00a0<\/span><\/li><li style=\"font-weight: 400;\" aria-level=\"1\"><span style=\"font-weight: 400;\">Desf\u0103\u0219urarea unei variet\u0103\u021bi de campanii, cum ar fi campaniile de mediu, campaniile pentru drepturile lucr\u0103torilor \u0219i multe altele.<\/span><\/li><\/ul><p><span style=\"font-weight: 400;\">ECO-LOGIC are o experien\u021b\u0103 solid\u0103 \u00een domeniul copiilor, tinerilor \u0219i adul\u021bilor, pun\u00e2nd accentul pe activit\u0103\u021bi de educa\u021bie non-formal\u0103 pe diverse teme. Eco Logic are o re\u021bea puternic\u0103 cu 150 de \u0219coli primare \u0219i 30 de licee din Macedonia. De asemenea, colaboreaz\u0103 cu ora\u0219ul Skopje (Departamentul pentru Educa\u021bie), cu Centrul de Educa\u021bie a Adul\u021bilor, precum \u0219i cu Biroul pentru Dezvoltarea Educa\u021biei.<\/span><\/p>\t\t\t\t\t\t\t\t<\/div>\n\t\t\t\t<\/div>\n\t\t\t\t\t<\/div>\n\t\t<\/div>\n\t\t\t\t\t<\/div>\n\t\t<\/section>\n\t\t\t\t<section class=\"has_eae_slider elementor-section elementor-top-section elementor-element elementor-element-792c09c elementor-section-full_width elementor-section-height-default elementor-section-height-default\" data-eae-slider=\"93135\" data-id=\"792c09c\" data-element_type=\"section\" data-e-type=\"section\" data-settings=\"{&quot;background_background&quot;:&quot;classic&quot;}\">\n\t\t\t\t\t\t<div class=\"elementor-container elementor-column-gap-default\">\n\t\t\t\t\t<div class=\"has_eae_slider elementor-column elementor-col-33 elementor-top-column elementor-element elementor-element-a1b90c0\" data-eae-slider=\"98948\" data-id=\"a1b90c0\" data-element_type=\"column\" data-e-type=\"column\">\n\t\t\t<div class=\"elementor-widget-wrap\">\n\t\t\t\t\t\t\t<\/div>\n\t\t<\/div>\n\t\t\t\t<div class=\"has_eae_slider elementor-column elementor-col-33 elementor-top-column elementor-element elementor-element-aea03c6\" data-eae-slider=\"42478\" data-id=\"aea03c6\" data-element_type=\"column\" data-e-type=\"column\" data-settings=\"{&quot;background_background&quot;:&quot;classic&quot;}\">\n\t\t\t<div class=\"elementor-widget-wrap elementor-element-populated\">\n\t\t\t\t\t\t<div class=\"elementor-element elementor-element-283c704 elementor-widget elementor-widget-image\" data-id=\"283c704\" data-element_type=\"widget\" data-e-type=\"widget\" data-widget_type=\"image.default\">\n\t\t\t\t<div class=\"elementor-widget-container\">\n\t\t\t\t\t\t\t\t\t\t\t\t\t\t\t\t<a href=\"https:\/\/www.facebook.com\/CFPCLifeSkillsForYou\/\" target=\"_blank\" rel=\"noopener\">\n\t\t\t\t\t\t\t<img loading=\"lazy\" decoding=\"async\" width=\"843\" height=\"636\" src=\"https:\/\/innokids.eu\/wp-content\/uploads\/2024\/06\/Logo_Pink-1024x772.png\" class=\"elementor-animation-grow attachment-large size-large wp-image-2419\" alt=\"\" srcset=\"https:\/\/innokids.eu\/wp-content\/uploads\/2024\/06\/Logo_Pink-1024x772.png 1024w, https:\/\/innokids.eu\/wp-content\/uploads\/2024\/06\/Logo_Pink-300x226.png 300w, https:\/\/innokids.eu\/wp-content\/uploads\/2024\/06\/Logo_Pink-768x579.png 768w, https:\/\/innokids.eu\/wp-content\/uploads\/2024\/06\/Logo_Pink-16x12.png 16w, https:\/\/innokids.eu\/wp-content\/uploads\/2024\/06\/Logo_Pink.png 1304w\" sizes=\"(max-width: 843px) 100vw, 843px\" \/>\t\t\t\t\t\t\t\t<\/a>\n\t\t\t\t\t\t\t\t\t\t\t\t\t\t\t<\/div>\n\t\t\t\t<\/div>\n\t\t\t\t<div class=\"elementor-element elementor-element-77440be elementor-widget elementor-widget-text-editor\" data-id=\"77440be\" data-element_type=\"widget\" data-e-type=\"widget\" data-widget_type=\"text-editor.default\">\n\t\t\t\t<div class=\"elementor-widget-container\">\n\t\t\t\t\t\t\t\t\t<p><span style=\"font-weight: 400;\">CFPC - Centrul de Formare Profesional\u0103 Continu\u0103 este un ONG de avangard\u0103, profund angajat \u00een dezvoltarea adul\u021bilor, a tinerilor \u0219i a educatorilor din Rom\u00e2nia \u0219i din UE. Cu o prezen\u021b\u0103 vast\u0103 din sudul-Muntenia p\u00e2n\u0103 \u00een nord-vest, CFPC se concentreaz\u0103 asupra comunit\u0103\u021bilor defavorizate, angaj\u00e2nd o echip\u0103 dedicat\u0103 de exper\u021bi \u0219i voluntari pasiona\u021bi.\u00a0<\/span><\/p><p><span style=\"font-weight: 400;\">Misiunea organiza\u021biei integreaz\u0103 perfect nevoile educatorilor, ale adul\u021bilor \u0219i ale tinerilor cu obiectivele de dezvoltare durabil\u0103, oferind competen\u021be profesionale \u0219i de via\u021b\u0103 esen\u021biale, metodologii de integrare social\u0103 \u0219i formare profesional\u0103 preg\u0103tit\u0103 pentru viitor. Printre abord\u0103rile educa\u021bionale unice se num\u0103r\u0103 g\u00e2ndirea computa\u021bional\u0103, metodologiile bazate pe LEGO \u0219i ini\u021biativele care abordeaz\u0103 educa\u021bia migran\u021bilor, toate acestea fiind puse \u00een coresponden\u021b\u0103 cu Obiectivele de Dezvoltare Durabil\u0103 (ODD).\u00a0<\/span><\/p><p><span style=\"font-weight: 400;\">CFPC se m\u00e2ndre\u0219te cu programe diverse, cum ar fi cursuri de codare, sesiuni de educa\u021bie financiar\u0103 \u0219i de gestionare a mediului, pun\u00e2nd accentul pe dezvoltarea holistic\u0103. Cu peste 14 ani de experien\u021b\u0103 \u00een domeniul conducerii educa\u021bionale, al alfabetiz\u0103rii digitale \u0219i al dezvolt\u0103rii durabile, personalul \u0219i voluntarii CFPC contribuie la formarea profesional\u0103 \u00een conformitate cu ODD, abord\u00e2nd \u00een acela\u0219i timp educa\u021bia migran\u021bilor \u0219i DPC pentru educatori. Av\u00e2nd o pozi\u021bie unic\u0103, CFPC este preg\u0103tit pentru contribu\u021bii semnificative la proiectele de dezvoltare durabil\u0103.<\/span><\/p>\t\t\t\t\t\t\t\t<\/div>\n\t\t\t\t<\/div>\n\t\t\t\t\t<\/div>\n\t\t<\/div>\n\t\t\t\t<div class=\"has_eae_slider elementor-column elementor-col-33 elementor-top-column elementor-element elementor-element-71608d0\" data-eae-slider=\"85199\" data-id=\"71608d0\" data-element_type=\"column\" data-e-type=\"column\">\n\t\t\t<div class=\"elementor-widget-wrap\">\n\t\t\t\t\t\t\t<\/div>\n\t\t<\/div>\n\t\t\t\t\t<\/div>\n\t\t<\/section>\n\t\t\t\t<\/div>","protected":false},"excerpt":{"rendered":"<p>Partners Strom \u017eivota este o organiza\u021bie non-profit, \u00eenregistrat\u0103 ca o organiza\u021bie civic\u0103 \u0219i are peste 40 de ani de experien\u021b\u0103 \u00een...<\/p>","protected":false},"author":1,"featured_media":0,"parent":0,"menu_order":0,"comment_status":"closed","ping_status":"closed","template":"","meta":{"iawp_total_views":155,"footnotes":""},"class_list":["post-1536","page","type-page","status-publish","hentry"],"_links":{"self":[{"href":"https:\/\/innokids.eu\/ro\/wp-json\/wp\/v2\/pages\/1536","targetHints":{"allow":["GET"]}}],"collection":[{"href":"https:\/\/innokids.eu\/ro\/wp-json\/wp\/v2\/pages"}],"about":[{"href":"https:\/\/innokids.eu\/ro\/wp-json\/wp\/v2\/types\/page"}],"author":[{"embeddable":true,"href":"https:\/\/innokids.eu\/ro\/wp-json\/wp\/v2\/users\/1"}],"replies":[{"embeddable":true,"href":"https:\/\/innokids.eu\/ro\/wp-json\/wp\/v2\/comments?post=1536"}],"version-history":[{"count":73,"href":"https:\/\/innokids.eu\/ro\/wp-json\/wp\/v2\/pages\/1536\/revisions"}],"predecessor-version":[{"id":3141,"href":"https:\/\/innokids.eu\/ro\/wp-json\/wp\/v2\/pages\/1536\/revisions\/3141"}],"wp:attachment":[{"href":"https:\/\/innokids.eu\/ro\/wp-json\/wp\/v2\/media?parent=1536"}],"curies":[{"name":"wp","href":"https:\/\/api.w.org\/{rel}","templated":true}]}}