{"id":1532,"date":"2023-01-25T11:59:16","date_gmt":"2023-01-25T11:59:16","guid":{"rendered":"https:\/\/29e4aaa2-b025-48da-b57e-79ef59e549ee.eu02.conves.io\/?page_id=1532"},"modified":"2024-11-20T08:46:32","modified_gmt":"2024-11-20T08:46:32","slug":"objectives","status":"publish","type":"page","link":"https:\/\/innokids.eu\/ro\/objectives\/","title":{"rendered":"Obiective"},"content":{"rendered":"<div data-elementor-type=\"wp-page\" data-elementor-id=\"1532\" class=\"elementor elementor-1532\">\n\t\t\t\t<div class=\"has_eae_slider elementor-element elementor-element-c30c74a e-con-full e-flex e-con e-parent\" data-eae-slider=\"35998\" data-id=\"c30c74a\" data-element_type=\"container\" data-e-type=\"container\">\n\t\t<div class=\"has_eae_slider elementor-element elementor-element-b347642 e-con-full e-flex e-con e-child\" data-eae-slider=\"72291\" data-id=\"b347642\" data-element_type=\"container\" data-e-type=\"container\">\n\t\t\t\t<div class=\"elementor-element elementor-element-7792d20 elementor-widget elementor-widget-image\" data-id=\"7792d20\" data-element_type=\"widget\" data-e-type=\"widget\" data-widget_type=\"image.default\">\n\t\t\t\t<div class=\"elementor-widget-container\">\n\t\t\t\t\t\t\t\t\t\t\t\t\t\t\t<img fetchpriority=\"high\" decoding=\"async\" width=\"300\" height=\"217\" src=\"https:\/\/innokids.eu\/wp-content\/uploads\/2024\/11\/extra_rubikova_kocka-300x217.png\" class=\"attachment-medium size-medium wp-image-3085\" alt=\"\" srcset=\"https:\/\/innokids.eu\/wp-content\/uploads\/2024\/11\/extra_rubikova_kocka-300x217.png 300w, https:\/\/innokids.eu\/wp-content\/uploads\/2024\/11\/extra_rubikova_kocka-18x12.png 18w, https:\/\/innokids.eu\/wp-content\/uploads\/2024\/11\/extra_rubikova_kocka.png 533w\" sizes=\"(max-width: 300px) 100vw, 300px\" \/>\t\t\t\t\t\t\t\t\t\t\t\t\t\t\t<\/div>\n\t\t\t\t<\/div>\n\t\t\t\t<\/div>\n\t\t<div class=\"has_eae_slider elementor-element elementor-element-e048d84 e-con-full e-flex e-con e-child\" data-eae-slider=\"60491\" data-id=\"e048d84\" data-element_type=\"container\" data-e-type=\"container\">\n\t\t\t\t<\/div>\n\t\t\t\t<\/div>\n\t\t<div class=\"has_eae_slider elementor-element elementor-element-77ab67e e-flex e-con-boxed e-con e-parent\" data-eae-slider=\"9065\" data-id=\"77ab67e\" data-element_type=\"container\" data-e-type=\"container\" data-settings=\"{&quot;background_background&quot;:&quot;classic&quot;}\">\n\t\t\t\t\t<div class=\"e-con-inner\">\n\t\t\t\t<div class=\"elementor-element elementor-element-31b97bd elementor-widget elementor-widget-heading\" data-id=\"31b97bd\" data-element_type=\"widget\" data-e-type=\"widget\" data-widget_type=\"heading.default\">\n\t\t\t\t<div class=\"elementor-widget-container\">\n\t\t\t\t\t<h2 class=\"elementor-heading-title elementor-size-default\">Obiectivele noastre<\/h2>\t\t\t\t<\/div>\n\t\t\t\t<\/div>\n\t\t\t\t\t<\/div>\n\t\t\t\t<\/div>\n\t\t\t\t<section class=\"has_eae_slider elementor-section elementor-top-section elementor-element elementor-element-be8b287 elementor-section-boxed elementor-section-height-default elementor-section-height-default\" data-eae-slider=\"97017\" data-id=\"be8b287\" data-element_type=\"section\" data-e-type=\"section\" data-settings=\"{&quot;background_background&quot;:&quot;classic&quot;}\">\n\t\t\t\t\t\t<div class=\"elementor-container elementor-column-gap-no\">\n\t\t\t\t\t<div class=\"has_eae_slider elementor-column elementor-col-100 elementor-top-column elementor-element elementor-element-ee21998\" data-eae-slider=\"99709\" data-id=\"ee21998\" data-element_type=\"column\" data-e-type=\"column\">\n\t\t\t<div class=\"elementor-widget-wrap elementor-element-populated\">\n\t\t\t\t<div class=\"has_eae_slider elementor-element elementor-element-f72ea43 e-flex e-con-boxed e-con e-parent\" data-eae-slider=\"14403\" data-id=\"f72ea43\" data-element_type=\"container\" data-e-type=\"container\">\n\t\t\t\t\t<div class=\"e-con-inner\">\n\t\t<div class=\"has_eae_slider elementor-element elementor-element-1f87e3b e-con-full e-flex e-con e-child\" data-eae-slider=\"68770\" data-id=\"1f87e3b\" data-element_type=\"container\" data-e-type=\"container\">\n\t\t\t\t<div class=\"elementor-element elementor-element-6c1528c elementor-widget elementor-widget-image\" data-id=\"6c1528c\" data-element_type=\"widget\" data-e-type=\"widget\" data-widget_type=\"image.default\">\n\t\t\t\t<div class=\"elementor-widget-container\">\n\t\t\t\t\t\t\t\t\t\t\t\t\t\t\t<img decoding=\"async\" width=\"800\" height=\"800\" src=\"https:\/\/innokids.eu\/wp-content\/uploads\/2024\/11\/05-Objectives_Lego_kocka_zvlast.png\" class=\"attachment-large size-large wp-image-3096\" alt=\"\" srcset=\"https:\/\/innokids.eu\/wp-content\/uploads\/2024\/11\/05-Objectives_Lego_kocka_zvlast.png 800w, https:\/\/innokids.eu\/wp-content\/uploads\/2024\/11\/05-Objectives_Lego_kocka_zvlast-300x300.png 300w, https:\/\/innokids.eu\/wp-content\/uploads\/2024\/11\/05-Objectives_Lego_kocka_zvlast-150x150.png 150w, https:\/\/innokids.eu\/wp-content\/uploads\/2024\/11\/05-Objectives_Lego_kocka_zvlast-768x768.png 768w, https:\/\/innokids.eu\/wp-content\/uploads\/2024\/11\/05-Objectives_Lego_kocka_zvlast-12x12.png 12w\" sizes=\"(max-width: 800px) 100vw, 800px\" \/>\t\t\t\t\t\t\t\t\t\t\t\t\t\t\t<\/div>\n\t\t\t\t<\/div>\n\t\t\t\t<\/div>\n\t\t<div class=\"has_eae_slider elementor-element elementor-element-76834ca e-con-full e-flex e-con e-child\" data-eae-slider=\"6612\" data-id=\"76834ca\" data-element_type=\"container\" data-e-type=\"container\">\n\t\t\t\t<div class=\"elementor-element elementor-element-92ef6f4 elementor-widget elementor-widget-text-editor\" data-id=\"92ef6f4\" data-element_type=\"widget\" data-e-type=\"widget\" data-widget_type=\"text-editor.default\">\n\t\t\t\t<div class=\"elementor-widget-container\">\n\t\t\t\t\t\t\t\t\t<p><strong>Promovarea educa\u021biei privind designul urban durabil<\/strong>: Dezvoltarea \u0219i integrarea modulelor educa\u021bionale privind proiectarea urban\u0103 durabil\u0103 \u00een programele \u0219colare.<\/p>\t\t\t\t\t\t\t\t<\/div>\n\t\t\t\t<\/div>\n\t\t\t\t<\/div>\n\t\t\t\t\t<\/div>\n\t\t\t\t<\/div>\n\t\t<div class=\"has_eae_slider elementor-element elementor-element-00b9397 e-flex e-con-boxed e-con e-parent\" data-eae-slider=\"1283\" data-id=\"00b9397\" data-element_type=\"container\" data-e-type=\"container\">\n\t\t\t\t\t<div class=\"e-con-inner\">\n\t\t<div class=\"has_eae_slider elementor-element elementor-element-d38f2a4 e-con-full e-flex e-con e-child\" data-eae-slider=\"42399\" data-id=\"d38f2a4\" data-element_type=\"container\" data-e-type=\"container\">\n\t\t\t\t<div class=\"elementor-element elementor-element-c613aa2 elementor-widget elementor-widget-image\" data-id=\"c613aa2\" data-element_type=\"widget\" data-e-type=\"widget\" data-widget_type=\"image.default\">\n\t\t\t\t<div class=\"elementor-widget-container\">\n\t\t\t\t\t\t\t\t\t\t\t\t\t\t\t<img decoding=\"async\" width=\"800\" height=\"800\" src=\"https:\/\/innokids.eu\/wp-content\/uploads\/2024\/11\/05-Objectives_Lego_kocka_zlty_recolor.png\" class=\"attachment-large size-large wp-image-3095\" alt=\"\" srcset=\"https:\/\/innokids.eu\/wp-content\/uploads\/2024\/11\/05-Objectives_Lego_kocka_zlty_recolor.png 800w, https:\/\/innokids.eu\/wp-content\/uploads\/2024\/11\/05-Objectives_Lego_kocka_zlty_recolor-300x300.png 300w, https:\/\/innokids.eu\/wp-content\/uploads\/2024\/11\/05-Objectives_Lego_kocka_zlty_recolor-150x150.png 150w, https:\/\/innokids.eu\/wp-content\/uploads\/2024\/11\/05-Objectives_Lego_kocka_zlty_recolor-768x768.png 768w, https:\/\/innokids.eu\/wp-content\/uploads\/2024\/11\/05-Objectives_Lego_kocka_zlty_recolor-12x12.png 12w\" sizes=\"(max-width: 800px) 100vw, 800px\" \/>\t\t\t\t\t\t\t\t\t\t\t\t\t\t\t<\/div>\n\t\t\t\t<\/div>\n\t\t\t\t<\/div>\n\t\t<div class=\"has_eae_slider elementor-element elementor-element-697d6cf e-con-full e-flex e-con e-child\" data-eae-slider=\"81836\" data-id=\"697d6cf\" data-element_type=\"container\" data-e-type=\"container\">\n\t\t\t\t<div class=\"elementor-element elementor-element-6696d59 elementor-widget elementor-widget-text-editor\" data-id=\"6696d59\" data-element_type=\"widget\" data-e-type=\"widget\" data-widget_type=\"text-editor.default\">\n\t\t\t\t<div class=\"elementor-widget-container\">\n\t\t\t\t\t\t\t\t\t<p><strong>\u00cembun\u0103t\u0103\u021birea competen\u021belor profesorilor<\/strong>: Furnizarea c\u0103tre educatori a instrumentelor \u0219i cuno\u0219tin\u021belor necesare pentru predarea eficient\u0103 a conceptelor de dezvoltare durabil\u0103.<\/p>\t\t\t\t\t\t\t\t<\/div>\n\t\t\t\t<\/div>\n\t\t\t\t<\/div>\n\t\t\t\t\t<\/div>\n\t\t\t\t<\/div>\n\t\t<div class=\"has_eae_slider elementor-element elementor-element-a866bc0 e-flex e-con-boxed e-con e-parent\" data-eae-slider=\"90638\" data-id=\"a866bc0\" data-element_type=\"container\" data-e-type=\"container\">\n\t\t\t\t\t<div class=\"e-con-inner\">\n\t\t<div class=\"has_eae_slider elementor-element elementor-element-0ae2d90 e-con-full e-flex e-con e-child\" data-eae-slider=\"82467\" data-id=\"0ae2d90\" data-element_type=\"container\" data-e-type=\"container\">\n\t\t\t\t<div class=\"elementor-element elementor-element-462d8bc elementor-widget elementor-widget-image\" data-id=\"462d8bc\" data-element_type=\"widget\" data-e-type=\"widget\" data-widget_type=\"image.default\">\n\t\t\t\t<div class=\"elementor-widget-container\">\n\t\t\t\t\t\t\t\t\t\t\t\t\t\t\t<img loading=\"lazy\" decoding=\"async\" width=\"800\" height=\"800\" src=\"https:\/\/innokids.eu\/wp-content\/uploads\/2024\/11\/05-Objectives_Lego_kocka_ruzovy_recolor.png\" class=\"attachment-large size-large wp-image-3094\" alt=\"\" srcset=\"https:\/\/innokids.eu\/wp-content\/uploads\/2024\/11\/05-Objectives_Lego_kocka_ruzovy_recolor.png 800w, https:\/\/innokids.eu\/wp-content\/uploads\/2024\/11\/05-Objectives_Lego_kocka_ruzovy_recolor-300x300.png 300w, https:\/\/innokids.eu\/wp-content\/uploads\/2024\/11\/05-Objectives_Lego_kocka_ruzovy_recolor-150x150.png 150w, https:\/\/innokids.eu\/wp-content\/uploads\/2024\/11\/05-Objectives_Lego_kocka_ruzovy_recolor-768x768.png 768w, https:\/\/innokids.eu\/wp-content\/uploads\/2024\/11\/05-Objectives_Lego_kocka_ruzovy_recolor-12x12.png 12w\" sizes=\"(max-width: 800px) 100vw, 800px\" \/>\t\t\t\t\t\t\t\t\t\t\t\t\t\t\t<\/div>\n\t\t\t\t<\/div>\n\t\t\t\t<\/div>\n\t\t<div class=\"has_eae_slider elementor-element elementor-element-6191a25 e-con-full e-flex e-con e-child\" data-eae-slider=\"56053\" data-id=\"6191a25\" data-element_type=\"container\" data-e-type=\"container\">\n\t\t\t\t<div class=\"elementor-element elementor-element-2c06721 elementor-widget elementor-widget-text-editor\" data-id=\"2c06721\" data-element_type=\"widget\" data-e-type=\"widget\" data-widget_type=\"text-editor.default\">\n\t\t\t\t<div class=\"elementor-widget-container\">\n\t\t\t\t\t\t\t\t\t<p><strong>Promovarea colabor\u0103rii interna\u021bionale<\/strong>: Construirea unei re\u021bele de institu\u021bii de \u00eenv\u0103\u021b\u0103m\u00e2nt europene pentru schimbul de bune practici \u0219i resurse pentru educa\u021bia ecologic\u0103.<\/p>\t\t\t\t\t\t\t\t<\/div>\n\t\t\t\t<\/div>\n\t\t\t\t<\/div>\n\t\t\t\t\t<\/div>\n\t\t\t\t<\/div>\n\t\t<div class=\"has_eae_slider elementor-element elementor-element-e417557 e-flex e-con-boxed e-con e-parent\" data-eae-slider=\"57045\" data-id=\"e417557\" data-element_type=\"container\" data-e-type=\"container\">\n\t\t\t\t\t<div class=\"e-con-inner\">\n\t\t<div class=\"has_eae_slider elementor-element elementor-element-09ed6c7 e-con-full e-flex e-con e-child\" data-eae-slider=\"53242\" data-id=\"09ed6c7\" data-element_type=\"container\" data-e-type=\"container\">\n\t\t\t\t<div class=\"elementor-element elementor-element-7a618d2 elementor-widget elementor-widget-image\" data-id=\"7a618d2\" data-element_type=\"widget\" data-e-type=\"widget\" data-widget_type=\"image.default\">\n\t\t\t\t<div class=\"elementor-widget-container\">\n\t\t\t\t\t\t\t\t\t\t\t\t\t\t\t<img decoding=\"async\" width=\"800\" height=\"800\" src=\"https:\/\/innokids.eu\/wp-content\/uploads\/2024\/11\/05-Objectives_Lego_kocka_zvlast.png\" class=\"attachment-large size-large wp-image-3096\" alt=\"\" srcset=\"https:\/\/innokids.eu\/wp-content\/uploads\/2024\/11\/05-Objectives_Lego_kocka_zvlast.png 800w, https:\/\/innokids.eu\/wp-content\/uploads\/2024\/11\/05-Objectives_Lego_kocka_zvlast-300x300.png 300w, https:\/\/innokids.eu\/wp-content\/uploads\/2024\/11\/05-Objectives_Lego_kocka_zvlast-150x150.png 150w, https:\/\/innokids.eu\/wp-content\/uploads\/2024\/11\/05-Objectives_Lego_kocka_zvlast-768x768.png 768w, https:\/\/innokids.eu\/wp-content\/uploads\/2024\/11\/05-Objectives_Lego_kocka_zvlast-12x12.png 12w\" sizes=\"(max-width: 800px) 100vw, 800px\" \/>\t\t\t\t\t\t\t\t\t\t\t\t\t\t\t<\/div>\n\t\t\t\t<\/div>\n\t\t\t\t<\/div>\n\t\t<div class=\"has_eae_slider elementor-element elementor-element-9fd9f9d e-con-full e-flex e-con e-child\" data-eae-slider=\"7076\" data-id=\"9fd9f9d\" data-element_type=\"container\" data-e-type=\"container\">\n\t\t\t\t<div class=\"elementor-element elementor-element-302e19a elementor-widget elementor-widget-text-editor\" data-id=\"302e19a\" data-element_type=\"widget\" data-e-type=\"widget\" data-widget_type=\"text-editor.default\">\n\t\t\t\t<div class=\"elementor-widget-container\">\n\t\t\t\t\t\t\t\t\t<p><strong>Crea\u021bi materiale didactice atractive<\/strong>: Dezvoltarea unei platforme web cuprinz\u0103toare, a unor videoclipuri educa\u021bionale \u0219i a unor ateliere interactive pentru a face \u00eenv\u0103\u021barea privind durabilitatea atractiv\u0103 \u0219i accesibil\u0103.<\/p>\t\t\t\t\t\t\t\t<\/div>\n\t\t\t\t<\/div>\n\t\t\t\t<\/div>\n\t\t\t\t\t<\/div>\n\t\t\t\t<\/div>\n\t\t<div class=\"has_eae_slider elementor-element elementor-element-3b8d9cf e-flex e-con-boxed e-con e-parent\" data-eae-slider=\"17741\" data-id=\"3b8d9cf\" data-element_type=\"container\" data-e-type=\"container\">\n\t\t\t\t\t<div class=\"e-con-inner\">\n\t\t<div class=\"has_eae_slider elementor-element elementor-element-2fe0362 e-con-full e-flex e-con e-child\" data-eae-slider=\"91918\" data-id=\"2fe0362\" data-element_type=\"container\" data-e-type=\"container\">\n\t\t\t\t<div class=\"elementor-element elementor-element-650256e elementor-widget elementor-widget-image\" data-id=\"650256e\" data-element_type=\"widget\" data-e-type=\"widget\" data-widget_type=\"image.default\">\n\t\t\t\t<div class=\"elementor-widget-container\">\n\t\t\t\t\t\t\t\t\t\t\t\t\t\t\t<img decoding=\"async\" width=\"800\" height=\"800\" src=\"https:\/\/innokids.eu\/wp-content\/uploads\/2024\/11\/05-Objectives_Lego_kocka_zlty_recolor.png\" class=\"attachment-large size-large wp-image-3095\" alt=\"\" srcset=\"https:\/\/innokids.eu\/wp-content\/uploads\/2024\/11\/05-Objectives_Lego_kocka_zlty_recolor.png 800w, https:\/\/innokids.eu\/wp-content\/uploads\/2024\/11\/05-Objectives_Lego_kocka_zlty_recolor-300x300.png 300w, https:\/\/innokids.eu\/wp-content\/uploads\/2024\/11\/05-Objectives_Lego_kocka_zlty_recolor-150x150.png 150w, https:\/\/innokids.eu\/wp-content\/uploads\/2024\/11\/05-Objectives_Lego_kocka_zlty_recolor-768x768.png 768w, https:\/\/innokids.eu\/wp-content\/uploads\/2024\/11\/05-Objectives_Lego_kocka_zlty_recolor-12x12.png 12w\" sizes=\"(max-width: 800px) 100vw, 800px\" \/>\t\t\t\t\t\t\t\t\t\t\t\t\t\t\t<\/div>\n\t\t\t\t<\/div>\n\t\t\t\t<\/div>\n\t\t<div class=\"has_eae_slider elementor-element elementor-element-d783ed3 e-con-full e-flex e-con e-child\" data-eae-slider=\"64053\" data-id=\"d783ed3\" data-element_type=\"container\" data-e-type=\"container\">\n\t\t\t\t<div class=\"elementor-element elementor-element-decd2ad elementor-widget elementor-widget-text-editor\" data-id=\"decd2ad\" data-element_type=\"widget\" data-e-type=\"widget\" data-widget_type=\"text-editor.default\">\n\t\t\t\t<div class=\"elementor-widget-container\">\n\t\t\t\t\t\t\t\t\t<p><strong>Implicarea \u0219i impactul asupra comunit\u0103\u021bii<\/strong>: Organiz\u0103m t\u00e2rguri ecologice \u0219i evenimente comunitare pentru a cre\u0219te gradul de con\u0219tientizare cu privire la practicile durabile \u0219i pentru a implica activ comunit\u0103\u021bile locale \u00een ini\u021biativele noastre.<\/p>\t\t\t\t\t\t\t\t<\/div>\n\t\t\t\t<\/div>\n\t\t\t\t<\/div>\n\t\t\t\t\t<\/div>\n\t\t\t\t<\/div>\n\t\t<div class=\"has_eae_slider elementor-element elementor-element-fe7b9d9 e-flex e-con-boxed e-con e-parent\" data-eae-slider=\"25428\" data-id=\"fe7b9d9\" data-element_type=\"container\" data-e-type=\"container\">\n\t\t\t\t\t<div class=\"e-con-inner\">\n\t\t<div class=\"has_eae_slider elementor-element elementor-element-0eee597 e-con-full e-flex e-con e-child\" data-eae-slider=\"4869\" data-id=\"0eee597\" data-element_type=\"container\" data-e-type=\"container\">\n\t\t\t\t<div class=\"elementor-element elementor-element-3a90937 elementor-widget elementor-widget-text-editor\" data-id=\"3a90937\" data-element_type=\"widget\" data-e-type=\"widget\" data-widget_type=\"text-editor.default\">\n\t\t\t\t<div class=\"elementor-widget-container\">\n\t\t\t\t\t\t\t\t\t<p>Al\u0103tura\u021bi-v\u0103 nou\u0103 \u00een modelarea unui viitor mai verde \u0219i mai durabil prin educa\u021bie!<\/p>\t\t\t\t\t\t\t\t<\/div>\n\t\t\t\t<\/div>\n\t\t\t\t<\/div>\n\t\t\t\t\t<\/div>\n\t\t\t\t<\/div>\n\t\t\t\t\t<\/div>\n\t\t<\/div>\n\t\t\t\t\t<\/div>\n\t\t<\/section>\n\t\t<div class=\"has_eae_slider elementor-element elementor-element-0bfacaa e-flex e-con-boxed e-con e-parent\" data-eae-slider=\"92394\" data-id=\"0bfacaa\" data-element_type=\"container\" data-e-type=\"container\">\n\t\t\t\t\t<div class=\"e-con-inner\">\n\t\t\t\t\t<\/div>\n\t\t\t\t<\/div>\n\t\t\t\t<\/div>","protected":false},"excerpt":{"rendered":"<p>Obiectivele noastre Promovarea educa\u021biei privind proiectarea urban\u0103 durabil\u0103: Dezvoltarea \u0219i integrarea modulelor educa\u021bionale privind proiectarea urban\u0103 durabil\u0103 \u00een programele \u0219colare. Consolidarea...<\/p>","protected":false},"author":1,"featured_media":0,"parent":0,"menu_order":0,"comment_status":"closed","ping_status":"closed","template":"","meta":{"iawp_total_views":278,"footnotes":""},"class_list":["post-1532","page","type-page","status-publish","hentry"],"_links":{"self":[{"href":"https:\/\/innokids.eu\/ro\/wp-json\/wp\/v2\/pages\/1532","targetHints":{"allow":["GET"]}}],"collection":[{"href":"https:\/\/innokids.eu\/ro\/wp-json\/wp\/v2\/pages"}],"about":[{"href":"https:\/\/innokids.eu\/ro\/wp-json\/wp\/v2\/types\/page"}],"author":[{"embeddable":true,"href":"https:\/\/innokids.eu\/ro\/wp-json\/wp\/v2\/users\/1"}],"replies":[{"embeddable":true,"href":"https:\/\/innokids.eu\/ro\/wp-json\/wp\/v2\/comments?post=1532"}],"version-history":[{"count":59,"href":"https:\/\/innokids.eu\/ro\/wp-json\/wp\/v2\/pages\/1532\/revisions"}],"predecessor-version":[{"id":3104,"href":"https:\/\/innokids.eu\/ro\/wp-json\/wp\/v2\/pages\/1532\/revisions\/3104"}],"wp:attachment":[{"href":"https:\/\/innokids.eu\/ro\/wp-json\/wp\/v2\/media?parent=1532"}],"curies":[{"name":"wp","href":"https:\/\/api.w.org\/{rel}","templated":true}]}}