{"id":2812,"date":"2024-10-28T09:14:24","date_gmt":"2024-10-28T09:14:24","guid":{"rendered":"https:\/\/innokids.eu\/?page_id=2812"},"modified":"2024-12-05T09:30:57","modified_gmt":"2024-12-05T09:30:57","slug":"transnational-project-meetings","status":"publish","type":"page","link":"https:\/\/innokids.eu\/pt\/transnational-project-meetings\/","title":{"rendered":"Reuni\u00f5es Transnacionais do Projeto"},"content":{"rendered":"<div data-elementor-type=\"wp-page\" data-elementor-id=\"2812\" class=\"elementor elementor-2812\">\n\t\t\t\t<div class=\"has_eae_slider elementor-element elementor-element-73e262d e-flex e-con-boxed e-con e-parent\" data-eae-slider=\"49687\" data-id=\"73e262d\" data-element_type=\"container\" data-e-type=\"container\" data-settings=\"{&quot;background_background&quot;:&quot;classic&quot;}\">\n\t\t\t\t\t<div class=\"e-con-inner\">\n\t\t\t\t<div class=\"elementor-element elementor-element-8981c55 elementor-widget elementor-widget-heading\" data-id=\"8981c55\" data-element_type=\"widget\" data-e-type=\"widget\" data-widget_type=\"heading.default\">\n\t\t\t\t<div class=\"elementor-widget-container\">\n\t\t\t\t\t<h2 class=\"elementor-heading-title elementor-size-default\">Reuni\u00f5es Transnacionais do Projeto<\/h2>\t\t\t\t<\/div>\n\t\t\t\t<\/div>\n\t\t\t\t\t<\/div>\n\t\t\t\t<\/div>\n\t\t<div class=\"has_eae_slider elementor-element elementor-element-24aa3ca e-flex e-con-boxed e-con e-parent\" data-eae-slider=\"2491\" data-id=\"24aa3ca\" data-element_type=\"container\" data-e-type=\"container\" data-settings=\"{&quot;background_background&quot;:&quot;classic&quot;}\">\n\t\t\t\t\t<div class=\"e-con-inner\">\n\t\t<div class=\"has_eae_slider elementor-element elementor-element-c7be7ee e-con-full e-flex e-con e-child\" data-eae-slider=\"10350\" data-id=\"c7be7ee\" data-element_type=\"container\" data-e-type=\"container\">\n\t\t<div class=\"has_eae_slider elementor-element elementor-element-bc09d18 e-con-full e-flex e-con e-child\" data-eae-slider=\"40116\" data-id=\"bc09d18\" data-element_type=\"container\" data-e-type=\"container\">\n\t\t\t\t<div class=\"elementor-element elementor-element-6361bd9 elementor-widget elementor-widget-heading\" data-id=\"6361bd9\" data-element_type=\"widget\" data-e-type=\"widget\" data-widget_type=\"heading.default\">\n\t\t\t\t<div class=\"elementor-widget-container\">\n\t\t\t\t\t<h2 class=\"elementor-heading-title elementor-size-default\">Reuni\u00e3o inicial<\/h2>\t\t\t\t<\/div>\n\t\t\t\t<\/div>\n\t\t\t\t<div class=\"elementor-element elementor-element-fac559c elementor-widget elementor-widget-heading\" data-id=\"fac559c\" data-element_type=\"widget\" data-e-type=\"widget\" data-widget_type=\"heading.default\">\n\t\t\t\t<div class=\"elementor-widget-container\">\n\t\t\t\t\t<h2 class=\"elementor-heading-title elementor-size-default\">30. novembro - 01. dezembro de 2023, Bratislava<\/h2>\t\t\t\t<\/div>\n\t\t\t\t<\/div>\n\t\t\t\t<div class=\"elementor-element elementor-element-5ec4ede elementor-widget elementor-widget-text-editor\" data-id=\"5ec4ede\" data-element_type=\"widget\" data-e-type=\"widget\" data-widget_type=\"text-editor.default\">\n\t\t\t\t<div class=\"elementor-widget-container\">\n\t\t\t\t\t\t\t\t\t<p>O projeto INNOKIDS teve in\u00edcio com uma reuni\u00e3o envolvente e colaborativa para reunir todos os parceiros e preparar o terreno para uma viagem com uma jornada impactante. Explor\u00e1mos os nossos objectivos comuns, discutimos orienta\u00e7\u00f5es para uma colabora\u00e7\u00e3o bem sucedida e concebemos ferramentas interativas para o envolvimento dos professores. Terminando com uma visita inspiradora \u00e0 C\u00e2mara Municipal, a reuni\u00e3o destacou o papel dos espa\u00e7os p\u00fablicos na melhoria do bem-estar da comunidade - um primeiro passo emocionante para moldar experi\u00eancias de aprendizagem sustent\u00e1veis para as mentes jovens.<\/p>\t\t\t\t\t\t\t\t<\/div>\n\t\t\t\t<\/div>\n\t\t\t\t<\/div>\n\t\t<div class=\"has_eae_slider elementor-element elementor-element-76d41bb e-con-full e-flex e-con e-child\" data-eae-slider=\"45422\" data-id=\"76d41bb\" data-element_type=\"container\" data-e-type=\"container\">\n\t\t\t\t<div class=\"elementor-element elementor-element-2f1020c elementor-arrows-position-inside elementor-pagination-position-outside elementor-widget elementor-widget-image-carousel\" data-id=\"2f1020c\" data-element_type=\"widget\" data-e-type=\"widget\" data-settings=\"{&quot;slides_to_show&quot;:&quot;1&quot;,&quot;navigation&quot;:&quot;both&quot;,&quot;autoplay&quot;:&quot;yes&quot;,&quot;autoplay_speed&quot;:5000,&quot;infinite&quot;:&quot;yes&quot;,&quot;effect&quot;:&quot;slide&quot;,&quot;speed&quot;:500}\" data-widget_type=\"image-carousel.default\">\n\t\t\t\t<div class=\"elementor-widget-container\">\n\t\t\t\t\t\t\t<div class=\"elementor-image-carousel-wrapper swiper\" role=\"region\" aria-roledescription=\"carousel\" aria-label=\"Carrossel de imagens\" dir=\"ltr\">\n\t\t\t<div class=\"elementor-image-carousel swiper-wrapper swiper-image-stretch\" aria-live=\"off\">\n\t\t\t\t\t\t\t\t<div class=\"swiper-slide\" role=\"group\" aria-roledescription=\"slide\" aria-label=\"1 de 1\"><a data-elementor-open-lightbox=\"yes\" data-elementor-lightbox-slideshow=\"2f1020c\" data-e-action-hash=\"#elementor-action%3Aaction%3Dlightbox%26settings%3DeyJpZCI6Mjg0OSwidXJsIjoiaHR0cHM6XC9cL2lubm9raWRzLmV1XC93cC1jb250ZW50XC91cGxvYWRzXC8yMDI0XC8xMFwvNDYyNTM0NDAzXzE0NzEyNDMwNjAyMjY4OTJfNTU5ODU0Njg2NDI1MDgyOTk3MV9uLmpwZyIsInNsaWRlc2hvdyI6IjJmMTAyMGMifQ%3D%3D\" href=\"https:\/\/innokids.eu\/wp-content\/uploads\/2024\/10\/462534403_1471243060226892_5598546864250829971_n.jpg\"><figure class=\"swiper-slide-inner\"><img decoding=\"async\" class=\"swiper-slide-image\" src=\"https:\/\/innokids.eu\/wp-content\/uploads\/2024\/10\/462534403_1471243060226892_5598546864250829971_n.jpg\" alt=\"462534403_1471243060226892_5598546864250829971_n\" \/><\/figure><\/a><\/div>\t\t\t<\/div>\n\t\t\t\t\t<\/div>\n\t\t\t\t\t\t<\/div>\n\t\t\t\t<\/div>\n\t\t\t\t<\/div>\n\t\t\t\t<\/div>\n\t\t\t\t\t<\/div>\n\t\t\t\t<\/div>\n\t\t<div class=\"has_eae_slider elementor-element elementor-element-1187951 e-flex e-con-boxed e-con e-parent\" data-eae-slider=\"6004\" data-id=\"1187951\" data-element_type=\"container\" data-e-type=\"container\" data-settings=\"{&quot;background_background&quot;:&quot;classic&quot;}\">\n\t\t\t\t\t<div class=\"e-con-inner\">\n\t\t<div class=\"has_eae_slider elementor-element elementor-element-c7a06e1 e-con-full e-flex e-con e-child\" data-eae-slider=\"12136\" data-id=\"c7a06e1\" data-element_type=\"container\" data-e-type=\"container\">\n\t\t<div class=\"has_eae_slider elementor-element elementor-element-13a2ab8 e-con-full e-flex e-con e-child\" data-eae-slider=\"2155\" data-id=\"13a2ab8\" data-element_type=\"container\" data-e-type=\"container\">\n\t\t\t\t<div class=\"elementor-element elementor-element-06fa4da elementor-widget elementor-widget-heading\" data-id=\"06fa4da\" data-element_type=\"widget\" data-e-type=\"widget\" data-widget_type=\"heading.default\">\n\t\t\t\t<div class=\"elementor-widget-container\">\n\t\t\t\t\t<h2 class=\"elementor-heading-title elementor-size-default\">Reuni\u00e3o de Equipa do Projeto 2<\/h2>\t\t\t\t<\/div>\n\t\t\t\t<\/div>\n\t\t\t\t<div class=\"elementor-element elementor-element-23f75c6 elementor-widget elementor-widget-heading\" data-id=\"23f75c6\" data-element_type=\"widget\" data-e-type=\"widget\" data-widget_type=\"heading.default\">\n\t\t\t\t<div class=\"elementor-widget-container\">\n\t\t\t\t\t<h2 class=\"elementor-heading-title elementor-size-default\">05. - 06. junho 2024, Coimbra<\/h2>\t\t\t\t<\/div>\n\t\t\t\t<\/div>\n\t\t\t\t<div class=\"elementor-element elementor-element-f6d1aba elementor-widget elementor-widget-text-editor\" data-id=\"f6d1aba\" data-element_type=\"widget\" data-e-type=\"widget\" data-widget_type=\"text-editor.default\">\n\t\t\t\t<div class=\"elementor-widget-container\">\n\t\t\t\t\t\t\t\t\t<p>Em Portugal, a REP2 reuniu com sucesso os parceiros para definir a estrutura, o conte\u00fado e as funcionalidades da plataforma web INNOKIDS, criando uma base s\u00f3lida para um recurso envolvente e de f\u00e1cil utiliza\u00e7\u00e3o. A equipa tamb\u00e9m finalizou o modelo de Forma\u00e7\u00e3o de Professores, delineando um plano claro para a implementa\u00e7\u00e3o de uma forma\u00e7\u00e3o educativa eficaz. Esta reuni\u00e3o marcou um passo crucial para alcan\u00e7ar os nossos objetivos comuns em mat\u00e9ria de educa\u00e7\u00e3o sustent\u00e1vel.<\/p>\t\t\t\t\t\t\t\t<\/div>\n\t\t\t\t<\/div>\n\t\t\t\t<\/div>\n\t\t<div class=\"has_eae_slider elementor-element elementor-element-594da91 e-con-full e-flex e-con e-child\" data-eae-slider=\"89622\" data-id=\"594da91\" data-element_type=\"container\" data-e-type=\"container\">\n\t\t\t\t<div class=\"elementor-element elementor-element-2196e51 elementor-arrows-position-inside elementor-pagination-position-outside elementor-widget elementor-widget-image-carousel\" data-id=\"2196e51\" data-element_type=\"widget\" data-e-type=\"widget\" data-settings=\"{&quot;slides_to_show&quot;:&quot;1&quot;,&quot;navigation&quot;:&quot;both&quot;,&quot;autoplay&quot;:&quot;yes&quot;,&quot;autoplay_speed&quot;:5000,&quot;infinite&quot;:&quot;yes&quot;,&quot;effect&quot;:&quot;slide&quot;,&quot;speed&quot;:500}\" data-widget_type=\"image-carousel.default\">\n\t\t\t\t<div class=\"elementor-widget-container\">\n\t\t\t\t\t\t\t<div class=\"elementor-image-carousel-wrapper swiper\" role=\"region\" aria-roledescription=\"carousel\" aria-label=\"Carrossel de imagens\" dir=\"ltr\">\n\t\t\t<div class=\"elementor-image-carousel swiper-wrapper swiper-image-stretch\" aria-live=\"off\">\n\t\t\t\t\t\t\t\t<div class=\"swiper-slide\" role=\"group\" aria-roledescription=\"slide\" aria-label=\"1 de 4\"><a data-elementor-open-lightbox=\"yes\" data-elementor-lightbox-slideshow=\"2196e51\" data-e-action-hash=\"#elementor-action%3Aaction%3Dlightbox%26settings%3DeyJpZCI6MjcyOSwidXJsIjoiaHR0cHM6XC9cL2lubm9raWRzLmV1XC93cC1jb250ZW50XC91cGxvYWRzXC8yMDI0XC8xMFwvSU1HXzY4NzYtc2NhbGVkLmpwZyIsInNsaWRlc2hvdyI6IjIxOTZlNTEifQ%3D%3D\" href=\"https:\/\/innokids.eu\/wp-content\/uploads\/2024\/10\/IMG_6876-scaled.jpg\"><figure class=\"swiper-slide-inner\"><img decoding=\"async\" class=\"swiper-slide-image\" src=\"https:\/\/innokids.eu\/wp-content\/uploads\/2024\/10\/IMG_6876-1024x683.jpg\" alt=\"IMG_6876\" \/><\/figure><\/a><\/div><div class=\"swiper-slide\" role=\"group\" aria-roledescription=\"slide\" aria-label=\"2 de 4\"><a data-elementor-open-lightbox=\"yes\" data-elementor-lightbox-slideshow=\"2196e51\" data-e-action-hash=\"#elementor-action%3Aaction%3Dlightbox%26settings%3DeyJpZCI6MjczMCwidXJsIjoiaHR0cHM6XC9cL2lubm9raWRzLmV1XC93cC1jb250ZW50XC91cGxvYWRzXC8yMDI0XC8xMFwvSU1HXzY5MDAtc2NhbGVkLmpwZyIsInNsaWRlc2hvdyI6IjIxOTZlNTEifQ%3D%3D\" href=\"https:\/\/innokids.eu\/wp-content\/uploads\/2024\/10\/IMG_6900-scaled.jpg\"><figure class=\"swiper-slide-inner\"><img decoding=\"async\" class=\"swiper-slide-image\" src=\"https:\/\/innokids.eu\/wp-content\/uploads\/2024\/10\/IMG_6900-1024x683.jpg\" alt=\"IMG_6900\" \/><\/figure><\/a><\/div><div class=\"swiper-slide\" role=\"group\" aria-roledescription=\"slide\" aria-label=\"3 de 4\"><a data-elementor-open-lightbox=\"yes\" data-elementor-lightbox-slideshow=\"2196e51\" data-e-action-hash=\"#elementor-action%3Aaction%3Dlightbox%26settings%3DeyJpZCI6MjczMSwidXJsIjoiaHR0cHM6XC9cL2lubm9raWRzLmV1XC93cC1jb250ZW50XC91cGxvYWRzXC8yMDI0XC8xMFwvSU1HXzcwMTgtc2NhbGVkLmpwZyIsInNsaWRlc2hvdyI6IjIxOTZlNTEifQ%3D%3D\" href=\"https:\/\/innokids.eu\/wp-content\/uploads\/2024\/10\/IMG_7018-scaled.jpg\"><figure class=\"swiper-slide-inner\"><img decoding=\"async\" class=\"swiper-slide-image\" src=\"https:\/\/innokids.eu\/wp-content\/uploads\/2024\/10\/IMG_7018-1024x683.jpg\" alt=\"IMG_7018\" \/><\/figure><\/a><\/div><div class=\"swiper-slide\" role=\"group\" aria-roledescription=\"slide\" aria-label=\"4 de 4\"><a data-elementor-open-lightbox=\"yes\" data-elementor-lightbox-slideshow=\"2196e51\" data-e-action-hash=\"#elementor-action%3Aaction%3Dlightbox%26settings%3DeyJpZCI6MjczMiwidXJsIjoiaHR0cHM6XC9cL2lubm9raWRzLmV1XC93cC1jb250ZW50XC91cGxvYWRzXC8yMDI0XC8xMFwvSU1HXzcwMjYtc2NhbGVkLmpwZyIsInNsaWRlc2hvdyI6IjIxOTZlNTEifQ%3D%3D\" href=\"https:\/\/innokids.eu\/wp-content\/uploads\/2024\/10\/IMG_7026-scaled.jpg\"><figure class=\"swiper-slide-inner\"><img decoding=\"async\" class=\"swiper-slide-image\" src=\"https:\/\/innokids.eu\/wp-content\/uploads\/2024\/10\/IMG_7026-1024x683.jpg\" alt=\"IMG_7026\" \/><\/figure><\/a><\/div>\t\t\t<\/div>\n\t\t\t\t\t\t\t\t\t\t\t\t<div class=\"elementor-swiper-button elementor-swiper-button-prev\" role=\"button\" tabindex=\"0\">\n\t\t\t\t\t\t<i aria-hidden=\"true\" class=\"eicon-chevron-left\"><\/i>\t\t\t\t\t<\/div>\n\t\t\t\t\t<div class=\"elementor-swiper-button elementor-swiper-button-next\" role=\"button\" tabindex=\"0\">\n\t\t\t\t\t\t<i aria-hidden=\"true\" class=\"eicon-chevron-right\"><\/i>\t\t\t\t\t<\/div>\n\t\t\t\t\n\t\t\t\t\t\t\t\t\t<div class=\"swiper-pagination\"><\/div>\n\t\t\t\t\t\t\t\t\t<\/div>\n\t\t\t\t\t\t<\/div>\n\t\t\t\t<\/div>\n\t\t\t\t<\/div>\n\t\t\t\t<\/div>\n\t\t\t\t\t<\/div>\n\t\t\t\t<\/div>\n\t\t<div class=\"has_eae_slider elementor-element elementor-element-78c417c e-flex e-con-boxed e-con e-parent\" data-eae-slider=\"29767\" data-id=\"78c417c\" data-element_type=\"container\" data-e-type=\"container\" data-settings=\"{&quot;background_background&quot;:&quot;classic&quot;}\">\n\t\t\t\t\t<div class=\"e-con-inner\">\n\t\t<div class=\"has_eae_slider elementor-element elementor-element-db03d95 e-con-full e-flex e-con e-child\" data-eae-slider=\"18905\" data-id=\"db03d95\" data-element_type=\"container\" data-e-type=\"container\">\n\t\t<div class=\"has_eae_slider elementor-element elementor-element-c68c52c e-con-full e-flex e-con e-child\" data-eae-slider=\"77777\" data-id=\"c68c52c\" data-element_type=\"container\" data-e-type=\"container\">\n\t\t\t\t<div class=\"elementor-element elementor-element-093fa42 elementor-widget elementor-widget-heading\" data-id=\"093fa42\" data-element_type=\"widget\" data-e-type=\"widget\" data-widget_type=\"heading.default\">\n\t\t\t\t<div class=\"elementor-widget-container\">\n\t\t\t\t\t<h2 class=\"elementor-heading-title elementor-size-default\">Reuni\u00e3o de Equipa do Projeto 3<\/h2>\t\t\t\t<\/div>\n\t\t\t\t<\/div>\n\t\t\t\t<div class=\"elementor-element elementor-element-7c8fc76 elementor-widget elementor-widget-heading\" data-id=\"7c8fc76\" data-element_type=\"widget\" data-e-type=\"widget\" data-widget_type=\"heading.default\">\n\t\t\t\t<div class=\"elementor-widget-container\">\n\t\t\t\t\t<h2 class=\"elementor-heading-title elementor-size-default\">28. - 29. outubro de 2024, Maced\u00f3nia do Norte<\/h2>\t\t\t\t<\/div>\n\t\t\t\t<\/div>\n\t\t\t\t<div class=\"elementor-element elementor-element-4a0eb47 elementor-widget elementor-widget-text-editor\" data-id=\"4a0eb47\" data-element_type=\"widget\" data-e-type=\"widget\" data-widget_type=\"text-editor.default\">\n\t\t\t\t<div class=\"elementor-widget-container\">\n\t\t\t\t\t\t\t\t\t<p>A terceira reuni\u00e3o transnacional do projeto INNOKIDS, realizada em 28 e 29 de outubro de 2024, em Skopje, centrou-se na revis\u00e3o da implementa\u00e7\u00e3o da forma\u00e7\u00e3o de professores, na avalia\u00e7\u00e3o dos resultados do projeto e no avan\u00e7o do desenvolvimento da plataforma Web e das estrat\u00e9gias de divulga\u00e7\u00e3o. Os parceiros tamb\u00e9m planearam eventos futuros, incluindo feiras ecol\u00f3gicas e a confer\u00eancia final online, garantindo o progresso em dire\u00e7\u00e3o aos objetivos do projeto e o impacto da educa\u00e7\u00e3o para a sustentabilidade.<\/p>\t\t\t\t\t\t\t\t<\/div>\n\t\t\t\t<\/div>\n\t\t\t\t<\/div>\n\t\t<div class=\"has_eae_slider elementor-element elementor-element-e60117a e-con-full e-flex e-con e-child\" data-eae-slider=\"85557\" data-id=\"e60117a\" data-element_type=\"container\" data-e-type=\"container\">\n\t\t\t\t<div class=\"elementor-element elementor-element-28423d0 elementor-arrows-position-inside elementor-pagination-position-outside elementor-widget elementor-widget-image-carousel\" data-id=\"28423d0\" data-element_type=\"widget\" data-e-type=\"widget\" data-settings=\"{&quot;slides_to_show&quot;:&quot;1&quot;,&quot;navigation&quot;:&quot;both&quot;,&quot;autoplay&quot;:&quot;yes&quot;,&quot;autoplay_speed&quot;:5000,&quot;infinite&quot;:&quot;yes&quot;,&quot;effect&quot;:&quot;slide&quot;,&quot;speed&quot;:500}\" data-widget_type=\"image-carousel.default\">\n\t\t\t\t<div class=\"elementor-widget-container\">\n\t\t\t\t\t\t\t<div class=\"elementor-image-carousel-wrapper swiper\" role=\"region\" aria-roledescription=\"carousel\" aria-label=\"Carrossel de imagens\" dir=\"ltr\">\n\t\t\t<div class=\"elementor-image-carousel swiper-wrapper swiper-image-stretch\" aria-live=\"off\">\n\t\t\t\t\t\t\t\t<div class=\"swiper-slide\" role=\"group\" aria-roledescription=\"slide\" aria-label=\"1 de 2\"><a data-elementor-open-lightbox=\"yes\" data-elementor-lightbox-slideshow=\"28423d0\" data-e-action-hash=\"#elementor-action%3Aaction%3Dlightbox%26settings%3DeyJpZCI6MzIxMiwidXJsIjoiaHR0cHM6XC9cL2lubm9raWRzLmV1XC93cC1jb250ZW50XC91cGxvYWRzXC8yMDI0XC8xMlwvSU1HXzM1Nzktc2NhbGVkLmpwZyIsInNsaWRlc2hvdyI6IjI4NDIzZDAifQ%3D%3D\" href=\"https:\/\/innokids.eu\/wp-content\/uploads\/2024\/12\/IMG_3579-scaled.jpg\"><figure class=\"swiper-slide-inner\"><img decoding=\"async\" class=\"swiper-slide-image\" src=\"https:\/\/innokids.eu\/wp-content\/uploads\/2024\/12\/IMG_3579-1024x683.jpg\" alt=\"IMG_3579\" \/><\/figure><\/a><\/div><div class=\"swiper-slide\" role=\"group\" aria-roledescription=\"slide\" aria-label=\"2 de 2\"><a data-elementor-open-lightbox=\"yes\" data-elementor-lightbox-slideshow=\"28423d0\" data-e-action-hash=\"#elementor-action%3Aaction%3Dlightbox%26settings%3DeyJpZCI6MzIxMywidXJsIjoiaHR0cHM6XC9cL2lubm9raWRzLmV1XC93cC1jb250ZW50XC91cGxvYWRzXC8yMDI0XC8xMlwvSU1HXzM1Nzctc2NhbGVkLmpwZyIsInNsaWRlc2hvdyI6IjI4NDIzZDAifQ%3D%3D\" href=\"https:\/\/innokids.eu\/wp-content\/uploads\/2024\/12\/IMG_3577-scaled.jpg\"><figure class=\"swiper-slide-inner\"><img decoding=\"async\" class=\"swiper-slide-image\" src=\"https:\/\/innokids.eu\/wp-content\/uploads\/2024\/12\/IMG_3577-1024x683.jpg\" alt=\"IMG_3577\" \/><\/figure><\/a><\/div>\t\t\t<\/div>\n\t\t\t\t\t\t\t\t\t\t\t\t<div class=\"elementor-swiper-button elementor-swiper-button-prev\" role=\"button\" tabindex=\"0\">\n\t\t\t\t\t\t<i aria-hidden=\"true\" class=\"eicon-chevron-left\"><\/i>\t\t\t\t\t<\/div>\n\t\t\t\t\t<div class=\"elementor-swiper-button elementor-swiper-button-next\" role=\"button\" tabindex=\"0\">\n\t\t\t\t\t\t<i aria-hidden=\"true\" class=\"eicon-chevron-right\"><\/i>\t\t\t\t\t<\/div>\n\t\t\t\t\n\t\t\t\t\t\t\t\t\t<div class=\"swiper-pagination\"><\/div>\n\t\t\t\t\t\t\t\t\t<\/div>\n\t\t\t\t\t\t<\/div>\n\t\t\t\t<\/div>\n\t\t\t\t<\/div>\n\t\t\t\t<\/div>\n\t\t\t\t\t<\/div>\n\t\t\t\t<\/div>\n\t\t\t\t<\/div>","protected":false},"excerpt":{"rendered":"<p>Reuni\u00f5es de projectos transnacionais Reuni\u00e3o de lan\u00e7amento 30. novembro - 01. dezembro de 2023, Bratislava O projeto INNOKIDS teve in\u00edcio com uma reuni\u00e3o...<\/p>","protected":false},"author":1,"featured_media":0,"parent":0,"menu_order":0,"comment_status":"closed","ping_status":"closed","template":"","meta":{"iawp_total_views":39,"footnotes":""},"class_list":["post-2812","page","type-page","status-publish","hentry"],"_links":{"self":[{"href":"https:\/\/innokids.eu\/pt\/wp-json\/wp\/v2\/pages\/2812","targetHints":{"allow":["GET"]}}],"collection":[{"href":"https:\/\/innokids.eu\/pt\/wp-json\/wp\/v2\/pages"}],"about":[{"href":"https:\/\/innokids.eu\/pt\/wp-json\/wp\/v2\/types\/page"}],"author":[{"embeddable":true,"href":"https:\/\/innokids.eu\/pt\/wp-json\/wp\/v2\/users\/1"}],"replies":[{"embeddable":true,"href":"https:\/\/innokids.eu\/pt\/wp-json\/wp\/v2\/comments?post=2812"}],"version-history":[{"count":25,"href":"https:\/\/innokids.eu\/pt\/wp-json\/wp\/v2\/pages\/2812\/revisions"}],"predecessor-version":[{"id":3217,"href":"https:\/\/innokids.eu\/pt\/wp-json\/wp\/v2\/pages\/2812\/revisions\/3217"}],"wp:attachment":[{"href":"https:\/\/innokids.eu\/pt\/wp-json\/wp\/v2\/media?parent=2812"}],"curies":[{"name":"wp","href":"https:\/\/api.w.org\/{rel}","templated":true}]}}