{"id":2609,"date":"2024-10-23T08:14:47","date_gmt":"2024-10-23T08:14:47","guid":{"rendered":"https:\/\/innokids.eu\/?page_id=2609"},"modified":"2025-11-21T10:31:15","modified_gmt":"2025-11-21T10:31:15","slug":"platform-2","status":"publish","type":"page","link":"https:\/\/innokids.eu\/pt\/platform-2\/","title":{"rendered":"E-Learning"},"content":{"rendered":"<div data-elementor-type=\"wp-page\" data-elementor-id=\"2609\" class=\"elementor elementor-2609\">\n\t\t\t\t<div class=\"has_eae_slider elementor-element elementor-element-07c6a35 e-con-full e-flex e-con e-parent\" data-eae-slider=\"338\" data-id=\"07c6a35\" data-element_type=\"container\" data-e-type=\"container\">\n\t\t<div class=\"has_eae_slider elementor-element elementor-element-a817f18 e-con-full e-flex e-con e-child\" data-eae-slider=\"76220\" data-id=\"a817f18\" data-element_type=\"container\" data-e-type=\"container\">\n\t\t\t\t<div class=\"elementor-element elementor-element-6e88758 elementor-widget elementor-widget-image\" data-id=\"6e88758\" data-element_type=\"widget\" data-e-type=\"widget\" data-widget_type=\"image.default\">\n\t\t\t\t<div class=\"elementor-widget-container\">\n\t\t\t\t\t\t\t\t\t\t\t\t\t\t\t<img fetchpriority=\"high\" decoding=\"async\" width=\"300\" height=\"252\" src=\"https:\/\/innokids.eu\/wp-content\/uploads\/2024\/11\/extra_deti_kamosi_bez_pozadia-300x252.png\" class=\"attachment-medium size-medium wp-image-3127\" alt=\"\" srcset=\"https:\/\/innokids.eu\/wp-content\/uploads\/2024\/11\/extra_deti_kamosi_bez_pozadia-300x252.png 300w, https:\/\/innokids.eu\/wp-content\/uploads\/2024\/11\/extra_deti_kamosi_bez_pozadia-1024x862.png 1024w, https:\/\/innokids.eu\/wp-content\/uploads\/2024\/11\/extra_deti_kamosi_bez_pozadia-768x646.png 768w, https:\/\/innokids.eu\/wp-content\/uploads\/2024\/11\/extra_deti_kamosi_bez_pozadia-1536x1293.png 1536w, https:\/\/innokids.eu\/wp-content\/uploads\/2024\/11\/extra_deti_kamosi_bez_pozadia-14x12.png 14w, https:\/\/innokids.eu\/wp-content\/uploads\/2024\/11\/extra_deti_kamosi_bez_pozadia.png 1888w\" sizes=\"(max-width: 300px) 100vw, 300px\" \/>\t\t\t\t\t\t\t\t\t\t\t\t\t\t\t<\/div>\n\t\t\t\t<\/div>\n\t\t\t\t<\/div>\n\t\t<div class=\"has_eae_slider elementor-element elementor-element-05f7bf8 e-con-full e-flex e-con e-child\" data-eae-slider=\"65361\" data-id=\"05f7bf8\" data-element_type=\"container\" data-e-type=\"container\">\n\t\t\t\t<\/div>\n\t\t\t\t<\/div>\n\t\t<div class=\"has_eae_slider elementor-element elementor-element-77ab67e e-flex e-con-boxed e-con e-parent\" data-eae-slider=\"42684\" data-id=\"77ab67e\" data-element_type=\"container\" data-e-type=\"container\" data-settings=\"{&quot;background_background&quot;:&quot;classic&quot;}\">\n\t\t\t\t\t<div class=\"e-con-inner\">\n\t\t\t\t<div class=\"elementor-element elementor-element-31b97bd elementor-widget elementor-widget-heading\" data-id=\"31b97bd\" data-element_type=\"widget\" data-e-type=\"widget\" data-widget_type=\"heading.default\">\n\t\t\t\t<div class=\"elementor-widget-container\">\n\t\t\t\t\t<h2 class=\"elementor-heading-title elementor-size-default\">Plataforma Web<\/h2>\t\t\t\t<\/div>\n\t\t\t\t<\/div>\n\t\t\t\t\t<\/div>\n\t\t\t\t<\/div>\n\t\t\t\t<section class=\"has_eae_slider elementor-section elementor-top-section elementor-element elementor-element-be8b287 elementor-section-boxed elementor-section-height-default elementor-section-height-default\" data-eae-slider=\"7703\" data-id=\"be8b287\" data-element_type=\"section\" data-e-type=\"section\" data-settings=\"{&quot;background_background&quot;:&quot;classic&quot;}\">\n\t\t\t\t\t\t<div class=\"elementor-container elementor-column-gap-default\">\n\t\t\t\t\t<div class=\"has_eae_slider elementor-column elementor-col-33 elementor-top-column elementor-element elementor-element-ee21998\" data-eae-slider=\"22003\" data-id=\"ee21998\" data-element_type=\"column\" data-e-type=\"column\" data-settings=\"{&quot;background_background&quot;:&quot;classic&quot;}\">\n\t\t\t<div class=\"elementor-widget-wrap elementor-element-populated\">\n\t\t\t\t\t\t<div class=\"elementor-element elementor-element-45c7201 elementor-widget__width-initial elementor-widget elementor-widget-image\" data-id=\"45c7201\" data-element_type=\"widget\" data-e-type=\"widget\" data-widget_type=\"image.default\">\n\t\t\t\t<div class=\"elementor-widget-container\">\n\t\t\t\t\t\t\t\t\t\t\t\t\t\t\t<img decoding=\"async\" width=\"791\" height=\"591\" src=\"https:\/\/innokids.eu\/wp-content\/uploads\/2024\/11\/02-web-platform-1.png\" class=\"attachment-1536x1536 size-1536x1536 wp-image-3119\" alt=\"\" srcset=\"https:\/\/innokids.eu\/wp-content\/uploads\/2024\/11\/02-web-platform-1.png 791w, https:\/\/innokids.eu\/wp-content\/uploads\/2024\/11\/02-web-platform-1-300x224.png 300w, https:\/\/innokids.eu\/wp-content\/uploads\/2024\/11\/02-web-platform-1-768x574.png 768w, https:\/\/innokids.eu\/wp-content\/uploads\/2024\/11\/02-web-platform-1-16x12.png 16w\" sizes=\"(max-width: 791px) 100vw, 791px\" \/>\t\t\t\t\t\t\t\t\t\t\t\t\t\t\t<\/div>\n\t\t\t\t<\/div>\n\t\t\t\t<div class=\"elementor-element elementor-element-ecd791a elementor-widget elementor-widget-heading\" data-id=\"ecd791a\" data-element_type=\"widget\" data-e-type=\"widget\" data-widget_type=\"heading.default\">\n\t\t\t\t<div class=\"elementor-widget-container\">\n\t\t\t\t\t<h2 class=\"elementor-heading-title elementor-size-default\">E-Learning<\/h2>\t\t\t\t<\/div>\n\t\t\t\t<\/div>\n\t\t\t\t<div class=\"elementor-element elementor-element-8fbacca elementor-widget elementor-widget-text-editor\" data-id=\"8fbacca\" data-element_type=\"widget\" data-e-type=\"widget\" data-widget_type=\"text-editor.default\">\n\t\t\t\t<div class=\"elementor-widget-container\">\n\t\t\t\t\t\t\t\t\t<p><span class=\"TextRun SCXW68628768 BCX0\" lang=\"EN-US\" xml:lang=\"EN-US\" data-contrast=\"auto\"><span class=\"NormalTextRun SCXW68628768 BCX0\">A plataforma de e-learning apresenta cinco m\u00f3dulos interativos concebidos para refor\u00e7ar a capacidade de ensinar sustentabilidade e planeamento urbano.<\/span><\/span><\/p>\t\t\t\t\t\t\t\t<\/div>\n\t\t\t\t<\/div>\n\t\t\t\t<div class=\"elementor-element elementor-element-fad0749 elementor-align-center elementor-widget elementor-widget-button\" data-id=\"fad0749\" data-element_type=\"widget\" data-e-type=\"widget\" data-widget_type=\"button.default\">\n\t\t\t\t<div class=\"elementor-widget-container\">\n\t\t\t\t\t\t\t\t\t<div class=\"elementor-button-wrapper\">\n\t\t\t\t\t<a class=\"elementor-button elementor-button-link elementor-size-md elementor-animation-float\" href=\"https:\/\/innokids.eu\/pt\/platform\/\">\n\t\t\t\t\t\t<span class=\"elementor-button-content-wrapper\">\n\t\t\t\t\t\t\t\t\t<span class=\"elementor-button-text\">Clique aqui<\/span>\n\t\t\t\t\t<\/span>\n\t\t\t\t\t<\/a>\n\t\t\t\t<\/div>\n\t\t\t\t\t\t\t\t<\/div>\n\t\t\t\t<\/div>\n\t\t\t\t\t<\/div>\n\t\t<\/div>\n\t\t\t\t<div class=\"has_eae_slider elementor-column elementor-col-33 elementor-top-column elementor-element elementor-element-f8f7899\" data-eae-slider=\"8399\" data-id=\"f8f7899\" data-element_type=\"column\" data-e-type=\"column\">\n\t\t\t<div class=\"elementor-widget-wrap\">\n\t\t\t\t\t\t\t<\/div>\n\t\t<\/div>\n\t\t\t\t<div class=\"has_eae_slider elementor-column elementor-col-33 elementor-top-column elementor-element elementor-element-dd35809\" data-eae-slider=\"31543\" data-id=\"dd35809\" data-element_type=\"column\" data-e-type=\"column\" data-settings=\"{&quot;background_background&quot;:&quot;classic&quot;}\">\n\t\t\t<div class=\"elementor-widget-wrap elementor-element-populated\">\n\t\t\t\t\t\t<div class=\"elementor-element elementor-element-297c20c elementor-widget__width-initial elementor-widget elementor-widget-image\" data-id=\"297c20c\" data-element_type=\"widget\" data-e-type=\"widget\" data-widget_type=\"image.default\">\n\t\t\t\t<div class=\"elementor-widget-container\">\n\t\t\t\t\t\t\t\t\t\t\t\t\t\t\t<img decoding=\"async\" width=\"473\" height=\"488\" src=\"https:\/\/innokids.eu\/wp-content\/uploads\/2024\/11\/04-training-programme-1_edit-1-e1763720375283.png\" class=\"attachment-1536x1536 size-1536x1536 wp-image-3132\" alt=\"\" srcset=\"https:\/\/innokids.eu\/wp-content\/uploads\/2024\/11\/04-training-programme-1_edit-1-e1763720375283.png 473w, https:\/\/innokids.eu\/wp-content\/uploads\/2024\/11\/04-training-programme-1_edit-1-e1763720375283-291x300.png 291w, https:\/\/innokids.eu\/wp-content\/uploads\/2024\/11\/04-training-programme-1_edit-1-e1763720375283-12x12.png 12w\" sizes=\"(max-width: 473px) 100vw, 473px\" \/>\t\t\t\t\t\t\t\t\t\t\t\t\t\t\t<\/div>\n\t\t\t\t<\/div>\n\t\t\t\t<div class=\"elementor-element elementor-element-8ead539 elementor-widget elementor-widget-heading\" data-id=\"8ead539\" data-element_type=\"widget\" data-e-type=\"widget\" data-widget_type=\"heading.default\">\n\t\t\t\t<div class=\"elementor-widget-container\">\n\t\t\t\t\t<h2 class=\"elementor-heading-title elementor-size-default\">Videoteca<\/h2>\t\t\t\t<\/div>\n\t\t\t\t<\/div>\n\t\t\t\t<div class=\"elementor-element elementor-element-b1d54ef elementor-widget elementor-widget-text-editor\" data-id=\"b1d54ef\" data-element_type=\"widget\" data-e-type=\"widget\" data-widget_type=\"text-editor.default\">\n\t\t\t\t<div class=\"elementor-widget-container\">\n\t\t\t\t\t\t\t\t\t<p>Aceda a 100 v\u00eddeos para melhorar as suas compet\u00eancias em desenvolvimento comunit\u00e1rio sustent\u00e1vel, planeamento urbano e prote\u00e7\u00e3o ambiental.<\/p>\t\t\t\t\t\t\t\t<\/div>\n\t\t\t\t<\/div>\n\t\t\t\t<div class=\"elementor-element elementor-element-03e3b85 elementor-align-center elementor-widget elementor-widget-button\" data-id=\"03e3b85\" data-element_type=\"widget\" data-e-type=\"widget\" data-widget_type=\"button.default\">\n\t\t\t\t<div class=\"elementor-widget-container\">\n\t\t\t\t\t\t\t\t\t<div class=\"elementor-button-wrapper\">\n\t\t\t\t\t<a class=\"elementor-button elementor-button-link elementor-size-md elementor-animation-float\" href=\"https:\/\/innokids.eu\/pt\/video-library\/\">\n\t\t\t\t\t\t<span class=\"elementor-button-content-wrapper\">\n\t\t\t\t\t\t\t\t\t<span class=\"elementor-button-text\">Clique aqui<\/span>\n\t\t\t\t\t<\/span>\n\t\t\t\t\t<\/a>\n\t\t\t\t<\/div>\n\t\t\t\t\t\t\t\t<\/div>\n\t\t\t\t<\/div>\n\t\t\t\t\t<\/div>\n\t\t<\/div>\n\t\t\t\t\t<\/div>\n\t\t<\/section>\n\t\t\t\t<\/div>","protected":false},"excerpt":{"rendered":"<p>Plataforma Web E-Learning A plataforma E-Learning inclui cinco m\u00f3dulos interactivos concebidos para melhorar a capacidade de ensino da sustentabilidade e do planeamento urbano....<\/p>","protected":false},"author":4,"featured_media":0,"parent":0,"menu_order":0,"comment_status":"closed","ping_status":"closed","template":"","meta":{"iawp_total_views":892,"footnotes":""},"class_list":["post-2609","page","type-page","status-publish","hentry"],"_links":{"self":[{"href":"https:\/\/innokids.eu\/pt\/wp-json\/wp\/v2\/pages\/2609","targetHints":{"allow":["GET"]}}],"collection":[{"href":"https:\/\/innokids.eu\/pt\/wp-json\/wp\/v2\/pages"}],"about":[{"href":"https:\/\/innokids.eu\/pt\/wp-json\/wp\/v2\/types\/page"}],"author":[{"embeddable":true,"href":"https:\/\/innokids.eu\/pt\/wp-json\/wp\/v2\/users\/4"}],"replies":[{"embeddable":true,"href":"https:\/\/innokids.eu\/pt\/wp-json\/wp\/v2\/comments?post=2609"}],"version-history":[{"count":74,"href":"https:\/\/innokids.eu\/pt\/wp-json\/wp\/v2\/pages\/2609\/revisions"}],"predecessor-version":[{"id":4229,"href":"https:\/\/innokids.eu\/pt\/wp-json\/wp\/v2\/pages\/2609\/revisions\/4229"}],"wp:attachment":[{"href":"https:\/\/innokids.eu\/pt\/wp-json\/wp\/v2\/media?parent=2609"}],"curies":[{"name":"wp","href":"https:\/\/api.w.org\/{rel}","templated":true}]}}