{"id":1536,"date":"2023-01-25T11:59:44","date_gmt":"2023-01-25T11:59:44","guid":{"rendered":"https:\/\/29e4aaa2-b025-48da-b57e-79ef59e549ee.eu02.conves.io\/?page_id=1536"},"modified":"2024-11-20T09:07:47","modified_gmt":"2024-11-20T09:07:47","slug":"partners","status":"publish","type":"page","link":"https:\/\/innokids.eu\/pt\/partners\/","title":{"rendered":"Parceiros"},"content":{"rendered":"<div data-elementor-type=\"wp-page\" data-elementor-id=\"1536\" class=\"elementor elementor-1536\">\n\t\t\t\t<div class=\"has_eae_slider elementor-element elementor-element-3b034fa e-con-full e-flex e-con e-parent\" data-eae-slider=\"30831\" data-id=\"3b034fa\" data-element_type=\"container\" data-e-type=\"container\">\n\t\t<div class=\"has_eae_slider elementor-element elementor-element-3102213 e-con-full e-flex e-con e-child\" data-eae-slider=\"21762\" data-id=\"3102213\" data-element_type=\"container\" data-e-type=\"container\">\n\t\t\t\t<div class=\"elementor-element elementor-element-b5d67b7 elementor-widget elementor-widget-image\" data-id=\"b5d67b7\" data-element_type=\"widget\" data-e-type=\"widget\" data-widget_type=\"image.default\">\n\t\t\t\t<div class=\"elementor-widget-container\">\n\t\t\t\t\t\t\t\t\t\t\t\t\t\t\t<img fetchpriority=\"high\" decoding=\"async\" width=\"300\" height=\"217\" src=\"https:\/\/innokids.eu\/wp-content\/uploads\/2024\/11\/extra_rubikova_kocka-300x217.png\" class=\"attachment-medium size-medium wp-image-3085\" alt=\"\" srcset=\"https:\/\/innokids.eu\/wp-content\/uploads\/2024\/11\/extra_rubikova_kocka-300x217.png 300w, https:\/\/innokids.eu\/wp-content\/uploads\/2024\/11\/extra_rubikova_kocka-18x12.png 18w, https:\/\/innokids.eu\/wp-content\/uploads\/2024\/11\/extra_rubikova_kocka.png 533w\" sizes=\"(max-width: 300px) 100vw, 300px\" \/>\t\t\t\t\t\t\t\t\t\t\t\t\t\t\t<\/div>\n\t\t\t\t<\/div>\n\t\t\t\t<\/div>\n\t\t<div class=\"has_eae_slider elementor-element elementor-element-263b934 e-con-full e-flex e-con e-child\" data-eae-slider=\"94351\" data-id=\"263b934\" data-element_type=\"container\" data-e-type=\"container\">\n\t\t\t\t<\/div>\n\t\t\t\t<\/div>\n\t\t<div class=\"has_eae_slider elementor-element elementor-element-ee5efcd e-flex e-con-boxed e-con e-parent\" data-eae-slider=\"22269\" data-id=\"ee5efcd\" data-element_type=\"container\" data-e-type=\"container\" data-settings=\"{&quot;background_background&quot;:&quot;classic&quot;}\">\n\t\t\t\t\t<div class=\"e-con-inner\">\n\t\t\t\t<div class=\"elementor-element elementor-element-c3029b4 elementor-widget elementor-widget-heading\" data-id=\"c3029b4\" data-element_type=\"widget\" data-e-type=\"widget\" data-widget_type=\"heading.default\">\n\t\t\t\t<div class=\"elementor-widget-container\">\n\t\t\t\t\t<h2 class=\"elementor-heading-title elementor-size-default\">Parceiros<\/h2>\t\t\t\t<\/div>\n\t\t\t\t<\/div>\n\t\t\t\t\t<\/div>\n\t\t\t\t<\/div>\n\t\t\t\t<section class=\"has_eae_slider elementor-section elementor-top-section elementor-element elementor-element-c1d5ead elementor-section-full_width elementor-section-height-default elementor-section-height-default\" data-eae-slider=\"83342\" data-id=\"c1d5ead\" data-element_type=\"section\" data-e-type=\"section\" data-settings=\"{&quot;background_background&quot;:&quot;classic&quot;}\">\n\t\t\t\t\t\t<div class=\"elementor-container elementor-column-gap-default\">\n\t\t\t\t\t<div class=\"has_eae_slider elementor-column elementor-col-33 elementor-top-column elementor-element elementor-element-7ec46dd\" data-eae-slider=\"69225\" data-id=\"7ec46dd\" data-element_type=\"column\" data-e-type=\"column\" data-settings=\"{&quot;background_background&quot;:&quot;classic&quot;}\">\n\t\t\t<div class=\"elementor-widget-wrap elementor-element-populated\">\n\t\t\t\t\t\t<div class=\"elementor-element elementor-element-d6463c2 elementor-widget elementor-widget-image\" data-id=\"d6463c2\" data-element_type=\"widget\" data-e-type=\"widget\" data-widget_type=\"image.default\">\n\t\t\t\t<div class=\"elementor-widget-container\">\n\t\t\t\t\t\t\t\t\t\t\t\t\t\t\t\t<a href=\"https:\/\/stromzivota.sk\/\" target=\"_blank\" rel=\"noopener\">\n\t\t\t\t\t\t\t<img decoding=\"async\" width=\"843\" height=\"286\" src=\"https:\/\/innokids.eu\/wp-content\/uploads\/2024\/06\/strom-zivota-logo-zelene-1024x347.png\" class=\"elementor-animation-grow attachment-large size-large wp-image-2420\" alt=\"\" srcset=\"https:\/\/innokids.eu\/wp-content\/uploads\/2024\/06\/strom-zivota-logo-zelene-1024x347.png 1024w, https:\/\/innokids.eu\/wp-content\/uploads\/2024\/06\/strom-zivota-logo-zelene-300x102.png 300w, https:\/\/innokids.eu\/wp-content\/uploads\/2024\/06\/strom-zivota-logo-zelene-768x260.png 768w, https:\/\/innokids.eu\/wp-content\/uploads\/2024\/06\/strom-zivota-logo-zelene-1536x520.png 1536w, https:\/\/innokids.eu\/wp-content\/uploads\/2024\/06\/strom-zivota-logo-zelene-2048x693.png 2048w, https:\/\/innokids.eu\/wp-content\/uploads\/2024\/06\/strom-zivota-logo-zelene-18x6.png 18w\" sizes=\"(max-width: 843px) 100vw, 843px\" \/>\t\t\t\t\t\t\t\t<\/a>\n\t\t\t\t\t\t\t\t\t\t\t\t\t\t\t<\/div>\n\t\t\t\t<\/div>\n\t\t\t\t<div class=\"elementor-element elementor-element-bb38d4f elementor-widget elementor-widget-text-editor\" data-id=\"bb38d4f\" data-element_type=\"widget\" data-e-type=\"widget\" data-widget_type=\"text-editor.default\">\n\t\t\t\t<div class=\"elementor-widget-container\">\n\t\t\t\t\t\t\t\t\t<p><span style=\"font-weight: 400;\">A Strom \u017eivota \u00e9 uma organiza\u00e7\u00e3o sem fins lucrativos, registada como organiza\u00e7\u00e3o c\u00edvica e com mais de 40 anos de experi\u00eancia em toda a Eslov\u00e1quia. A Strom \u017eivota organiza programas ao longo de todo o ano para jardins de inf\u00e2ncia e escolas prim\u00e1rias, centrados na educa\u00e7\u00e3o ambiental, na educa\u00e7\u00e3o ao ar livre e na aprendizagem baseada na investiga\u00e7\u00e3o em toda a Eslov\u00e1quia. As atividades oferecidas pelas organiza\u00e7\u00f5es despertam nas crian\u00e7as o desejo de aprender, mudar e agir em prol da prote\u00e7\u00e3o e melhoria da vida na Terra, atrav\u00e9s de uma educa\u00e7\u00e3o experiencial sobre a natureza, o ambiente e a qualidade de vida. Ao mesmo tempo, esta organiza\u00e7\u00e3o procura desenvolver a intelig\u00eancia emocional das crian\u00e7as, influenciar o seu sistema de valores e fortalecer a sua responsabilidade pessoal para consigo mesmas, para com os outros e para com o mundo.\u00a0<\/span><\/p><p><span style=\"font-weight: 400;\">A Strom \u017eivota presta aten\u00e7\u00e3o a temas como o desenvolvimento pessoal das crian\u00e7as e dos jovens, principalmente atrav\u00e9s do desenvolvimento da criatividade, das capacidades de comunica\u00e7\u00e3o e apresenta\u00e7\u00e3o, do talento, da literacia em leitura, do manuseamento competente dos meios de comunica\u00e7\u00e3o social e do pensamento cr\u00edtico. A organiza\u00e7\u00e3o tamb\u00e9m apoia atividades art\u00edsticas de jovens, atividades que promovem um estilo de vida saud\u00e1vel e atividades que desenvolvem compet\u00eancias inovadoras e t\u00e9cnicas essenciais para a sua vida futura.\u00a0<\/span><\/p><p><span style=\"font-weight: 400;\">A organiza\u00e7\u00e3o d\u00e1 especial \u00eanfase \u00e0 interatividade (trabalho de equipa, cidadania ativa), \u00e0 experi\u00eancia pessoal (aprendizagem baseada na investiga\u00e7\u00e3o e no voluntariado) e ao tempo passado na natureza (educa\u00e7\u00e3o ao ar livre).\u00a0<\/span><\/p>\t\t\t\t\t\t\t\t<\/div>\n\t\t\t\t<\/div>\n\t\t\t\t\t<\/div>\n\t\t<\/div>\n\t\t\t\t<div class=\"has_eae_slider elementor-column elementor-col-33 elementor-top-column elementor-element elementor-element-1da5cbf\" data-eae-slider=\"96449\" data-id=\"1da5cbf\" data-element_type=\"column\" data-e-type=\"column\">\n\t\t\t<div class=\"elementor-widget-wrap\">\n\t\t\t\t\t\t\t<\/div>\n\t\t<\/div>\n\t\t\t\t<div class=\"has_eae_slider elementor-column elementor-col-33 elementor-top-column elementor-element elementor-element-63e2c51\" data-eae-slider=\"21647\" data-id=\"63e2c51\" data-element_type=\"column\" data-e-type=\"column\" data-settings=\"{&quot;background_background&quot;:&quot;classic&quot;}\">\n\t\t\t<div class=\"elementor-widget-wrap elementor-element-populated\">\n\t\t\t\t\t\t<div class=\"elementor-element elementor-element-88b1632 elementor-widget elementor-widget-image\" data-id=\"88b1632\" data-element_type=\"widget\" data-e-type=\"widget\" data-widget_type=\"image.default\">\n\t\t\t\t<div class=\"elementor-widget-container\">\n\t\t\t\t\t\t\t\t\t\t\t\t\t\t\t\t<a href=\"https:\/\/caspae.pt\/PT\/\" target=\"_blank\" rel=\"noopener\">\n\t\t\t\t\t\t\t<img decoding=\"async\" width=\"801\" height=\"600\" src=\"https:\/\/innokids.eu\/wp-content\/uploads\/2024\/06\/azul_V1.png\" class=\"elementor-animation-grow attachment-large size-large wp-image-2417\" alt=\"\" srcset=\"https:\/\/innokids.eu\/wp-content\/uploads\/2024\/06\/azul_V1.png 801w, https:\/\/innokids.eu\/wp-content\/uploads\/2024\/06\/azul_V1-300x225.png 300w, https:\/\/innokids.eu\/wp-content\/uploads\/2024\/06\/azul_V1-768x575.png 768w, https:\/\/innokids.eu\/wp-content\/uploads\/2024\/06\/azul_V1-16x12.png 16w\" sizes=\"(max-width: 801px) 100vw, 801px\" \/>\t\t\t\t\t\t\t\t<\/a>\n\t\t\t\t\t\t\t\t\t\t\t\t\t\t\t<\/div>\n\t\t\t\t<\/div>\n\t\t\t\t<div class=\"elementor-element elementor-element-81b6aad elementor-widget elementor-widget-text-editor\" data-id=\"81b6aad\" data-element_type=\"widget\" data-e-type=\"widget\" data-widget_type=\"text-editor.default\">\n\t\t\t\t<div class=\"elementor-widget-container\">\n\t\t\t\t\t\t\t\t\t<p class=\"translation-block\"><span style=\"font-weight: 400\">O Centro de Apoio Social de Pais e Amigos da Escola n\u00ba10 - CASPAE 10 \u00e9 uma Organiza\u00e7\u00e3o Particular de Solidariedade Social (IPSS), em Coimbra (Portugal).<\/span><span style=\"font-weight: 400\"><br><\/span><span style=\"font-weight: 400\">O CASPAE tem como miss\u00e3o promover respostas de bem-estar social que ajudem os indiv\u00edduos a valorizarem-se a si pr\u00f3prios e ao seu bem-estar, e facilitem a sua inclus\u00e3o na sociedade.  Por isso, perseguimos os valores da solidariedade, do compromisso, da responsabilidade, da coopera\u00e7\u00e3o e do desenvolvimento.<\/span><span style=\"font-weight: 400\"><br><\/span><span style=\"font-weight: 400\">A CASPAE foi fundada no ano 2000 por um grupo de pais, para responder \u00e0 necessidade de ter um local dentro da escola n\u00ba 10 onde as crian\u00e7as pudessem ficar e ser cuidadas antes e depois do hor\u00e1rio escolar e durante as f\u00e9rias - um Centro de Actividades de Apoio \u00e0 Crian\u00e7a. Ao longo dos anos, outras escolas pediram ao CASPAE para prestar este servi\u00e7o, e hoje prestamos estes servi\u00e7os de educa\u00e7\u00e3o n\u00e3o formal em 11 escolas do 1\u00ba ciclo do ensino b\u00e1sico de Coimbra.<\/span><span style=\"font-weight: 400\"><br><\/span><span style=\"font-weight: 400\">A CASPAE foi crescendo e alargando a sua \u00e1rea de interven\u00e7\u00e3o e hoje somos respons\u00e1veis pela presta\u00e7\u00e3o de outros servi\u00e7os assistenciais e educativos, tais como refei\u00e7\u00f5es escolares (8 escolas), actividades de enriquecimento curricular (17 escolas, 2500 alunos), Academia de Desporto (250 crian\u00e7as) e Campos de F\u00e9rias. Prestamos tamb\u00e9m servi\u00e7os de apoio aos idosos, nomeadamente o Servi\u00e7o de Assist\u00eancia Domicili\u00e1ria. Para al\u00e9m disso, desenvolvemos e promovemos projectos de interven\u00e7\u00e3o social e educativa (10 nos \u00faltimos 3 anos, com um financiamento superior a 1 milh\u00e3o de euros).<\/span><\/p><p><span style=\"font-weight: 400;\">Contamos com uma equipa multidisciplinar de mais de cem pessoas: professores, psic\u00f3logos, assistentes sociais, educadores, cuidadores, motoristas qualificados, entre outros.<\/span><\/p>\t\t\t\t\t\t\t\t<\/div>\n\t\t\t\t<\/div>\n\t\t\t\t\t<\/div>\n\t\t<\/div>\n\t\t\t\t\t<\/div>\n\t\t<\/section>\n\t\t\t\t<section class=\"has_eae_slider elementor-section elementor-top-section elementor-element elementor-element-9f13755 elementor-section-full_width elementor-section-height-default elementor-section-height-default\" data-eae-slider=\"38003\" data-id=\"9f13755\" data-element_type=\"section\" data-e-type=\"section\" data-settings=\"{&quot;background_background&quot;:&quot;classic&quot;}\">\n\t\t\t\t\t\t<div class=\"elementor-container elementor-column-gap-default\">\n\t\t\t\t\t<div class=\"has_eae_slider elementor-column elementor-col-33 elementor-top-column elementor-element elementor-element-ec8db36\" data-eae-slider=\"74572\" data-id=\"ec8db36\" data-element_type=\"column\" data-e-type=\"column\" data-settings=\"{&quot;background_background&quot;:&quot;classic&quot;}\">\n\t\t\t<div class=\"elementor-widget-wrap elementor-element-populated\">\n\t\t\t\t\t\t<div class=\"elementor-element elementor-element-46c54c6 elementor-widget elementor-widget-image\" data-id=\"46c54c6\" data-element_type=\"widget\" data-e-type=\"widget\" data-widget_type=\"image.default\">\n\t\t\t\t<div class=\"elementor-widget-container\">\n\t\t\t\t\t\t\t\t\t\t\t\t\t\t\t\t<a href=\"https:\/\/minevaganti.org\/en\/\" target=\"_blank\" rel=\"noopener\">\n\t\t\t\t\t\t\t<img loading=\"lazy\" decoding=\"async\" width=\"843\" height=\"566\" src=\"https:\/\/innokids.eu\/wp-content\/uploads\/2023\/07\/MVNGO-Logo-1024x688.png\" class=\"elementor-animation-grow attachment-large size-large wp-image-1987\" alt=\"\" srcset=\"https:\/\/innokids.eu\/wp-content\/uploads\/2023\/07\/MVNGO-Logo-1024x688.png 1024w, https:\/\/innokids.eu\/wp-content\/uploads\/2023\/07\/MVNGO-Logo-300x202.png 300w, https:\/\/innokids.eu\/wp-content\/uploads\/2023\/07\/MVNGO-Logo-768x516.png 768w, https:\/\/innokids.eu\/wp-content\/uploads\/2023\/07\/MVNGO-Logo-18x12.png 18w\" sizes=\"(max-width: 843px) 100vw, 843px\" \/>\t\t\t\t\t\t\t\t<\/a>\n\t\t\t\t\t\t\t\t\t\t\t\t\t\t\t<\/div>\n\t\t\t\t<\/div>\n\t\t\t\t<div class=\"elementor-element elementor-element-56a93bf elementor-widget elementor-widget-text-editor\" data-id=\"56a93bf\" data-element_type=\"widget\" data-e-type=\"widget\" data-widget_type=\"text-editor.default\">\n\t\t\t\t<div class=\"elementor-widget-container\">\n\t\t\t\t\t\t\t\t\t<p>Mine Vaganti NGO \u00e9 uma organiza\u00e7\u00e3o sem fins lucrativos estabelecida na Sardenha em 2009, cujos servi\u00e7os abrangem Educa\u00e7\u00e3o e Forma\u00e7\u00e3o, Conce\u00e7\u00e3o e Desenvolvimento de Projetos, Investiga\u00e7\u00e3o Tem\u00e1tica, Mobilidade Internacional e Consultoria - nos sectores da Juventude, Adultos, Educa\u00e7\u00e3o e Desporto. A MVNGO tem 3 escrit\u00f3rios em Sassari, Olbia e Tempio Pausania, com impacto no norte da Sardenha e alcan\u00e7ando com as suas filiais operacionais muitas outras regi\u00f5es da It\u00e1lia, da Europa e al\u00e9m.<\/p><p>Os membros da MVNGO trabalham em equipas dedicadas \u00e0 cria\u00e7\u00e3o, desenvolvimento e implementa\u00e7\u00e3o de projectos internacionais de investiga\u00e7\u00e3o, inova\u00e7\u00e3o ou interc\u00e2mbio de boas pr\u00e1ticas, chegando, por vezes, ao p\u00fablico-alvo atrav\u00e9s de semin\u00e1rios e\/ou cursos de forma\u00e7\u00e3o. Dentro das equipas de trabalho da MVNGO, os formadores\/facilitadores (acreditados pela Salto) possuem uma vasta experi\u00eancia e est\u00e3o dispon\u00edveis para se envolver na implementa\u00e7\u00e3o dos projetos propostos. A organiza\u00e7\u00e3o \u00e9 composta por 10 colaboradores a tempo inteiro, 15 colaboradores tempor\u00e1rios ao abrigo de diferentes programas de mobilidade e um grupo de 70 colaboradores externos contratados anualmente ou por projeto.<\/p>\t\t\t\t\t\t\t\t<\/div>\n\t\t\t\t<\/div>\n\t\t\t\t\t<\/div>\n\t\t<\/div>\n\t\t\t\t<div class=\"has_eae_slider elementor-column elementor-col-33 elementor-top-column elementor-element elementor-element-5d38569\" data-eae-slider=\"64963\" data-id=\"5d38569\" data-element_type=\"column\" data-e-type=\"column\">\n\t\t\t<div class=\"elementor-widget-wrap\">\n\t\t\t\t\t\t\t<\/div>\n\t\t<\/div>\n\t\t\t\t<div class=\"has_eae_slider elementor-column elementor-col-33 elementor-top-column elementor-element elementor-element-dd2db5a\" data-eae-slider=\"26489\" data-id=\"dd2db5a\" data-element_type=\"column\" data-e-type=\"column\" data-settings=\"{&quot;background_background&quot;:&quot;classic&quot;}\">\n\t\t\t<div class=\"elementor-widget-wrap elementor-element-populated\">\n\t\t\t\t\t\t<div class=\"elementor-element elementor-element-0b57231 elementor-widget elementor-widget-image\" data-id=\"0b57231\" data-element_type=\"widget\" data-e-type=\"widget\" data-widget_type=\"image.default\">\n\t\t\t\t<div class=\"elementor-widget-container\">\n\t\t\t\t\t\t\t\t\t\t\t\t\t\t\t\t<a href=\"https:\/\/ecologic.mk\/\" target=\"_blank\" rel=\"noopener\">\n\t\t\t\t\t\t\t<img loading=\"lazy\" decoding=\"async\" width=\"843\" height=\"726\" src=\"https:\/\/innokids.eu\/wp-content\/uploads\/2024\/06\/ECO-LOGIC-LOGO-1024x882.png\" class=\"elementor-animation-grow attachment-large size-large wp-image-2418\" alt=\"\" srcset=\"https:\/\/innokids.eu\/wp-content\/uploads\/2024\/06\/ECO-LOGIC-LOGO-1024x882.png 1024w, https:\/\/innokids.eu\/wp-content\/uploads\/2024\/06\/ECO-LOGIC-LOGO-300x259.png 300w, https:\/\/innokids.eu\/wp-content\/uploads\/2024\/06\/ECO-LOGIC-LOGO-768x662.png 768w, https:\/\/innokids.eu\/wp-content\/uploads\/2024\/06\/ECO-LOGIC-LOGO-1536x1324.png 1536w, https:\/\/innokids.eu\/wp-content\/uploads\/2024\/06\/ECO-LOGIC-LOGO-2048x1765.png 2048w, https:\/\/innokids.eu\/wp-content\/uploads\/2024\/06\/ECO-LOGIC-LOGO-14x12.png 14w\" sizes=\"(max-width: 843px) 100vw, 843px\" \/>\t\t\t\t\t\t\t\t<\/a>\n\t\t\t\t\t\t\t\t\t\t\t\t\t\t\t<\/div>\n\t\t\t\t<\/div>\n\t\t\t\t<div class=\"elementor-element elementor-element-295c25f elementor-widget elementor-widget-text-editor\" data-id=\"295c25f\" data-element_type=\"widget\" data-e-type=\"widget\" data-widget_type=\"text-editor.default\">\n\t\t\t\t<div class=\"elementor-widget-container\">\n\t\t\t\t\t\t\t\t\t<p><span style=\"font-weight: 400;\">A ECO-LOGIC \u00e9 uma organiza\u00e7\u00e3o sem fins lucrativos que se dedica \u00e0 prote\u00e7\u00e3o e \u00e0 conserva\u00e7\u00e3o do ambiente, \u00e0 promo\u00e7\u00e3o de pr\u00e1ticas ecol\u00f3gicas modernas, bem como ao acompanhamento e \u00e0 promo\u00e7\u00e3o do princ\u00edpio do desenvolvimento sustent\u00e1vel, com \u00eanfase nos estabelecimentos de ensino b\u00e1sico (formal e n\u00e3o formal), os jardins de inf\u00e2ncia, as escolas prim\u00e1rias e secund\u00e1rias, bem como as universidades.<\/span><\/p><p><span style=\"font-weight: 400;\">A nossa organiza\u00e7\u00e3o incentiva e apoia mudan\u00e7as positivas no ambiente atrav\u00e9s das seguintes formas:<\/span><\/p><ul><li style=\"font-weight: 400;\" aria-level=\"1\"><span style=\"font-weight: 400;\">Promo\u00e7\u00e3o da ecologia como ci\u00eancia,\u00a0<\/span><\/li><li style=\"font-weight: 400;\" aria-level=\"1\"><span style=\"font-weight: 400;\">Prote\u00e7\u00e3o e conserva\u00e7\u00e3o da natureza e do ambiente,\u00a0<\/span><\/li><li style=\"font-weight: 400;\" aria-level=\"1\"><span style=\"font-weight: 400;\">Cria\u00e7\u00e3o de novos empregos \u00abverdes\u00bb com base no conceito de desenvolvimento sustent\u00e1vel.<\/span><\/li><li style=\"font-weight: 400;\" aria-level=\"1\"><span style=\"font-weight: 400;\">Organiza\u00e7\u00e3o de ODS, sustentabilidade, aconselhamento em mat\u00e9ria de sustentabilidade, ODS no empreendedorismo social, campos de f\u00e9rias educativos sobre ODS para jovens e atividades de projeto para funcion\u00e1rios e estudantes do ensino secund\u00e1rio).<\/span><\/li><li style=\"font-weight: 400;\" aria-level=\"1\"><span style=\"font-weight: 400;\">Desenvolvimento e introdu\u00e7\u00e3o de jogos de tabuleiro did\u00e1cticos,<\/span><\/li><li style=\"font-weight: 400;\" aria-level=\"1\"><span style=\"font-weight: 400;\">Desenvolvimento e teste de ferramentas para iniciar o debate entre jovens e adultos,\u00a0<\/span><\/li><li style=\"font-weight: 400;\" aria-level=\"1\"><span style=\"font-weight: 400;\">Realiza\u00e7\u00e3o de diversas campanhas, tais como campanhas ambientais, campanhas pelos direitos dos trabalhadores e muitas outras.<\/span><\/li><\/ul><p><span style=\"font-weight: 400;\">A ECO-LOGIC tem uma s\u00f3lida experi\u00eancia em trabalhos relacionados com crian\u00e7as, jovens e adultos, com \u00eanfase em atividades de educa\u00e7\u00e3o n\u00e3o formal sobre v\u00e1rios temas. A Eco Logic tem uma forte rede com 150 escolas prim\u00e1rias e 30 escolas secund\u00e1rias em toda a Maced\u00f3nia. Tamb\u00e9m colabora com a cidade de Skopje (Departamento de Educa\u00e7\u00e3o), com o Centro de Educa\u00e7\u00e3o de Adultos e com o Gabinete para o Desenvolvimento da Educa\u00e7\u00e3o.<\/span><\/p>\t\t\t\t\t\t\t\t<\/div>\n\t\t\t\t<\/div>\n\t\t\t\t\t<\/div>\n\t\t<\/div>\n\t\t\t\t\t<\/div>\n\t\t<\/section>\n\t\t\t\t<section class=\"has_eae_slider elementor-section elementor-top-section elementor-element elementor-element-792c09c elementor-section-full_width elementor-section-height-default elementor-section-height-default\" data-eae-slider=\"3048\" data-id=\"792c09c\" data-element_type=\"section\" data-e-type=\"section\" data-settings=\"{&quot;background_background&quot;:&quot;classic&quot;}\">\n\t\t\t\t\t\t<div class=\"elementor-container elementor-column-gap-default\">\n\t\t\t\t\t<div class=\"has_eae_slider elementor-column elementor-col-33 elementor-top-column elementor-element elementor-element-a1b90c0\" data-eae-slider=\"36748\" data-id=\"a1b90c0\" data-element_type=\"column\" data-e-type=\"column\">\n\t\t\t<div class=\"elementor-widget-wrap\">\n\t\t\t\t\t\t\t<\/div>\n\t\t<\/div>\n\t\t\t\t<div class=\"has_eae_slider elementor-column elementor-col-33 elementor-top-column elementor-element elementor-element-aea03c6\" data-eae-slider=\"74345\" data-id=\"aea03c6\" data-element_type=\"column\" data-e-type=\"column\" data-settings=\"{&quot;background_background&quot;:&quot;classic&quot;}\">\n\t\t\t<div class=\"elementor-widget-wrap elementor-element-populated\">\n\t\t\t\t\t\t<div class=\"elementor-element elementor-element-283c704 elementor-widget elementor-widget-image\" data-id=\"283c704\" data-element_type=\"widget\" data-e-type=\"widget\" data-widget_type=\"image.default\">\n\t\t\t\t<div class=\"elementor-widget-container\">\n\t\t\t\t\t\t\t\t\t\t\t\t\t\t\t\t<a href=\"https:\/\/www.facebook.com\/CFPCLifeSkillsForYou\/\" target=\"_blank\" rel=\"noopener\">\n\t\t\t\t\t\t\t<img loading=\"lazy\" decoding=\"async\" width=\"843\" height=\"636\" src=\"https:\/\/innokids.eu\/wp-content\/uploads\/2024\/06\/Logo_Pink-1024x772.png\" class=\"elementor-animation-grow attachment-large size-large wp-image-2419\" alt=\"\" srcset=\"https:\/\/innokids.eu\/wp-content\/uploads\/2024\/06\/Logo_Pink-1024x772.png 1024w, https:\/\/innokids.eu\/wp-content\/uploads\/2024\/06\/Logo_Pink-300x226.png 300w, https:\/\/innokids.eu\/wp-content\/uploads\/2024\/06\/Logo_Pink-768x579.png 768w, https:\/\/innokids.eu\/wp-content\/uploads\/2024\/06\/Logo_Pink-16x12.png 16w, https:\/\/innokids.eu\/wp-content\/uploads\/2024\/06\/Logo_Pink.png 1304w\" sizes=\"(max-width: 843px) 100vw, 843px\" \/>\t\t\t\t\t\t\t\t<\/a>\n\t\t\t\t\t\t\t\t\t\t\t\t\t\t\t<\/div>\n\t\t\t\t<\/div>\n\t\t\t\t<div class=\"elementor-element elementor-element-77440be elementor-widget elementor-widget-text-editor\" data-id=\"77440be\" data-element_type=\"widget\" data-e-type=\"widget\" data-widget_type=\"text-editor.default\">\n\t\t\t\t<div class=\"elementor-widget-container\">\n\t\t\t\t\t\t\t\t\t<p><span style=\"font-weight: 400;\">O CFPC - Centro de Forma\u00e7\u00e3o Profissional Cont\u00ednua \u00e9 uma ONG de vanguarda, profundamente compremetida com o desenvolvimento de adultos, jovens e educadores na Rom\u00e9nia e em toda a UE. Com uma vasta presen\u00e7a desde o Sul da Muntenia at\u00e9 ao Noroeste, o CFPC concentra-se em comunidades carenciadas, empregando uma equipa dedicada de especialistas e volunt\u00e1rios apaixonados.\u00a0<\/span><\/p><p><span style=\"font-weight: 400;\">A miss\u00e3o da organiza\u00e7\u00e3o integra perfeitamente as necessidades dos educadores, adultos e jovens com os objetivos de desenvolvimento sustent\u00e1vel, proporcionando compet\u00eancias profissionais e de vida essenciais, metodologias de integra\u00e7\u00e3o social e forma\u00e7\u00e3o profissional preparada para o futuro. As abordagens educativas \u00fanicas incluem o pensamento computacional, metodologias baseadas em LEGO e iniciativas que abordam a educa\u00e7\u00e3o dos migrantes, todas elas mapeadas para os Objetivos de Desenvolvimento Sustent\u00e1vel (ODS).\u00a0<\/span><\/p><p><span style=\"font-weight: 400;\">O CFPC possui diversos programas, tais como bootcamps de codifica\u00e7\u00e3o, sess\u00f5es de literacia financeira e gest\u00e3o ambiental, enfatizando o desenvolvimento hol\u00edstico. Com mais de 14 anos de experi\u00eancia em lideran\u00e7a educacional, literacia digital e desenvolvimento sustent\u00e1vel, a equipa e os volunt\u00e1rios do CFPC contribuem para a forma\u00e7\u00e3o profissional em alinhamento com os ODS, ao mesmo tempo que abordam a educa\u00e7\u00e3o dos migrantes e o desenvolvimento profissional cont\u00ednuo dos educadores. Com uma posi\u00e7\u00e3o \u00fanica, o CFPC est\u00e1 preparado para contribuir de forma significativa para projetos de desenvolvimento sustent\u00e1vel.<\/span><\/p>\t\t\t\t\t\t\t\t<\/div>\n\t\t\t\t<\/div>\n\t\t\t\t\t<\/div>\n\t\t<\/div>\n\t\t\t\t<div class=\"has_eae_slider elementor-column elementor-col-33 elementor-top-column elementor-element elementor-element-71608d0\" data-eae-slider=\"91348\" data-id=\"71608d0\" data-element_type=\"column\" data-e-type=\"column\">\n\t\t\t<div class=\"elementor-widget-wrap\">\n\t\t\t\t\t\t\t<\/div>\n\t\t<\/div>\n\t\t\t\t\t<\/div>\n\t\t<\/section>\n\t\t\t\t<\/div>","protected":false},"excerpt":{"rendered":"<p>A Partners Strom \u017eivota \u00e9 uma organiza\u00e7\u00e3o sem fins lucrativos, registada como uma organiza\u00e7\u00e3o c\u00edvica e com mais de 40 anos de experi\u00eancia em...<\/p>","protected":false},"author":1,"featured_media":0,"parent":0,"menu_order":0,"comment_status":"closed","ping_status":"closed","template":"","meta":{"iawp_total_views":158,"footnotes":""},"class_list":["post-1536","page","type-page","status-publish","hentry"],"_links":{"self":[{"href":"https:\/\/innokids.eu\/pt\/wp-json\/wp\/v2\/pages\/1536","targetHints":{"allow":["GET"]}}],"collection":[{"href":"https:\/\/innokids.eu\/pt\/wp-json\/wp\/v2\/pages"}],"about":[{"href":"https:\/\/innokids.eu\/pt\/wp-json\/wp\/v2\/types\/page"}],"author":[{"embeddable":true,"href":"https:\/\/innokids.eu\/pt\/wp-json\/wp\/v2\/users\/1"}],"replies":[{"embeddable":true,"href":"https:\/\/innokids.eu\/pt\/wp-json\/wp\/v2\/comments?post=1536"}],"version-history":[{"count":73,"href":"https:\/\/innokids.eu\/pt\/wp-json\/wp\/v2\/pages\/1536\/revisions"}],"predecessor-version":[{"id":3141,"href":"https:\/\/innokids.eu\/pt\/wp-json\/wp\/v2\/pages\/1536\/revisions\/3141"}],"wp:attachment":[{"href":"https:\/\/innokids.eu\/pt\/wp-json\/wp\/v2\/media?parent=1536"}],"curies":[{"name":"wp","href":"https:\/\/api.w.org\/{rel}","templated":true}]}}