{"id":1532,"date":"2023-01-25T11:59:16","date_gmt":"2023-01-25T11:59:16","guid":{"rendered":"https:\/\/29e4aaa2-b025-48da-b57e-79ef59e549ee.eu02.conves.io\/?page_id=1532"},"modified":"2024-11-20T08:46:32","modified_gmt":"2024-11-20T08:46:32","slug":"objectives","status":"publish","type":"page","link":"https:\/\/innokids.eu\/pt\/objectives\/","title":{"rendered":"Objectivos"},"content":{"rendered":"<div data-elementor-type=\"wp-page\" data-elementor-id=\"1532\" class=\"elementor elementor-1532\">\n\t\t\t\t<div class=\"has_eae_slider elementor-element elementor-element-c30c74a e-con-full e-flex e-con e-parent\" data-eae-slider=\"66818\" data-id=\"c30c74a\" data-element_type=\"container\" data-e-type=\"container\">\n\t\t<div class=\"has_eae_slider elementor-element elementor-element-b347642 e-con-full e-flex e-con e-child\" data-eae-slider=\"36869\" data-id=\"b347642\" data-element_type=\"container\" data-e-type=\"container\">\n\t\t\t\t<div class=\"elementor-element elementor-element-7792d20 elementor-widget elementor-widget-image\" data-id=\"7792d20\" data-element_type=\"widget\" data-e-type=\"widget\" data-widget_type=\"image.default\">\n\t\t\t\t<div class=\"elementor-widget-container\">\n\t\t\t\t\t\t\t\t\t\t\t\t\t\t\t<img fetchpriority=\"high\" decoding=\"async\" width=\"300\" height=\"217\" src=\"https:\/\/innokids.eu\/wp-content\/uploads\/2024\/11\/extra_rubikova_kocka-300x217.png\" class=\"attachment-medium size-medium wp-image-3085\" alt=\"\" srcset=\"https:\/\/innokids.eu\/wp-content\/uploads\/2024\/11\/extra_rubikova_kocka-300x217.png 300w, https:\/\/innokids.eu\/wp-content\/uploads\/2024\/11\/extra_rubikova_kocka-18x12.png 18w, https:\/\/innokids.eu\/wp-content\/uploads\/2024\/11\/extra_rubikova_kocka.png 533w\" sizes=\"(max-width: 300px) 100vw, 300px\" \/>\t\t\t\t\t\t\t\t\t\t\t\t\t\t\t<\/div>\n\t\t\t\t<\/div>\n\t\t\t\t<\/div>\n\t\t<div class=\"has_eae_slider elementor-element elementor-element-e048d84 e-con-full e-flex e-con e-child\" data-eae-slider=\"76038\" data-id=\"e048d84\" data-element_type=\"container\" data-e-type=\"container\">\n\t\t\t\t<\/div>\n\t\t\t\t<\/div>\n\t\t<div class=\"has_eae_slider elementor-element elementor-element-77ab67e e-flex e-con-boxed e-con e-parent\" data-eae-slider=\"18516\" data-id=\"77ab67e\" data-element_type=\"container\" data-e-type=\"container\" data-settings=\"{&quot;background_background&quot;:&quot;classic&quot;}\">\n\t\t\t\t\t<div class=\"e-con-inner\">\n\t\t\t\t<div class=\"elementor-element elementor-element-31b97bd elementor-widget elementor-widget-heading\" data-id=\"31b97bd\" data-element_type=\"widget\" data-e-type=\"widget\" data-widget_type=\"heading.default\">\n\t\t\t\t<div class=\"elementor-widget-container\">\n\t\t\t\t\t<h2 class=\"elementor-heading-title elementor-size-default\">Os nossos objectivos<\/h2>\t\t\t\t<\/div>\n\t\t\t\t<\/div>\n\t\t\t\t\t<\/div>\n\t\t\t\t<\/div>\n\t\t\t\t<section class=\"has_eae_slider elementor-section elementor-top-section elementor-element elementor-element-be8b287 elementor-section-boxed elementor-section-height-default elementor-section-height-default\" data-eae-slider=\"14849\" data-id=\"be8b287\" data-element_type=\"section\" data-e-type=\"section\" data-settings=\"{&quot;background_background&quot;:&quot;classic&quot;}\">\n\t\t\t\t\t\t<div class=\"elementor-container elementor-column-gap-no\">\n\t\t\t\t\t<div class=\"has_eae_slider elementor-column elementor-col-100 elementor-top-column elementor-element elementor-element-ee21998\" data-eae-slider=\"28789\" data-id=\"ee21998\" data-element_type=\"column\" data-e-type=\"column\">\n\t\t\t<div class=\"elementor-widget-wrap elementor-element-populated\">\n\t\t\t\t<div class=\"has_eae_slider elementor-element elementor-element-f72ea43 e-flex e-con-boxed e-con e-parent\" data-eae-slider=\"39409\" data-id=\"f72ea43\" data-element_type=\"container\" data-e-type=\"container\">\n\t\t\t\t\t<div class=\"e-con-inner\">\n\t\t<div class=\"has_eae_slider elementor-element elementor-element-1f87e3b e-con-full e-flex e-con e-child\" data-eae-slider=\"46310\" data-id=\"1f87e3b\" data-element_type=\"container\" data-e-type=\"container\">\n\t\t\t\t<div class=\"elementor-element elementor-element-6c1528c elementor-widget elementor-widget-image\" data-id=\"6c1528c\" data-element_type=\"widget\" data-e-type=\"widget\" data-widget_type=\"image.default\">\n\t\t\t\t<div class=\"elementor-widget-container\">\n\t\t\t\t\t\t\t\t\t\t\t\t\t\t\t<img decoding=\"async\" width=\"800\" height=\"800\" src=\"https:\/\/innokids.eu\/wp-content\/uploads\/2024\/11\/05-Objectives_Lego_kocka_zvlast.png\" class=\"attachment-large size-large wp-image-3096\" alt=\"\" srcset=\"https:\/\/innokids.eu\/wp-content\/uploads\/2024\/11\/05-Objectives_Lego_kocka_zvlast.png 800w, https:\/\/innokids.eu\/wp-content\/uploads\/2024\/11\/05-Objectives_Lego_kocka_zvlast-300x300.png 300w, https:\/\/innokids.eu\/wp-content\/uploads\/2024\/11\/05-Objectives_Lego_kocka_zvlast-150x150.png 150w, https:\/\/innokids.eu\/wp-content\/uploads\/2024\/11\/05-Objectives_Lego_kocka_zvlast-768x768.png 768w, https:\/\/innokids.eu\/wp-content\/uploads\/2024\/11\/05-Objectives_Lego_kocka_zvlast-12x12.png 12w\" sizes=\"(max-width: 800px) 100vw, 800px\" \/>\t\t\t\t\t\t\t\t\t\t\t\t\t\t\t<\/div>\n\t\t\t\t<\/div>\n\t\t\t\t<\/div>\n\t\t<div class=\"has_eae_slider elementor-element elementor-element-76834ca e-con-full e-flex e-con e-child\" data-eae-slider=\"46964\" data-id=\"76834ca\" data-element_type=\"container\" data-e-type=\"container\">\n\t\t\t\t<div class=\"elementor-element elementor-element-92ef6f4 elementor-widget elementor-widget-text-editor\" data-id=\"92ef6f4\" data-element_type=\"widget\" data-e-type=\"widget\" data-widget_type=\"text-editor.default\">\n\t\t\t\t<div class=\"elementor-widget-container\">\n\t\t\t\t\t\t\t\t\t<p><strong>Promover o ensino do design urbano sustent\u00e1vel<\/strong>: Desenvolver e integrar m\u00f3dulos educativos sobre o design urbano sustent\u00e1vel nos curr\u00edculos escolares.<\/p>\t\t\t\t\t\t\t\t<\/div>\n\t\t\t\t<\/div>\n\t\t\t\t<\/div>\n\t\t\t\t\t<\/div>\n\t\t\t\t<\/div>\n\t\t<div class=\"has_eae_slider elementor-element elementor-element-00b9397 e-flex e-con-boxed e-con e-parent\" data-eae-slider=\"5046\" data-id=\"00b9397\" data-element_type=\"container\" data-e-type=\"container\">\n\t\t\t\t\t<div class=\"e-con-inner\">\n\t\t<div class=\"has_eae_slider elementor-element elementor-element-d38f2a4 e-con-full e-flex e-con e-child\" data-eae-slider=\"17706\" data-id=\"d38f2a4\" data-element_type=\"container\" data-e-type=\"container\">\n\t\t\t\t<div class=\"elementor-element elementor-element-c613aa2 elementor-widget elementor-widget-image\" data-id=\"c613aa2\" data-element_type=\"widget\" data-e-type=\"widget\" data-widget_type=\"image.default\">\n\t\t\t\t<div class=\"elementor-widget-container\">\n\t\t\t\t\t\t\t\t\t\t\t\t\t\t\t<img decoding=\"async\" width=\"800\" height=\"800\" src=\"https:\/\/innokids.eu\/wp-content\/uploads\/2024\/11\/05-Objectives_Lego_kocka_zlty_recolor.png\" class=\"attachment-large size-large wp-image-3095\" alt=\"\" srcset=\"https:\/\/innokids.eu\/wp-content\/uploads\/2024\/11\/05-Objectives_Lego_kocka_zlty_recolor.png 800w, https:\/\/innokids.eu\/wp-content\/uploads\/2024\/11\/05-Objectives_Lego_kocka_zlty_recolor-300x300.png 300w, https:\/\/innokids.eu\/wp-content\/uploads\/2024\/11\/05-Objectives_Lego_kocka_zlty_recolor-150x150.png 150w, https:\/\/innokids.eu\/wp-content\/uploads\/2024\/11\/05-Objectives_Lego_kocka_zlty_recolor-768x768.png 768w, https:\/\/innokids.eu\/wp-content\/uploads\/2024\/11\/05-Objectives_Lego_kocka_zlty_recolor-12x12.png 12w\" sizes=\"(max-width: 800px) 100vw, 800px\" \/>\t\t\t\t\t\t\t\t\t\t\t\t\t\t\t<\/div>\n\t\t\t\t<\/div>\n\t\t\t\t<\/div>\n\t\t<div class=\"has_eae_slider elementor-element elementor-element-697d6cf e-con-full e-flex e-con e-child\" data-eae-slider=\"33535\" data-id=\"697d6cf\" data-element_type=\"container\" data-e-type=\"container\">\n\t\t\t\t<div class=\"elementor-element elementor-element-6696d59 elementor-widget elementor-widget-text-editor\" data-id=\"6696d59\" data-element_type=\"widget\" data-e-type=\"widget\" data-widget_type=\"text-editor.default\">\n\t\t\t\t<div class=\"elementor-widget-container\">\n\t\t\t\t\t\t\t\t\t<p><strong>Melhorar as compet\u00eancias dos professores<\/strong>: Fornecer aos educadores as ferramentas e os conhecimentos necess\u00e1rios para ensinar eficazmente os conceitos de desenvolvimento sustent\u00e1vel.<\/p>\t\t\t\t\t\t\t\t<\/div>\n\t\t\t\t<\/div>\n\t\t\t\t<\/div>\n\t\t\t\t\t<\/div>\n\t\t\t\t<\/div>\n\t\t<div class=\"has_eae_slider elementor-element elementor-element-a866bc0 e-flex e-con-boxed e-con e-parent\" data-eae-slider=\"76097\" data-id=\"a866bc0\" data-element_type=\"container\" data-e-type=\"container\">\n\t\t\t\t\t<div class=\"e-con-inner\">\n\t\t<div class=\"has_eae_slider elementor-element elementor-element-0ae2d90 e-con-full e-flex e-con e-child\" data-eae-slider=\"54668\" data-id=\"0ae2d90\" data-element_type=\"container\" data-e-type=\"container\">\n\t\t\t\t<div class=\"elementor-element elementor-element-462d8bc elementor-widget elementor-widget-image\" data-id=\"462d8bc\" data-element_type=\"widget\" data-e-type=\"widget\" data-widget_type=\"image.default\">\n\t\t\t\t<div class=\"elementor-widget-container\">\n\t\t\t\t\t\t\t\t\t\t\t\t\t\t\t<img loading=\"lazy\" decoding=\"async\" width=\"800\" height=\"800\" src=\"https:\/\/innokids.eu\/wp-content\/uploads\/2024\/11\/05-Objectives_Lego_kocka_ruzovy_recolor.png\" class=\"attachment-large size-large wp-image-3094\" alt=\"\" srcset=\"https:\/\/innokids.eu\/wp-content\/uploads\/2024\/11\/05-Objectives_Lego_kocka_ruzovy_recolor.png 800w, https:\/\/innokids.eu\/wp-content\/uploads\/2024\/11\/05-Objectives_Lego_kocka_ruzovy_recolor-300x300.png 300w, https:\/\/innokids.eu\/wp-content\/uploads\/2024\/11\/05-Objectives_Lego_kocka_ruzovy_recolor-150x150.png 150w, https:\/\/innokids.eu\/wp-content\/uploads\/2024\/11\/05-Objectives_Lego_kocka_ruzovy_recolor-768x768.png 768w, https:\/\/innokids.eu\/wp-content\/uploads\/2024\/11\/05-Objectives_Lego_kocka_ruzovy_recolor-12x12.png 12w\" sizes=\"(max-width: 800px) 100vw, 800px\" \/>\t\t\t\t\t\t\t\t\t\t\t\t\t\t\t<\/div>\n\t\t\t\t<\/div>\n\t\t\t\t<\/div>\n\t\t<div class=\"has_eae_slider elementor-element elementor-element-6191a25 e-con-full e-flex e-con e-child\" data-eae-slider=\"6140\" data-id=\"6191a25\" data-element_type=\"container\" data-e-type=\"container\">\n\t\t\t\t<div class=\"elementor-element elementor-element-2c06721 elementor-widget elementor-widget-text-editor\" data-id=\"2c06721\" data-element_type=\"widget\" data-e-type=\"widget\" data-widget_type=\"text-editor.default\">\n\t\t\t\t<div class=\"elementor-widget-container\">\n\t\t\t\t\t\t\t\t\t<p><strong>Promover a colabora\u00e7\u00e3o internacional<\/strong>:  Construir uma rede de institui\u00e7\u00f5es educativas europeias para partilhar as melhores pr\u00e1ticas e recursos para a educa\u00e7\u00e3o ambiental.<\/p>\t\t\t\t\t\t\t\t<\/div>\n\t\t\t\t<\/div>\n\t\t\t\t<\/div>\n\t\t\t\t\t<\/div>\n\t\t\t\t<\/div>\n\t\t<div class=\"has_eae_slider elementor-element elementor-element-e417557 e-flex e-con-boxed e-con e-parent\" data-eae-slider=\"93154\" data-id=\"e417557\" data-element_type=\"container\" data-e-type=\"container\">\n\t\t\t\t\t<div class=\"e-con-inner\">\n\t\t<div class=\"has_eae_slider elementor-element elementor-element-09ed6c7 e-con-full e-flex e-con e-child\" data-eae-slider=\"81246\" data-id=\"09ed6c7\" data-element_type=\"container\" data-e-type=\"container\">\n\t\t\t\t<div class=\"elementor-element elementor-element-7a618d2 elementor-widget elementor-widget-image\" data-id=\"7a618d2\" data-element_type=\"widget\" data-e-type=\"widget\" data-widget_type=\"image.default\">\n\t\t\t\t<div class=\"elementor-widget-container\">\n\t\t\t\t\t\t\t\t\t\t\t\t\t\t\t<img decoding=\"async\" width=\"800\" height=\"800\" src=\"https:\/\/innokids.eu\/wp-content\/uploads\/2024\/11\/05-Objectives_Lego_kocka_zvlast.png\" class=\"attachment-large size-large wp-image-3096\" alt=\"\" srcset=\"https:\/\/innokids.eu\/wp-content\/uploads\/2024\/11\/05-Objectives_Lego_kocka_zvlast.png 800w, https:\/\/innokids.eu\/wp-content\/uploads\/2024\/11\/05-Objectives_Lego_kocka_zvlast-300x300.png 300w, https:\/\/innokids.eu\/wp-content\/uploads\/2024\/11\/05-Objectives_Lego_kocka_zvlast-150x150.png 150w, https:\/\/innokids.eu\/wp-content\/uploads\/2024\/11\/05-Objectives_Lego_kocka_zvlast-768x768.png 768w, https:\/\/innokids.eu\/wp-content\/uploads\/2024\/11\/05-Objectives_Lego_kocka_zvlast-12x12.png 12w\" sizes=\"(max-width: 800px) 100vw, 800px\" \/>\t\t\t\t\t\t\t\t\t\t\t\t\t\t\t<\/div>\n\t\t\t\t<\/div>\n\t\t\t\t<\/div>\n\t\t<div class=\"has_eae_slider elementor-element elementor-element-9fd9f9d e-con-full e-flex e-con e-child\" data-eae-slider=\"51586\" data-id=\"9fd9f9d\" data-element_type=\"container\" data-e-type=\"container\">\n\t\t\t\t<div class=\"elementor-element elementor-element-302e19a elementor-widget elementor-widget-text-editor\" data-id=\"302e19a\" data-element_type=\"widget\" data-e-type=\"widget\" data-widget_type=\"text-editor.default\">\n\t\t\t\t<div class=\"elementor-widget-container\">\n\t\t\t\t\t\t\t\t\t<p><strong>Criar materiais de aprendizagem envolventes<\/strong>: Desenvolver uma plataforma web abrangente, v\u00eddeos educativos e workshops interativos para tornar a aprendizagem da sustentabilidade cativante e acess\u00edvel.<\/p>\t\t\t\t\t\t\t\t<\/div>\n\t\t\t\t<\/div>\n\t\t\t\t<\/div>\n\t\t\t\t\t<\/div>\n\t\t\t\t<\/div>\n\t\t<div class=\"has_eae_slider elementor-element elementor-element-3b8d9cf e-flex e-con-boxed e-con e-parent\" data-eae-slider=\"49404\" data-id=\"3b8d9cf\" data-element_type=\"container\" data-e-type=\"container\">\n\t\t\t\t\t<div class=\"e-con-inner\">\n\t\t<div class=\"has_eae_slider elementor-element elementor-element-2fe0362 e-con-full e-flex e-con e-child\" data-eae-slider=\"52510\" data-id=\"2fe0362\" data-element_type=\"container\" data-e-type=\"container\">\n\t\t\t\t<div class=\"elementor-element elementor-element-650256e elementor-widget elementor-widget-image\" data-id=\"650256e\" data-element_type=\"widget\" data-e-type=\"widget\" data-widget_type=\"image.default\">\n\t\t\t\t<div class=\"elementor-widget-container\">\n\t\t\t\t\t\t\t\t\t\t\t\t\t\t\t<img decoding=\"async\" width=\"800\" height=\"800\" src=\"https:\/\/innokids.eu\/wp-content\/uploads\/2024\/11\/05-Objectives_Lego_kocka_zlty_recolor.png\" class=\"attachment-large size-large wp-image-3095\" alt=\"\" srcset=\"https:\/\/innokids.eu\/wp-content\/uploads\/2024\/11\/05-Objectives_Lego_kocka_zlty_recolor.png 800w, https:\/\/innokids.eu\/wp-content\/uploads\/2024\/11\/05-Objectives_Lego_kocka_zlty_recolor-300x300.png 300w, https:\/\/innokids.eu\/wp-content\/uploads\/2024\/11\/05-Objectives_Lego_kocka_zlty_recolor-150x150.png 150w, https:\/\/innokids.eu\/wp-content\/uploads\/2024\/11\/05-Objectives_Lego_kocka_zlty_recolor-768x768.png 768w, https:\/\/innokids.eu\/wp-content\/uploads\/2024\/11\/05-Objectives_Lego_kocka_zlty_recolor-12x12.png 12w\" sizes=\"(max-width: 800px) 100vw, 800px\" \/>\t\t\t\t\t\t\t\t\t\t\t\t\t\t\t<\/div>\n\t\t\t\t<\/div>\n\t\t\t\t<\/div>\n\t\t<div class=\"has_eae_slider elementor-element elementor-element-d783ed3 e-con-full e-flex e-con e-child\" data-eae-slider=\"56817\" data-id=\"d783ed3\" data-element_type=\"container\" data-e-type=\"container\">\n\t\t\t\t<div class=\"elementor-element elementor-element-decd2ad elementor-widget elementor-widget-text-editor\" data-id=\"decd2ad\" data-element_type=\"widget\" data-e-type=\"widget\" data-widget_type=\"text-editor.default\">\n\t\t\t\t<div class=\"elementor-widget-container\">\n\t\t\t\t\t\t\t\t\t<p><strong>Envolvimento e impacto na comunidade<\/strong>: Organizar feiras ecol\u00f3gicas e eventos comunit\u00e1rios para sensibilizar sobre as pr\u00e1ticas sustent\u00e1veis e envolver ativamente as comunidades locais nas nossas iniciativas.<\/p>\t\t\t\t\t\t\t\t<\/div>\n\t\t\t\t<\/div>\n\t\t\t\t<\/div>\n\t\t\t\t\t<\/div>\n\t\t\t\t<\/div>\n\t\t<div class=\"has_eae_slider elementor-element elementor-element-fe7b9d9 e-flex e-con-boxed e-con e-parent\" data-eae-slider=\"94995\" data-id=\"fe7b9d9\" data-element_type=\"container\" data-e-type=\"container\">\n\t\t\t\t\t<div class=\"e-con-inner\">\n\t\t<div class=\"has_eae_slider elementor-element elementor-element-0eee597 e-con-full e-flex e-con e-child\" data-eae-slider=\"23959\" data-id=\"0eee597\" data-element_type=\"container\" data-e-type=\"container\">\n\t\t\t\t<div class=\"elementor-element elementor-element-3a90937 elementor-widget elementor-widget-text-editor\" data-id=\"3a90937\" data-element_type=\"widget\" data-e-type=\"widget\" data-widget_type=\"text-editor.default\">\n\t\t\t\t<div class=\"elementor-widget-container\">\n\t\t\t\t\t\t\t\t\t<p>Junte-se a n\u00f3s na constru\u00e7\u00e3o de um futuro mais verde e mais sustent\u00e1vel atrav\u00e9s da educa\u00e7\u00e3o!<\/p>\t\t\t\t\t\t\t\t<\/div>\n\t\t\t\t<\/div>\n\t\t\t\t<\/div>\n\t\t\t\t\t<\/div>\n\t\t\t\t<\/div>\n\t\t\t\t\t<\/div>\n\t\t<\/div>\n\t\t\t\t\t<\/div>\n\t\t<\/section>\n\t\t<div class=\"has_eae_slider elementor-element elementor-element-0bfacaa e-flex e-con-boxed e-con e-parent\" data-eae-slider=\"37473\" data-id=\"0bfacaa\" data-element_type=\"container\" data-e-type=\"container\">\n\t\t\t\t\t<div class=\"e-con-inner\">\n\t\t\t\t\t<\/div>\n\t\t\t\t<\/div>\n\t\t\t\t<\/div>","protected":false},"excerpt":{"rendered":"<p>Os nossos objectivos Promover a educa\u00e7\u00e3o para a conce\u00e7\u00e3o urbana sustent\u00e1vel: Desenvolver e integrar m\u00f3dulos educativos sobre design urbano sustent\u00e1vel nos curr\u00edculos escolares. Melhorar...<\/p>","protected":false},"author":1,"featured_media":0,"parent":0,"menu_order":0,"comment_status":"closed","ping_status":"closed","template":"","meta":{"iawp_total_views":278,"footnotes":""},"class_list":["post-1532","page","type-page","status-publish","hentry"],"_links":{"self":[{"href":"https:\/\/innokids.eu\/pt\/wp-json\/wp\/v2\/pages\/1532","targetHints":{"allow":["GET"]}}],"collection":[{"href":"https:\/\/innokids.eu\/pt\/wp-json\/wp\/v2\/pages"}],"about":[{"href":"https:\/\/innokids.eu\/pt\/wp-json\/wp\/v2\/types\/page"}],"author":[{"embeddable":true,"href":"https:\/\/innokids.eu\/pt\/wp-json\/wp\/v2\/users\/1"}],"replies":[{"embeddable":true,"href":"https:\/\/innokids.eu\/pt\/wp-json\/wp\/v2\/comments?post=1532"}],"version-history":[{"count":59,"href":"https:\/\/innokids.eu\/pt\/wp-json\/wp\/v2\/pages\/1532\/revisions"}],"predecessor-version":[{"id":3104,"href":"https:\/\/innokids.eu\/pt\/wp-json\/wp\/v2\/pages\/1532\/revisions\/3104"}],"wp:attachment":[{"href":"https:\/\/innokids.eu\/pt\/wp-json\/wp\/v2\/media?parent=1532"}],"curies":[{"name":"wp","href":"https:\/\/api.w.org\/{rel}","templated":true}]}}